{"id":120,"date":"2019-03-19T20:38:08","date_gmt":"2019-03-19T19:38:08","guid":{"rendered":"https:\/\/firmalan.com\/no\/?page_id=120"},"modified":"2019-03-19T20:38:08","modified_gmt":"2019-03-19T19:38:08","slug":"003-danske-bank","status":"publish","type":"page","link":"https:\/\/firmalan.com\/no\/003-danske-bank\/","title":{"rendered":"Danske Bank"},"content":{"rendered":"<p>Danske Bank i Norge var tidligere Fokus Bank som hadde sitt hovedkontor i Trondheim. Dette er en bank som har en historie som strekker seg helt tilbake til 1859. F\u00f8r Fokus Bank ble kj\u00f8pt opp av Danske Bank i 1999, s\u00e5 hadde banken omtrent 1000 ansatte fordelt p\u00e5 ca 40 kontorer. I 1991 ble denne banken som en av tre forretningsbanker tatt over av Staten p\u00e5 grunn av bankkrisen som oppstod denne gangen p\u00e5 grunn av krise p\u00e5 boligmarkedet. I 1995 ble banken igjen privatisert, og i 1999 ble banken som nevnt kj\u00f8pt opp p\u00e5 grunn av stor internasjonal konkurranse. De tre st\u00f8rste forretningsbankene i Norge i dag, som ogs\u00e5 var de samme bankene som i 1991 ble overtatt av Staten, har eierskap i Danmark, Sverige og Norge. I dag har denne banken ekstremt god kredittrating og er et sikkert valg for b\u00e5de private kunder og bedriftskunder som trenger finansiering eller har behov for andre typer banktjenester.<\/p>\n<h3>Tjenester for bedrifter hos Danske Bank<\/h3>\n<p>Danske Bank tilbyr nedbetalingsl\u00e5n for bedrifter. Som andre banker som tilbyr finansiering til bedrifter, s\u00e5 krever denne banken sikkerhet for \u00e5 tilby finansiering. Denne sikkerheten kan v\u00e6re i form av sikkerhet i varelager, i eiendeler eller i eiendom. N\u00e5r man skal benytte seg av l\u00e5n med sikkerhet krever dette en noe mer omfattende prosess enn om man benytter seg av tilbyder av l\u00e5n uten sikkerhet. Benytter man l\u00e5n uten sikkerhet, s\u00e5 kan det v\u00e6re nok kun \u00e5 s\u00f8ke om l\u00e5n, mens hvis man skal stille sikkerhet for et bedriftsl\u00e5n, s\u00e5 m\u00e5 man f\u00e5 ekstern bekreftelse p\u00e5 at man har de eiendelene man p\u00e5st\u00e5r. For eksempel kan det bety at man trenger en revisor til \u00e5 bekrefte verdien til varelageret. Til motsetning av de andre forretningsbankene, tilbyr Danske Bank kun en type l\u00e5n som kalles bedriftsl\u00e5n som markedsf\u00f8res p\u00e5 nettsidene<\/p>\n<p><strong>Danske Bank tilbyr f\u00f8lgende ulike former for finansiering til bedrifter<\/strong>:<\/p>\n<ul>\n<li>Bedriftsl\u00e5n med 3-10 \u00e5rs nedbetaling.<\/li>\n<li>Kredittkortene; Mastercard Corporate Classic,Gold og Platinum.<\/li>\n<li>Leasing.<\/li>\n<li>En Kassekreditt (kredittramme) kan knyttes opp til en bedriftskonto.<\/li>\n<\/ul>\n","protected":false},"excerpt":{"rendered":"<p>Danske Bank i Norge var tidligere Fokus Bank som hadde sitt hovedkontor i Trondheim. Dette er en bank som har en historie som strekker seg helt tilbake til 1859. F\u00f8r &#8230;<\/p>\n","protected":false},"author":1,"featured_media":0,"parent":0,"menu_order":0,"comment_status":"closed","ping_status":"closed","template":"","meta":{"footnotes":""},"class_list":["post-120","page","type-page","status-publish","hentry"],"_links":{"self":[{"href":"https:\/\/firmalan.com\/no\/wp-json\/wp\/v2\/pages\/120","targetHints":{"allow":["GET"]}}],"collection":[{"href":"https:\/\/firmalan.com\/no\/wp-json\/wp\/v2\/pages"}],"about":[{"href":"https:\/\/firmalan.com\/no\/wp-json\/wp\/v2\/types\/page"}],"author":[{"embeddable":true,"href":"https:\/\/firmalan.com\/no\/wp-json\/wp\/v2\/users\/1"}],"replies":[{"embeddable":true,"href":"https:\/\/firmalan.com\/no\/wp-json\/wp\/v2\/comments?post=120"}],"version-history":[{"count":1,"href":"https:\/\/firmalan.com\/no\/wp-json\/wp\/v2\/pages\/120\/revisions"}],"predecessor-version":[{"id":121,"href":"https:\/\/firmalan.com\/no\/wp-json\/wp\/v2\/pages\/120\/revisions\/121"}],"wp:attachment":[{"href":"https:\/\/firmalan.com\/no\/wp-json\/wp\/v2\/media?parent=120"}],"curies":[{"name":"wp","href":"https:\/\/api.w.org\/{rel}","templated":true}]}}