{"id":112,"date":"2019-03-14T15:10:31","date_gmt":"2019-03-14T14:10:31","guid":{"rendered":"https:\/\/firmalan.com\/no\/?page_id=112"},"modified":"2020-11-28T17:41:29","modified_gmt":"2020-11-28T16:41:29","slug":"sma-bedrifter","status":"publish","type":"page","link":"https:\/\/firmalan.com\/no\/sma-bedrifter\/","title":{"rendered":"L\u00e5n til sm\u00e5 nyetablerte bedrifter"},"content":{"rendered":"<p>Det finnes flere muligheter n\u00e5r man \u00f8nsker \u00e5 finansiere oppstart av en ny bedrift. Man kan benytte seg av forskjellige st\u00f8tteordninger, enten privat, kommunalt eller statlig, men i tillegg til private investorer eller \u00f8konomisk st\u00f8tte, s\u00e5 kan man ogs\u00e5 benytte seg av forbruksl\u00e5n for \u00e5 starte opp en bedrift. For at dette skal v\u00e6re l\u00f8nnsomt, s\u00e5 er det lurt \u00e5 finne s\u00e5 bra betingelser som mulig. N\u00e5r man skal finne beste muligheter for l\u00e5nemuligheter kan man benytte seg av flere alternativer:<\/p>\n<ol>\n<li><em>Bedriftsl\u00e5n<\/em> &#8211; hvor entrepren\u00f8ren skal stille personlig garanti for gjelden.<\/li>\n<li><em>Innovasjon Norge<\/em> kan gi etablerertilskudd til unike forretningsid\u00e9er. Noen selskaper kan ogs\u00e5 tilbys innovasjonsl\u00e5n eller oppstartl\u00e5n.<\/li>\n<li><em>NAV-s\u00f8tte<\/em> &#8211; behold din dagpenger fra NAV ved arbeidsledighet i inntil seks m\u00e5neder mens de etablerer virksomheten.<\/li>\n<li><em>Legater og stipend<\/em>.<\/li>\n<li><em>Norges forskningsr\u00e5d st\u00f8tteordninger for bedrifter<\/em> som bruker forskning og utvikling (FoU) eller planlegger \u00e5 kommersialisere nye produkter og l\u00f8sninger.<\/li>\n<li><em>Ventureselskap investerer<\/em> (venture capital) i start-ups\/bedrifter som er i etableringsfasen<\/li>\n<li><em>Business Angels<\/em> private investorer som tilbyr risikokapital til sm\u00e5 bedrifter<\/li>\n<li><a href=\"https:\/\/firmalan.com\/no\/folkefinansiering\/\"><em>Crowdfunding<\/em><\/a> &#8211; sammfinansiering gjennom l\u00e5n (crowdlending) eller folkefinansiering i retur for bel\u00f8nning\/fortrinnsrett.<\/li>\n<li><em>Investere egenkapital<\/em> &#8211; Kanskje du har besparelser som kan brukes i oppstartsfasen?\u00a0 Mange velger \u00e5 <a href=\"https:\/\/firmalan.com\/no\/2019\/10\/11\/derfor-er-lan-fra-familie-og-venner-ikke-en-god-ide\/\">l\u00e5ne penger fra venner og familie<\/a>, men husk at det kan p\u00e5virke dine relasjoner negativt hvis bedriften g\u00e5r d\u00e5rlig.<\/li>\n<li><em>Forbruksl\u00e5n<\/em> &#8211; det finnes mange typer forbruksl\u00e5n, mange l\u00e5ngivere og mange forskjellige priser p\u00e5 l\u00e5nene som er tilgjengelig. Man kan f\u00e5 positivt svar p\u00e5 s\u00f8knad om finansiering fra l\u00e5ngivere uansett hva man \u00f8nsker \u00e5 finansiere. Med en god \u00f8konomi, s\u00e5 er det mulig \u00e5 l\u00e5ne i n\u00e6rheten av det maksimale tilbyder tilbyr. Da man foretar individuell vurdering, s\u00e5 vil man ikke vite hvilken rente man f\u00e5r tilbudt f\u00f8r man faktisk s\u00f8ker om l\u00e5net. Man b\u00f8r vurdere flere tilbydere for \u00e5 finne de beste rentene man kan oppn\u00e5.<\/li>\n<\/ol>\n<h2>Kassekreditt<\/h2>\n<p>Dersom man \u00f8nsker \u00e5 ha tilgang p\u00e5 en kassekreditt slik at man har tilgang p\u00e5 ekstra midler n\u00e5r man trenger det, s\u00e5 kan man oppn\u00e5 dette p\u00e5 flere m\u00e5ter. Man kan benytte seg av en kassekreditt fra en tilbyder av bedriftstjenester.<\/p>\n<h5>Fordeler med kassekreditt:<\/h5>\n<ol>\n<li>Fungerer som et kredittkort &#8211; hvor kreditten vanligvis gj\u00f8res tilgjengelig p\u00e5 kontoen direkte.<\/li>\n<li>God fleksibilitet og skaper bedre likviditet.<\/li>\n<li>Passer godt for bedrifter som er aktive driver i en bransje som er sterkt knyttet til sesongvariasjoner og m\u00e5 kunne h\u00e5ndtere variable inntekter.<\/li>\n<\/ol>\n<p>N\u00e5r man velger \u00e5 benytte seg av bedriftsl\u00e5n eller forbruksl\u00e5n for \u00e5 ha en kassekreditt til sin bedrift, s\u00e5 er det viktig \u00e5 finne best mulig betingelser for dette. For \u00e5 finne det billigste forbruksl\u00e5net eller bedriftsl\u00e5net s\u00e5 kan det v\u00e6re tidkrevende \u00e5 finne ut hva som finnes og hva man trenger. L\u00e5nebel\u00f8pet du kan f\u00e5 vil v\u00e6re resultatet av en vurdering av din \u00f8konomiske situasjon og inntekten din. Det man ikke alltid ser i forbindelse med hva man tar med seg hjem for finansiering, er at noen l\u00e5n ofte er dyrere enn andre l\u00e5n. Man b\u00f8r sjekke flere tilbydere for \u00e5 finne de beste betingelsene man kan oppn\u00e5.<\/p>\n<div style='display:none'>Adservice Comparison Feed: Could not find feed with ID \"no001\"<\/div>\n<script>console.log('Adservice Comparison Feed: Could not find feed with ID \"no001\"');<\/script>\n<p>&nbsp;<\/p>\n<h3>Velg blant flere l\u00e5netyper for finansiering<\/h3>\n<p>Det er viktig \u00e5 vurdere \u00f8konomien f\u00f8r man benytter muligheten til \u00e5 ta opp nytt \u00a0forbruksl\u00e5n eller et bedriftsl\u00e5n. Fordi det kan v\u00e6re en utfordring \u00e5 finne frem blant alle valgene av tilbydere, s\u00e5 benytter man seg av \u00e5 kategorisere tilbydere i forhold til deres \u00f8nskede markedssegment for sine l\u00e5n. At en type l\u00e5n kan v\u00e6re dyrere er ofte at det er forskjellig grunn til at man benytter en kategori l\u00e5n, selv om l\u00e5nebel\u00f8pet er det samme. Den mest relevante typen forbruksl\u00e5n er ordin\u00e6re forbruksl\u00e5n. Man kan benytte seg av en denne kategorienmed ordin\u00e6re forbruksl\u00e5n p\u00e5 inntil 600000 kr med en nedbetalingstid p\u00e5 15 \u00e5r. Hvilken type finansiering du velger er avhengig av hva du \u00f8nsker og hvem du \u00f8nsker skal ha muligheten til \u00e5 komme med innspill i forhold til driften av din berdrift.<\/p>\n","protected":false},"excerpt":{"rendered":"<p>Det finnes flere muligheter n\u00e5r man \u00f8nsker \u00e5 finansiere oppstart av en ny bedrift. Man kan benytte seg av forskjellige st\u00f8tteordninger, enten privat, kommunalt eller statlig, men i tillegg til &#8230;<\/p>\n","protected":false},"author":1,"featured_media":0,"parent":0,"menu_order":0,"comment_status":"closed","ping_status":"closed","template":"","meta":{"footnotes":""},"class_list":["post-112","page","type-page","status-publish","hentry"],"_links":{"self":[{"href":"https:\/\/firmalan.com\/no\/wp-json\/wp\/v2\/pages\/112","targetHints":{"allow":["GET"]}}],"collection":[{"href":"https:\/\/firmalan.com\/no\/wp-json\/wp\/v2\/pages"}],"about":[{"href":"https:\/\/firmalan.com\/no\/wp-json\/wp\/v2\/types\/page"}],"author":[{"embeddable":true,"href":"https:\/\/firmalan.com\/no\/wp-json\/wp\/v2\/users\/1"}],"replies":[{"embeddable":true,"href":"https:\/\/firmalan.com\/no\/wp-json\/wp\/v2\/comments?post=112"}],"version-history":[{"count":5,"href":"https:\/\/firmalan.com\/no\/wp-json\/wp\/v2\/pages\/112\/revisions"}],"predecessor-version":[{"id":230,"href":"https:\/\/firmalan.com\/no\/wp-json\/wp\/v2\/pages\/112\/revisions\/230"}],"wp:attachment":[{"href":"https:\/\/firmalan.com\/no\/wp-json\/wp\/v2\/media?parent=112"}],"curies":[{"name":"wp","href":"https:\/\/api.w.org\/{rel}","templated":true}]}}