{"id":86,"date":"2018-03-07T19:22:18","date_gmt":"2018-03-07T17:22:18","guid":{"rendered":"https:\/\/firmalan.com\/fi\/?page_id=86"},"modified":"2020-11-28T21:18:32","modified_gmt":"2020-11-28T19:18:32","slug":"osuuskunnan","status":"publish","type":"page","link":"https:\/\/firmalan.com\/fi\/rahoitus\/osuuskunnan\/","title":{"rendered":"Osuuskunnan laina"},"content":{"rendered":"<p>Osuuskunnan toiminnan alussa voi olla, ett\u00e4 osuuskunnan j\u00e4senet joutuvat lainaamaan varojaan osuuskunnalle. N\u00e4m\u00e4 lainat maksetaan omistajille takaisin, kun osuuskunnan toiminta on k\u00e4ynnistynyt kunnolla. Lainan ehdot tulee m\u00e4\u00e4ritell\u00e4 hyvin ja tehd\u00e4 lainasopimus kirjallisesti.<\/p>\n<p><strong>Ulkopuolinen rahoitus<\/strong><\/p>\n<p>Osuuskunta voi hakea lainaa my\u00f6s ulkopuolisilta tahoilta kuten pankeilta ja rahoitusyhti\u00f6ilt\u00e4. My\u00f6s tietyt valtion rahoituksella toimivat yhteis\u00f6t my\u00f6nt\u00e4v\u00e4t osuuskunnille lainaa.<\/p>\n<p>Pankit lainaavat osuuskunnille rahaa yleisesti tililuottojen ja lyhyt- ja pitk\u00e4aikaisten luottojen muodossa. Tavallisesti osuuskunnan aloitusvaiheessa vaaditaan reaalivakuuksia, vaikka liikeidea olisi kuinka hyv\u00e4, se ei ole riitt\u00e4v\u00e4t pelk\u00e4ksi vakuudeksi. Yritysluottojen vakuudet ovat tavallisesti kiinnityksi\u00e4 kuten osakekirjoja tai talletuksia. Finnveralta voi tiedustella mahdollisuutta antaa takaus yrityksen lainoille. Finnvera takaa erityisesti perustamis- ja laajentumisvaiheessa olevien yrityksien ja osuuskuntien lainoja.<\/p>\n<p>Tavallisesti pankki vaatii my\u00f6s yritt\u00e4j\u00e4n henkil\u00f6kohtaisen takauksen lainalle. Henkil\u00f6takauksessa on riski menett\u00e4\u00e4 yritt\u00e4j\u00e4n henkil\u00f6kohtaista omaisuutta. Jos kyseess\u00e4 on omavelkainen takaus ja velka er\u00e4\u00e4ntyy, voidaan sen maksua vaatia suoraan takaajalta ilman ett\u00e4 p\u00e4\u00e4velallisen eli osuuskunnan maksukyvytt\u00f6myytt\u00e4 pit\u00e4isi selvitt\u00e4\u00e4.<\/p>\n<p>Osuuskunnan lainansaantimahdollisuuksia mietitt\u00e4ess\u00e4 pankki yleens\u00e4 arvioi yrityksen menestymist\u00e4, johon liittyy rahoitustulot ja sen tulevaisuuden n\u00e4kym\u00e4t, osuuskunnan vakuusasema, yrityksen tuotto pankille kokonaisuudessaan, eli kuinka hyvin osuuskunta on keskitt\u00e4nyt raha-asiansa pankkiin, osuuskunnan vastuullisuus, oma-aloitteisuus ja tavoitteellisuus sek\u00e4 miten lainanhakijat ovat hoitaneet omat talousasiansa eli ovatko heid\u00e4n luottotietonsa kunnossa. Jos lainanoton j\u00e4lkeen osuuskunnan taloustilanteessa tulee yll\u00e4tt\u00e4vi\u00e4 ongelmia, niist\u00e4 kannattaa tiedottaa pankkia.<\/p>\n<div style='display:none'>Adservice Comparison Feed: Could not find feed with ID \"fi001\"<\/div>\n<script>console.log('Adservice Comparison Feed: Could not find feed with ID \"fi001\"');<\/script>\n","protected":false},"excerpt":{"rendered":"<p>Osuuskunnan toiminnan alussa voi olla, ett\u00e4 osuuskunnan j\u00e4senet joutuvat lainaamaan varojaan osuuskunnalle. N\u00e4m\u00e4 lainat maksetaan omistajille takaisin, kun osuuskunnan toiminta on k\u00e4ynnistynyt kunnolla. Lainan ehdot tulee m\u00e4\u00e4ritell\u00e4 hyvin ja tehd\u00e4 &#8230;<\/p>\n","protected":false},"author":1,"featured_media":0,"parent":75,"menu_order":0,"comment_status":"closed","ping_status":"closed","template":"","meta":{"footnotes":""},"class_list":["post-86","page","type-page","status-publish","hentry"],"_links":{"self":[{"href":"https:\/\/firmalan.com\/fi\/wp-json\/wp\/v2\/pages\/86","targetHints":{"allow":["GET"]}}],"collection":[{"href":"https:\/\/firmalan.com\/fi\/wp-json\/wp\/v2\/pages"}],"about":[{"href":"https:\/\/firmalan.com\/fi\/wp-json\/wp\/v2\/types\/page"}],"author":[{"embeddable":true,"href":"https:\/\/firmalan.com\/fi\/wp-json\/wp\/v2\/users\/1"}],"replies":[{"embeddable":true,"href":"https:\/\/firmalan.com\/fi\/wp-json\/wp\/v2\/comments?post=86"}],"version-history":[{"count":2,"href":"https:\/\/firmalan.com\/fi\/wp-json\/wp\/v2\/pages\/86\/revisions"}],"predecessor-version":[{"id":398,"href":"https:\/\/firmalan.com\/fi\/wp-json\/wp\/v2\/pages\/86\/revisions\/398"}],"up":[{"embeddable":true,"href":"https:\/\/firmalan.com\/fi\/wp-json\/wp\/v2\/pages\/75"}],"wp:attachment":[{"href":"https:\/\/firmalan.com\/fi\/wp-json\/wp\/v2\/media?parent=86"}],"curies":[{"name":"wp","href":"https:\/\/api.w.org\/{rel}","templated":true}]}}