{"id":84,"date":"2018-03-07T19:21:35","date_gmt":"2018-03-07T17:21:35","guid":{"rendered":"https:\/\/firmalan.com\/fi\/?page_id=84"},"modified":"2020-11-28T21:18:51","modified_gmt":"2020-11-28T19:18:51","slug":"osakeyhtion","status":"publish","type":"page","link":"https:\/\/firmalan.com\/fi\/rahoitus\/osakeyhtion\/","title":{"rendered":"Osakeyhti\u00f6n laina"},"content":{"rendered":"<p>Osakeyhti\u00f6ll\u00e4 on periaatteessa kolme erilaista vaihtoehtoa hoitaa rahoitus, mik\u00e4li sen toiminnan tuotto ei kata sen menoja tai se on tekem\u00e4ss\u00e4 suurta investointia. Se voi k\u00e4ytt\u00e4\u00e4 joko yhti\u00f6n ulkopuolista rahoitusta, jossa vaihtohehtoina on joko oman p\u00e4\u00e4oman tai vieraan p\u00e4\u00e4oman ehtoisen sijoitukset yhti\u00f6\u00f6n. T\u00e4m\u00e4n lis\u00e4ksi yhti\u00f6 voi rahoittaa toimintansa k\u00e4ytt\u00e4en omaa tulorahoitusta. Se on toiminasta syntyv\u00e4\u00e4 voittoa, jota ei jaeta osinkoina yrityksest\u00e4 pois.<\/p>\n<p><strong>Lainaa on helppo saada<\/strong><\/p>\n<p>Osakeyhti\u00f6 voi hakea lainaa esimerkiksi pankista. My\u00f6s netin lainanantajat lainaavat mielell\u00e4\u00e4n osakeyhti\u00f6ille. Yhti\u00f6n koosta ja toiminnasta riippuen, lainaa on saatavilla netin kautta jopa miljoonia euroja. Netin kautta otettuihin lainoihin ei tarvita takuita. Pankki saattaa vaatia osakeyhti\u00f6n omistajilta my\u00f6s henkil\u00f6takuita, eli heid\u00e4n t\u00e4ytyy laittaa lainan takuuksi jotain henkil\u00f6kohtaisesta omaisuudestaan, kuten esimerkiksi asunto. T\u00e4m\u00e4 riippuu t\u00e4ysin osakeyhti\u00f6n koosta ja taloudellisesta tilanteesta.<\/p>\n<p>Osakeyhti\u00f6n laina kannattaa kilpailuttaa, sill\u00e4 pankkien korot ja lainaehdot voivat vaihdella paljonkin. Osakeyhti\u00f6 on siit\u00e4 hyv\u00e4 yhti\u00f6muoto, ett\u00e4 osakkeenomistajat eiv\u00e4t ole henkil\u00f6kohtaisesti vastuussa lainan maksamisesta, ellei kyseess\u00e4 ole jotain v\u00e4\u00e4rink\u00e4yt\u00f6ksi\u00e4 tms. T\u00e4m\u00e4 siis siin\u00e4 tapauksessa, ettei osakkaiden ole tarvinnut laittaa lainan takuuksi omaa henkil\u00f6kohtaista omaisuuttaan.<\/p>\n<p>Nykyisin osakeyhti\u00f6iden on helppoa saada lainaa, sill\u00e4 lainantarjoajia on paljon. Lainap\u00e4\u00e4t\u00f6ksenkin saa nopeasti, jos hakee lainaa netin kautta. Vastaus tulee parhaimmassa tapauksessa jo saman p\u00e4iv\u00e4n aikaan. Lainan hakeminen netin kautta on helppoa ja nopeaa ja se onnistuu my\u00f6s pankeissa kuin netin lainayrityksiss\u00e4.<\/p>\n<div style='display:none'>Adservice Comparison Feed: Could not find feed with ID \"fi001\"<\/div>\n<script>console.log('Adservice Comparison Feed: Could not find feed with ID \"fi001\"');<\/script>\n","protected":false},"excerpt":{"rendered":"<p>Osakeyhti\u00f6ll\u00e4 on periaatteessa kolme erilaista vaihtoehtoa hoitaa rahoitus, mik\u00e4li sen toiminnan tuotto ei kata sen menoja tai se on tekem\u00e4ss\u00e4 suurta investointia. Se voi k\u00e4ytt\u00e4\u00e4 joko yhti\u00f6n ulkopuolista rahoitusta, jossa &#8230;<\/p>\n","protected":false},"author":1,"featured_media":0,"parent":75,"menu_order":0,"comment_status":"closed","ping_status":"closed","template":"","meta":{"footnotes":""},"class_list":["post-84","page","type-page","status-publish","hentry"],"_links":{"self":[{"href":"https:\/\/firmalan.com\/fi\/wp-json\/wp\/v2\/pages\/84","targetHints":{"allow":["GET"]}}],"collection":[{"href":"https:\/\/firmalan.com\/fi\/wp-json\/wp\/v2\/pages"}],"about":[{"href":"https:\/\/firmalan.com\/fi\/wp-json\/wp\/v2\/types\/page"}],"author":[{"embeddable":true,"href":"https:\/\/firmalan.com\/fi\/wp-json\/wp\/v2\/users\/1"}],"replies":[{"embeddable":true,"href":"https:\/\/firmalan.com\/fi\/wp-json\/wp\/v2\/comments?post=84"}],"version-history":[{"count":2,"href":"https:\/\/firmalan.com\/fi\/wp-json\/wp\/v2\/pages\/84\/revisions"}],"predecessor-version":[{"id":399,"href":"https:\/\/firmalan.com\/fi\/wp-json\/wp\/v2\/pages\/84\/revisions\/399"}],"up":[{"embeddable":true,"href":"https:\/\/firmalan.com\/fi\/wp-json\/wp\/v2\/pages\/75"}],"wp:attachment":[{"href":"https:\/\/firmalan.com\/fi\/wp-json\/wp\/v2\/media?parent=84"}],"curies":[{"name":"wp","href":"https:\/\/api.w.org\/{rel}","templated":true}]}}