{"id":81,"date":"2018-03-07T19:16:51","date_gmt":"2018-03-07T17:16:51","guid":{"rendered":"https:\/\/firmalan.com\/fi\/?page_id=81"},"modified":"2020-11-28T21:18:03","modified_gmt":"2020-11-28T19:18:03","slug":"pk-yritykselle","status":"publish","type":"page","link":"https:\/\/firmalan.com\/fi\/rahoitus\/pk-yritykselle\/","title":{"rendered":"Lainaa pk-yritykselle"},"content":{"rendered":"<p>Pk-yrityksill\u00e4 on ollut hankalaa saada lainaa, koska pankit ovat vaatineet kasvuhakuisilta pk-yrityksilt\u00e4 vakuuksia ja alkup\u00e4\u00e4omaa. Koska monelle pk-yrityksell\u00e4 ei kokonsa vuoksi ole paljonkaan omaisuutta, niill\u00e4 on ollut vaikeuksia saada pankeilta lainaa. Viime vuodesta l\u00e4htien pankit ovat voineet jakaa riski\u00e4, joten pk-yritysten tiukka oman p\u00e4\u00e4oman vaatimus on keventynyt. Samalla pankkilainan hinta ja korot ovat laskeneet.<\/p>\n<h4>Yritystililt\u00e4 saa rahaa k\u00e4ytt\u00f6\u00f6ns\u00e4 k\u00e4tev\u00e4sti<\/h4>\n<p>Pankit ovatkin yleisin paikka, josta pk-yritykset hakevat lainaa. Pankkilainan lis\u00e4ksi pk-yritykset voivat hankkia luotollisen yritystilin, josta voi nostaa rahaa siin\u00e4 tahdissa kun sit\u00e4 tarvitsee. Yritys voi my\u00f6s hankkia omaisuutta leasing-rahoituksella. Esimerkiksi autoja ja muuta kiinte\u00e4\u00e4 omaisuutta on mahdollista hankkia leasingill\u00e4. Pankkien eri lainavaihtoehdot vaihtelevat asiakkaan ja sen taloustilanteen mukaan, joten kattavan k\u00e4sityksen saamiseksi erilaisista vaihtoehdoista yrityksellesi, kannattaa olla yhteydess\u00e4 suoraan omaan pankkiin. Pankkien ehdot my\u00f6s vaihtelevat yrityksitt\u00e4in, joten lainan hinta voi vaihdella. T\u00e4m\u00e4n vuoksi pankkeja kannattaa my\u00f6s kilpailuttaa.<\/p>\n<p>Lainaa pk-yrityksille on tarjolla my\u00f6s Finnveran kautta. Se tukee pieni\u00e4 ja keskisuuria yrityksi\u00e4 sek\u00e4 niiden perustamisvaiheessa ett\u00e4 laajentumisvaiheessa. Mik\u00e4li pankista ei saa lainaa ja Finnverankin laina on poissuljettu, kolmas vaihtoehto on netin erilaiset lainantarjoajat. Nettilainaajien kautta yrityksen on mahdollista saada lainaa satoja tuhansia euroja. N\u00e4ihin lainoihin ei yleens\u00e4 tarvita vakuuksia.\u00a0 Ennen lainan valitsemista kannattaa tehd\u00e4 laskelma, paljonko laina tulee korkojen kanssa kokonaisuudessaan maksamaan. Lis\u00e4ksi lainaehtoihin kannattaa tutustua huolella.<\/p>\n<div style='display:none'>Adservice Comparison Feed: Could not find feed with ID \"fi001\"<\/div>\n<script>console.log('Adservice Comparison Feed: Could not find feed with ID \"fi001\"');<\/script>\n","protected":false},"excerpt":{"rendered":"<p>Pk-yrityksill\u00e4 on ollut hankalaa saada lainaa, koska pankit ovat vaatineet kasvuhakuisilta pk-yrityksilt\u00e4 vakuuksia ja alkup\u00e4\u00e4omaa. Koska monelle pk-yrityksell\u00e4 ei kokonsa vuoksi ole paljonkaan omaisuutta, niill\u00e4 on ollut vaikeuksia saada pankeilta &#8230;<\/p>\n","protected":false},"author":1,"featured_media":0,"parent":75,"menu_order":0,"comment_status":"closed","ping_status":"closed","template":"","meta":{"footnotes":""},"class_list":["post-81","page","type-page","status-publish","hentry"],"_links":{"self":[{"href":"https:\/\/firmalan.com\/fi\/wp-json\/wp\/v2\/pages\/81","targetHints":{"allow":["GET"]}}],"collection":[{"href":"https:\/\/firmalan.com\/fi\/wp-json\/wp\/v2\/pages"}],"about":[{"href":"https:\/\/firmalan.com\/fi\/wp-json\/wp\/v2\/types\/page"}],"author":[{"embeddable":true,"href":"https:\/\/firmalan.com\/fi\/wp-json\/wp\/v2\/users\/1"}],"replies":[{"embeddable":true,"href":"https:\/\/firmalan.com\/fi\/wp-json\/wp\/v2\/comments?post=81"}],"version-history":[{"count":2,"href":"https:\/\/firmalan.com\/fi\/wp-json\/wp\/v2\/pages\/81\/revisions"}],"predecessor-version":[{"id":397,"href":"https:\/\/firmalan.com\/fi\/wp-json\/wp\/v2\/pages\/81\/revisions\/397"}],"up":[{"embeddable":true,"href":"https:\/\/firmalan.com\/fi\/wp-json\/wp\/v2\/pages\/75"}],"wp:attachment":[{"href":"https:\/\/firmalan.com\/fi\/wp-json\/wp\/v2\/media?parent=81"}],"curies":[{"name":"wp","href":"https:\/\/api.w.org\/{rel}","templated":true}]}}