{"id":75,"date":"2018-03-07T19:09:30","date_gmt":"2018-03-07T17:09:30","guid":{"rendered":"https:\/\/firmalan.com\/fi\/?page_id=75"},"modified":"2018-03-07T19:13:51","modified_gmt":"2018-03-07T17:13:51","slug":"rahoitus","status":"publish","type":"page","link":"https:\/\/firmalan.com\/fi\/rahoitus\/","title":{"rendered":"Avoimen yhti\u00f6n rahoitus"},"content":{"rendered":"<p>Yhti\u00f6iden ominaispiirteisiin kuuluu, ett\u00e4 sen varojen m\u00e4\u00e4r\u00e4\u00e4 ja niiden nostamisoikeutta on rajoitettu. Tarkoituksena on turvata yhti\u00f6n vakavaraisuus, jotta yrityksen taloudellinen tilanne ei heikkenisi liikaa. Tarkoituksena on my\u00f6s taata yhti\u00f6n maksuvalmius, eli yrityksen kyky maksaa velkansa takaisin lyhyell\u00e4 aikav\u00e4lill\u00e4. Avoimen yhti\u00f6n ainutlaatuisuus piile siin\u00e4, ett\u00e4 se voi periaatteessa omata niin v\u00e4h\u00e4n varoja kuin sen yhti\u00f6miehet vain haluavat. Yhti\u00f6miehet voivat my\u00f6s nostaa varallisuutta pois yhti\u00f6st\u00e4 ja k\u00e4ytt\u00e4\u00e4 sit\u00e4 omiin tarkoituksiinsa.<\/p>\n<p><strong>Vierasta p\u00e4\u00e4omaa tai yhti\u00f6miesten rahoitusta<\/strong><\/p>\n<p>Avoimen yhti\u00f6n yhti\u00f6miehet ovat vastuussa koko varallisuudellaan avoimen yhti\u00f6n veloista. Jos velka er\u00e4\u00e4ntyy ja avoin yhti\u00f6 ei pysty sit\u00e4 maksamaan, velkoja voi peri\u00e4 saataviaan kenelt\u00e4 tahansa yhti\u00f6miehist\u00e4. Velkoja voi my\u00f6s velkoa koko summaa yhdelt\u00e4 yhti\u00f6miehelt\u00e4 kokonaisuudessaan. Laissa ei ole vaatimusta siit\u00e4, paljonko avoimella yhti\u00f6ll\u00e4 tulisi olla v\u00e4himm\u00e4isp\u00e4\u00e4omaa. T\u00e4m\u00e4 johtuu juuri siit\u00e4, ett\u00e4 avoimen yhti\u00f6n yhti\u00f6miehill\u00e4 on henkil\u00f6kohtainen vastuu veloista ja velvoitteista.<\/p>\n<p>Yhti\u00f6miehet voivat esimerkiksi sopia, kuinka paljon jokainen heist\u00e4 sijoittaa yhti\u00f6\u00f6n. Avoin yhti\u00f6 voi my\u00f6s ottaa velkaa. Vieraassa p\u00e4\u00e4omassa huono puoli on se, ett\u00e4 se tulee lopulta avoimen yhti\u00f6n yhti\u00f6miesten itsens\u00e4 maksettavaksi. T\u00e4m\u00e4n vuoksi yhti\u00f6miesten kannattaa tehd\u00e4 sopimus, jotta kukaan heist\u00e4 ei t\u00e4llaisella hetkell\u00e4 joudu kohtuuttomaan tilaan. Yhti\u00f6sopimuksella voi m\u00e4\u00e4r\u00e4t\u00e4 mm. miten yhti\u00f6miesten vastuu t\u00e4llaisessa tilanteessa m\u00e4\u00e4r\u00e4ytyy. Vierasta p\u00e4\u00e4omaa voi hakea esimerkiksi pankista, Finnverasta tai netin luotonantajien kautta.<\/p>\n<hr \/>\n<h2>Yritysmuodot<\/h2>\n<p>Yleisimm\u00e4t yritysmuodot ovat yksityinen elinkeinonharjoittaja eli toiminimi, avoin yhti\u00f6, kommandiittiyhti\u00f6 ja osakeyhti\u00f6.<\/p>\n<p><strong>Toiminimi<\/strong><\/p>\n<p>Toiminimell\u00e4 toimiva yritt\u00e4j\u00e4 tekee kaikki sopimukset omalla nimell\u00e4\u00e4n. H\u00e4n on vastuussa sitoumuksistaan my\u00f6s henkil\u00f6kohtaisella omaisuudellaan, vaikka toiminimen kirjanpito olisi erill\u00e4\u00e4n toiminimen alla ja toiminimelle rekister\u00f6ity oma nimi. Elinkeinonharjoittajalla on oikeus nostaa toiminimen varoja. Toiminimen perustamisessa riitt\u00e4\u00e4 maksullinen ilmoitus kaupparekisteriin lomakkeella. Toiminimi tarvitsee rekister\u00f6id\u00e4 vaintiettyjen ehtojen t\u00e4yttyess\u00e4.<\/p>\n<p><strong>Avoin yhti\u00f6<\/strong><\/p>\n<p>Avoin yhti\u00f6 saa alkunsa rekister\u00f6imisell\u00e4. Pit\u00e4\u00e4 tehd\u00e4 kirjallinen yhti\u00f6sopimus. Avoimen yhti\u00f6n ja kommandiittiyhti\u00f6n yhti\u00f6sopimus on teht\u00e4v\u00e4 kirjallisesti. Yhti\u00f6sopimuksessa sovitaan yhti\u00f6n perustamisesta ja yhti\u00f6n toiminnan kannalta tarpeellisista asioista. Yhti\u00f6miehi\u00e4 tulee olla v\u00e4hint\u00e4\u00e4n kaksi. P\u00e4\u00e4oma muodostuu p\u00e4\u00e4miesten antamista panoksista, kuten rahasta tai ty\u00f6panoksesta. Jokainen yhti\u00f6mies on oikeutettu p\u00e4\u00e4tt\u00e4m\u00e4\u00e4n yhti\u00f6t\u00e4 koskevista asioista. Yhti\u00f6miehet ovat vastuussa ulkopuolisille rajattomasti, henkil\u00f6kohtaisesti ja omalla omaisuudellaan. Velkoja voi valita kenelt\u00e4 yhti\u00f6miehist\u00e4 vaatii velkansa. Yhti\u00f6miehill\u00e4 on lain nojalla oikeus saada korvaus yhti\u00f6lt\u00e4 sen asioiden hoidosta aiheutuneista menoista. Yleens\u00e4 korvaus on palkka ja osuus yhti\u00f6n voitosta.<\/p>\n<p><strong>Kommandiittiyhti\u00f6<\/strong><\/p>\n<p>My\u00f6s kommandiittiyhti\u00f6 pit\u00e4\u00e4 ilmoittaa rekister\u00f6it\u00e4v\u00e4ksi kolmen kuukauden kuluessa yhti\u00f6sopimuksen allekirjoittamisesta tai yhti\u00f6n perustaminen raukeaa.Yhti\u00f6sopimus pit\u00e4\u00e4 tehd\u00e4 kirjallisesti ja siit\u00e4 pit\u00e4\u00e4 ilmet\u00e4 tietyt seikat, esim. \u00e4\u00e4nett\u00f6m\u00e4n yhti\u00f6miehen panos raham\u00e4\u00e4r\u00e4isen\u00e4 ja t\u00e4lle maksettavaa voitto-osuus. Yhti\u00f6miehet sijoittavatyhti\u00f6\u00f6n p\u00e4\u00e4omaa. Vastuunalaisen yhti\u00f6miehen panos voi olla rahaa, tavaraa tai ty\u00f6panos. He vastaavat yhti\u00f6n veloista my\u00f6s henkil\u00f6kohtaisella omaisuudellaan. \u00c4\u00e4nett\u00f6m\u00e4n yhti\u00f6miehen sijoitus on vain rahanarvoista omaisuutta, jolle h\u00e4n saa tuoton eik\u00e4 h\u00e4n ole vastuussa yhti\u00f6n velvoitteista. Velkojan on haettava velkojaan ensin yhti\u00f6lt\u00e4. Jos varoja ei ole, seuraavaksi velkoja voi vaatia vastuunalaisilta yhti\u00f6miehilt\u00e4 henkil\u00f6kohtaisella omaisuudellaan.<\/p>\n<p><strong>Osakeyhti\u00f6<\/strong><\/p>\n<p>Osakeyhti\u00f6 on itsen\u00e4inen oikeushenkil\u00f6, jonka osakkaat omistavat v\u00e4lillisesti. Osakkaat saavat yhti\u00f6st\u00e4 varoja osingon muodossa. Osakeyhti\u00f6n sitoumuksista eiv\u00e4t vastaa osakkaat henkil\u00f6kohtaisesti vaan ne hoidetaan osakeyhti\u00f6n varallisuudesta. Osakeyhti\u00f6 helpottaa lainan saamista ja sen kautta on my\u00f6s helpompi k\u00e4yd\u00e4 kauppaa.<\/p>\n","protected":false},"excerpt":{"rendered":"<p>Yhti\u00f6iden ominaispiirteisiin kuuluu, ett\u00e4 sen varojen m\u00e4\u00e4r\u00e4\u00e4 ja niiden nostamisoikeutta on rajoitettu. Tarkoituksena on turvata yhti\u00f6n vakavaraisuus, jotta yrityksen taloudellinen tilanne ei heikkenisi liikaa. Tarkoituksena on my\u00f6s taata yhti\u00f6n maksuvalmius, &#8230;<\/p>\n","protected":false},"author":1,"featured_media":0,"parent":0,"menu_order":0,"comment_status":"closed","ping_status":"closed","template":"","meta":{"footnotes":""},"class_list":["post-75","page","type-page","status-publish","hentry"],"_links":{"self":[{"href":"https:\/\/firmalan.com\/fi\/wp-json\/wp\/v2\/pages\/75","targetHints":{"allow":["GET"]}}],"collection":[{"href":"https:\/\/firmalan.com\/fi\/wp-json\/wp\/v2\/pages"}],"about":[{"href":"https:\/\/firmalan.com\/fi\/wp-json\/wp\/v2\/types\/page"}],"author":[{"embeddable":true,"href":"https:\/\/firmalan.com\/fi\/wp-json\/wp\/v2\/users\/1"}],"replies":[{"embeddable":true,"href":"https:\/\/firmalan.com\/fi\/wp-json\/wp\/v2\/comments?post=75"}],"version-history":[{"count":3,"href":"https:\/\/firmalan.com\/fi\/wp-json\/wp\/v2\/pages\/75\/revisions"}],"predecessor-version":[{"id":79,"href":"https:\/\/firmalan.com\/fi\/wp-json\/wp\/v2\/pages\/75\/revisions\/79"}],"wp:attachment":[{"href":"https:\/\/firmalan.com\/fi\/wp-json\/wp\/v2\/media?parent=75"}],"curies":[{"name":"wp","href":"https:\/\/api.w.org\/{rel}","templated":true}]}}