{"id":54,"date":"2018-03-07T14:28:54","date_gmt":"2018-03-07T12:28:54","guid":{"rendered":"https:\/\/firmalan.com\/fi\/?page_id=54"},"modified":"2018-12-18T19:55:18","modified_gmt":"2018-12-18T17:55:18","slug":"vakuutukset","status":"publish","type":"page","link":"https:\/\/firmalan.com\/fi\/vakuutukset\/","title":{"rendered":"Yrityksen vakuutukset"},"content":{"rendered":"<p>Yritt\u00e4j\u00e4lle on pakollinen YEL-vakuutus, jolla yritt\u00e4j\u00e4toiminnasta kertyy vanhuusel\u00e4kett\u00e4 itsem\u00e4\u00e4ritetyn YEL-tulon mukaisesti.<\/p>\n<h5>Ty\u00f6ntekij\u00e4t on pakko vakuuttaa<\/h5>\n<p>Yritykseen palkatut ty\u00f6ntekij\u00e4t on pakko vakuuttaa lakis\u00e4\u00e4teisell\u00e4 ty\u00f6tapaturmavakuutuksella tapaturmien ja ammattitautien varalta ja Ty\u00f6ntekij\u00e4n el\u00e4kevakuutuksella TyEL:ill\u00e4. N\u00e4m\u00e4 ovat ainoat pakolliset vakuutukset.<\/p>\n<p>Yritystoiminnassa solmitaan usein erilaisia sopimuksia kuten vuokratessa ja ty\u00f6ntekij\u00f6it\u00e4 palkatessa. Oikeusturvavakuutuksesta voi saada apua ty\u00f6suhteita koskeviin erimielisyyksiin tai jos asiakkaalla on eri\u00e4v\u00e4 n\u00e4kemys yrityksen tuotteesta tai palvelusta.<\/p>\n<p>Yritystoiminta saattaa keskeyty\u00e4 tulipalon, vuotovahingon tai suuren ilkivallan seurauksena. Keskeytysvakuutuksesta on mahdollista saada korvausta t\u00e4llaisissa tilanteissa tai jos yritys joutuu siirtym\u00e4\u00e4n tilap\u00e4isiin toimitiloihin edell\u00e4 mainituista syist\u00e4.<\/p>\n<p>Yritt\u00e4j\u00e4 voi vakuuttaa itsens\u00e4 tapaturmavakuutuksella, joka korvaa sek\u00e4 ty\u00f6-ett\u00e4 vapaa-ajalla sattuneet tapaturmat. Sairauskuluvakuutuksesta voi saada korvausta hoitokuluista ja l\u00e4\u00e4kkeist\u00e4jos sattuu sairastumaan. Molempiin vakuutuksiin on mahdollista liitt\u00e4\u00e4 p\u00e4iv\u00e4rahaturvat ty\u00f6kyvytt\u00f6myyden varalle. N\u00e4in tulosi eiv\u00e4t katkea jos et voi tehd\u00e4 t\u00f6it\u00e4 sairauden tai tapaturman takia.<\/p>\n<p>Toiminnanvastuuvakuutuksella katetaan omaisuus- ja henkil\u00f6vahinkoja, joista yritt\u00e4j\u00e4 joutuu vahingonkorvauslain perusteella vastuuseen. T\u00e4llaisia ovat esimerkiksi jos ty\u00f6n yhteydess\u00e4 tulee s\u00e4rkeneeksi asiakkaan omaisuutta. Vakuutus ei ole pakollinen, mutta ty\u00f6n teett\u00e4j\u00e4 voi sit\u00e4 vaatia.<\/p>\n<p>Yrityksen nimiss\u00e4 ostettu omaisuus vakuutetaan yrityksen omaisuusvakuutuksella. Jos yrityksen toimintaan kuuluu tavaroiden myynti ja tavarat s\u00e4ilytet\u00e4\u00e4n kotona, ne pit\u00e4\u00e4 vakuuttaa omaisuusvakuutuksella.<\/p>\n<p>Jos yrityksell\u00e4 on auto, se on pakko vakuuttaa liikennevakuutuksella, mutta se ei korvaa omalle autolle aiheutuneita vahinkoja. Oman auton vahingoille voi hankkia kaskovakuutuksen, johon kuuluu yleens\u00e4 hinauspalvelu. Autolla kuljetettu omaisuus pit\u00e4\u00e4 vakuuttaa erikseen.<\/p>\n<hr \/>\n<h2>Yritysvakuutukset<\/h2>\n<p>Yritys voi ottaa monenlaisia vakuutuksia liiketoimintansa suojaksi. Osa vakuutuksista on lakis\u00e4\u00e4teisi\u00e4, kuin taas osa vapaaehtoisia.<\/p>\n<h4>Yrityksen lakis\u00e4\u00e4teiset vakuutukset<\/h4>\n<p>Yrityksen tulee ottaa ty\u00f6ntekij\u00f6illeen lakis\u00e4\u00e4teinen tapaturmavakuutus. Se antaa suojaa ty\u00f6tapaturmien tai ammattitautien varalta. Mik\u00e4li ty\u00f6ntekij\u00e4ll\u00e4 on ty\u00f6suhde ty\u00f6nantajaan ja h\u00e4n tekee ty\u00f6t\u00e4 palkkaa tai muuta vastiketta vastaan, yrityksen tulee vakuuttaa h\u00e4net lakis\u00e4\u00e4teisell\u00e4 tapaturmavakuutuksella. Yrityksen omistajat tai yksityisyritt\u00e4j\u00e4t voivat ottaa itselleen vapaaehtoisen yritt\u00e4j\u00e4n ty\u00f6- ja vapaa-ajan vakuutuksen. Se vastaa turvaltaan ja kattavuudeltaan ty\u00f6ntekij\u00f6iden lakis\u00e4\u00e4teist\u00e4 tapaturmavakuutusta. Yritt\u00e4j\u00e4n ty\u00f6- ja vapaa-ajan vakuutuksen voimassaolo vaatii my\u00f6s YEL-vakuutuksen, jonka tulee olla voimassa vahinkohetkell\u00e4 el\u00e4keyhti\u00f6ss\u00e4. Yrityksen tulee my\u00f6s vakuuttaa omistamansa autot, trukit ja muut vastaavat ajoneuvot liikennevakuutuksella, joka on palkollinen.<\/p>\n<h4>Vapaaehtoiset vakuutukset<\/h4>\n<p>Yritys voi ottaa my\u00f6s vapaaehtoisia vakuutuksia turvatakseen taloudellista tilannettaan. Esimerkiksi keskeytysvakuutus on hyv\u00e4 suoja sit\u00e4 vastaan, ett\u00e4 yrityksen toiminta keskeytyy yll\u00e4tt\u00e4en. Se turvaa yrityksen palkanmaksun, vaikka toiminta keskeytyisikin. Keskeytysvakuutuksessa on yleens\u00e4 omavastuuaika, jonka t\u00e4yttymisen j\u00e4lkeen vasta voi siit\u00e4 hakea korvausta. Vastuuvakuutus suojaa silt\u00e4, ett\u00e4 yrityksen toiminta tai sen valmistamat tuotteet aiheuttavat vahinkoa k\u00e4ytt\u00e4j\u00e4lle. Vastuuvakuutuksia on monenlaisia riippuen yrityksen toimialasta, esimerkiksi tuotevastuu, tietoturvavakuutus, toiminnan vastuuvakuutus ja konsulttivastuuvakuutus. My\u00f6s yrityksen omaisuus ja irtaimisto on hyv\u00e4 vakuuttaa, sill\u00e4 ne ovat usein eritt\u00e4in arvokkaita. Rakennukset, mets\u00e4t, kiinteist\u00f6t, laitteet ja kaikki mink\u00e4 yritys omistaa, voi vakuuttaa. Yritys voi tarjota henkil\u00f6kunnalleen lis\u00e4etua my\u00f6s mm. sairauskuluvakuutuksen.<\/p>\n","protected":false},"excerpt":{"rendered":"<p>Yritt\u00e4j\u00e4lle on pakollinen YEL-vakuutus, jolla yritt\u00e4j\u00e4toiminnasta kertyy vanhuusel\u00e4kett\u00e4 itsem\u00e4\u00e4ritetyn YEL-tulon mukaisesti. Ty\u00f6ntekij\u00e4t on pakko vakuuttaa Yritykseen palkatut ty\u00f6ntekij\u00e4t on pakko vakuuttaa lakis\u00e4\u00e4teisell\u00e4 ty\u00f6tapaturmavakuutuksella tapaturmien ja ammattitautien varalta ja Ty\u00f6ntekij\u00e4n el\u00e4kevakuutuksella &#8230;<\/p>\n","protected":false},"author":1,"featured_media":0,"parent":0,"menu_order":0,"comment_status":"closed","ping_status":"closed","template":"","meta":{"footnotes":""},"class_list":["post-54","page","type-page","status-publish","hentry"],"_links":{"self":[{"href":"https:\/\/firmalan.com\/fi\/wp-json\/wp\/v2\/pages\/54","targetHints":{"allow":["GET"]}}],"collection":[{"href":"https:\/\/firmalan.com\/fi\/wp-json\/wp\/v2\/pages"}],"about":[{"href":"https:\/\/firmalan.com\/fi\/wp-json\/wp\/v2\/types\/page"}],"author":[{"embeddable":true,"href":"https:\/\/firmalan.com\/fi\/wp-json\/wp\/v2\/users\/1"}],"replies":[{"embeddable":true,"href":"https:\/\/firmalan.com\/fi\/wp-json\/wp\/v2\/comments?post=54"}],"version-history":[{"count":2,"href":"https:\/\/firmalan.com\/fi\/wp-json\/wp\/v2\/pages\/54\/revisions"}],"predecessor-version":[{"id":207,"href":"https:\/\/firmalan.com\/fi\/wp-json\/wp\/v2\/pages\/54\/revisions\/207"}],"wp:attachment":[{"href":"https:\/\/firmalan.com\/fi\/wp-json\/wp\/v2\/media?parent=54"}],"curies":[{"name":"wp","href":"https:\/\/api.w.org\/{rel}","templated":true}]}}