{"id":350,"date":"2019-09-26T12:19:58","date_gmt":"2019-09-26T09:19:58","guid":{"rendered":"https:\/\/firmalan.com\/fi\/?page_id=350"},"modified":"2019-09-26T12:21:31","modified_gmt":"2019-09-26T09:21:31","slug":"haussa-yrityslaina-pankista","status":"publish","type":"page","link":"https:\/\/firmalan.com\/fi\/haussa-yrityslaina-pankista\/","title":{"rendered":"Haussa yrityslaina pankista? Onko yrityksesi luottokelpoinen?"},"content":{"rendered":"<p>Nykyisin yritysten voi olla vaikeampi saada lainaa kuin viel\u00e4 muutama vuosi sitten. Pankkis\u00e4\u00e4ntely on kiristynyt ja my\u00f6s talouden rakennemuutokset ovat saaneet pankit varovaisemmiksi luotonannossaan. Suomessa toimivien yritysten onkin t\u00e4rke\u00e4 huolehtia omasta luottokelpoisuudestaan. Koska lainansaanti pankeista on tullut hankalammaksi, on esimerkiksi nettiin perustettu kaikenlaisia lainaa tarjoavia sivustoja, joista lainaa on mahdollista saada helpommin kuin pankeista. Esimerkiksi yksityisten sijoittajien rahoituksesta koostuvat lainat ovat usein korkeampikorkoisia, mutta ehdoiltaan v\u00e4ljempi\u00e4. Pankkien tulee v\u00e4ltt\u00e4\u00e4 luottotappioita kaikin keinoin, mutta samat s\u00e4\u00e4nn\u00f6t eiv\u00e4t p\u00e4de esimerkiksi vertaislainoihin, jolloin lainaa on mahdollista saada niist\u00e4 helpommin, vaikkakin kalliimmalla hinnalla.<\/p>\n<h2>Kvantitatiiviset ja kvalitatiiviset tekij\u00e4t<\/h2>\n<p>Yleens\u00e4 on ajateltu, ett\u00e4 yrityksen kassavirran tulee olla positiivinen, jotta se voi saada lainaa. Se on my\u00f6s pankeilla vaatimuksena, jotta yritys voisi saada niist\u00e4 lainaa. Muilla rahoitusvaihtoehdoilla ei v\u00e4ltt\u00e4m\u00e4tt\u00e4 t\u00e4t\u00e4 ehtoa ole, sill\u00e4 ne voivat m\u00e4\u00e4ritell\u00e4 yrityksen luottokelpoisuuden sek\u00e4 kvantitatiivisten ett\u00e4 kvalitatiivisten tekij\u00f6iden yhdistelm\u00e4n\u00e4. Kvantitatiivisiin lukuihin kuuluvat mm. yrityksen tilinp\u00e4\u00e4t\u00f6s ja sen toiminnan laskennalliset ennusteet, kun taas kvalitatiivisiin tietoihin kuuluu mm. ketk\u00e4 yrityksen johdossa toimivat, keit\u00e4 sen omistajat ovat ja mik\u00e4 sen liiketoimintasuunnitelma on. Kun n\u00e4m\u00e4 kaikki tiedot otetaan huomioon, ei negatiiviset tilinp\u00e4\u00e4t\u00f6ksen tunnusluvut v\u00e4ltt\u00e4m\u00e4tt\u00e4 est\u00e4 lainan saamista.<\/p>\n<h2>Vakuudet ja luottohistoria<\/h2>\n<p>Yrityksen reaalivakuuksillakaan ei v\u00e4ltt\u00e4m\u00e4tt\u00e4 en\u00e4\u00e4 ole merkityst\u00e4. Perinteisesti niit\u00e4 on pidetty oleellisena osana lainan my\u00f6nt\u00e4mist\u00e4, mutta nykyisin yh\u00e4 useammalla yrityksell\u00e4 on reaaliomaisuuden sijasta arvokkaampia aineettomia tekij\u00f6it\u00e4, kuten osaamista, tuotemerkki tai ohjelmista. N\u00e4m\u00e4 aineettomat tekij\u00e4t eiv\u00e4t todenn\u00e4k\u00f6isesti kelpaa perinteisille pankeille vakuuksiksi, mutta netin muille rahoitusl\u00e4hteille ne voivat olla hyvinkin t\u00e4rke\u00e4 osa luottokelpoisuutta ja lainan my\u00f6nt\u00f6\u00e4.<\/p>\n<p>My\u00f6sk\u00e4\u00e4n yrityksen v\u00e4h\u00e4inen toimintaik\u00e4 ei ole este lainan saamiselle. On ymm\u00e4rrett\u00e4v\u00e4\u00e4, ett\u00e4 nuorilla yrityksill\u00e4 on v\u00e4hemm\u00e4n kassavirtaa ja omaisuutta kuin vanhemmilla. Kaikkein t\u00e4rkeint\u00e4 on, ett\u00e4 yritys pystyy s\u00e4ilytt\u00e4m\u00e4\u00e4n luottohistoriansa puhtaana. Jos yrityksell\u00e4 tai sen omistajilla on maksuh\u00e4iri\u00f6merkint\u00f6j\u00e4, voi se kaataa yrityksen lainan saamisen. Usein maksuh\u00e4iri\u00f6merkint\u00e4 on automaattinen este lainan saamiselle, vaikka muutoin kaikki olisikin kunnossa.<\/p>\n","protected":false},"excerpt":{"rendered":"<p>Nykyisin yritysten voi olla vaikeampi saada lainaa kuin viel\u00e4 muutama vuosi sitten. Pankkis\u00e4\u00e4ntely on kiristynyt ja my\u00f6s talouden rakennemuutokset ovat saaneet pankit varovaisemmiksi luotonannossaan. Suomessa toimivien yritysten onkin t\u00e4rke\u00e4 huolehtia &#8230;<\/p>\n","protected":false},"author":1,"featured_media":0,"parent":0,"menu_order":0,"comment_status":"closed","ping_status":"closed","template":"","meta":{"footnotes":""},"class_list":["post-350","page","type-page","status-publish","hentry"],"_links":{"self":[{"href":"https:\/\/firmalan.com\/fi\/wp-json\/wp\/v2\/pages\/350","targetHints":{"allow":["GET"]}}],"collection":[{"href":"https:\/\/firmalan.com\/fi\/wp-json\/wp\/v2\/pages"}],"about":[{"href":"https:\/\/firmalan.com\/fi\/wp-json\/wp\/v2\/types\/page"}],"author":[{"embeddable":true,"href":"https:\/\/firmalan.com\/fi\/wp-json\/wp\/v2\/users\/1"}],"replies":[{"embeddable":true,"href":"https:\/\/firmalan.com\/fi\/wp-json\/wp\/v2\/comments?post=350"}],"version-history":[{"count":3,"href":"https:\/\/firmalan.com\/fi\/wp-json\/wp\/v2\/pages\/350\/revisions"}],"predecessor-version":[{"id":353,"href":"https:\/\/firmalan.com\/fi\/wp-json\/wp\/v2\/pages\/350\/revisions\/353"}],"wp:attachment":[{"href":"https:\/\/firmalan.com\/fi\/wp-json\/wp\/v2\/media?parent=350"}],"curies":[{"name":"wp","href":"https:\/\/api.w.org\/{rel}","templated":true}]}}