{"id":346,"date":"2019-09-26T12:12:28","date_gmt":"2019-09-26T09:12:28","guid":{"rendered":"https:\/\/firmalan.com\/fi\/?page_id=346"},"modified":"2020-11-28T21:30:36","modified_gmt":"2020-11-28T19:30:36","slug":"kiinteistolaina","status":"publish","type":"page","link":"https:\/\/firmalan.com\/fi\/kiinteistolaina\/","title":{"rendered":"Kiinteist\u00f6laina"},"content":{"rendered":"<p>Kiinteist\u00f6lainalla tarkoitetaan lainaa, joka on sidottu kiinte\u00e4\u00e4n omaisuuteen.\u00a0 Se on tarkoitettu ensisijaisesti yrityksille, asunto-osakeyhti\u00f6ille tai muille organisaatioille, jotka haluavat lainata rahaa kiinteist\u00f6jen hankintaan tai etsi\u00e4 rahoitusta olemassa olevan kiinteist\u00f6n kunnostamiseen tai laajentamiseen.<\/p>\n<p>Kiinteist\u00f6lainojen ehdot asetetaan osittain osapuolten toiveiden perusteella. Esimerkiksi korko voi vaihdella sopimuksen mukaan. Kiinteist\u00f6lainan korko voi olla joustava tai kiinte\u00e4 ja my\u00f6s takaisinmaksuaikaa voidaan s\u00e4\u00e4t\u00e4\u00e4 toiveiden ja tarpeiden mukaan.Kiinteist\u00f6alan yrityksille kiinteist\u00f6lainat ovat usein ennakkoedellytys sille ett\u00e4 niiden suunnitelmia voidaan toteuttaa. Toinen vaihtoehto kiinteist\u00f6lainalle on <a href=\"https:\/\/firmalan.com\/fi\/\">tavallinen yrityslaina<\/a>.<\/p>\n<p><strong>Rahoitusta kiinteist\u00f6jen hankintaan<\/strong><\/p>\n<p>Kiinteist\u00f6ala on erityinen siin\u00e4 suhteessa, ett\u00e4 yritt\u00e4j\u00e4n\u00e4 tai kiinteist\u00f6nomistajana kohtaat jatkuvasti uusia haasteita ja miss\u00e4 uudet projektit houkuttelevat jatkuvasti. Alalla on paljon mahdollisuuksia, jotka voivat johtaa myynnin kasvuun ja tuottaa huomattavaa voittoa &#8211; mutta jotka usein vaativat tietyn m\u00e4\u00e4r\u00e4n p\u00e4\u00e4omaa, jota on harvoin k\u00e4ytett\u00e4viss\u00e4. Alan suurilla toimijoilla ei v\u00e4ltt\u00e4m\u00e4tt\u00e4 ole ongelmia rahoituksen kanssa, mutta uusi tulokas puolestaan \u200b\u200bvaatii ulkoista rahoitusta ja tarvitsee tukea esimerkiksi uuden kiinteist\u00f6n ostamiseen.<\/p>\n<p>Olipa kyseess\u00e4 laina kaupallisen kiinteist\u00f6n hankkimiseksi yritykselle tai tavallinen kiinteist\u00f6laina, on t\u00e4rke\u00e4\u00e4 ett\u00e4 lainakumppanillasi on kokemusta kiinteist\u00f6alasta.\u00a0 Yleinen virhe on se, ett\u00e4 haetaan liian nopeasti lainaa, ostetaan kiinteist\u00f6 yritykselle ja vasta sitten huomataan, ett\u00e4 kaikkia riskej\u00e4 ei ole analysoitu. R\u00e4\u00e4t\u00e4l\u00f6idyn kiinteist\u00f6lainan l\u00f6yt\u00e4minen on t\u00e4rke\u00e4\u00e4, jotta lopputulos on onnistunut.<\/p>\n<div style='display:none'>Adservice Comparison Feed: Could not find feed with ID \"fi001\"<\/div>\n<script>console.log('Adservice Comparison Feed: Could not find feed with ID \"fi001\"');<\/script>\n","protected":false},"excerpt":{"rendered":"<p>Kiinteist\u00f6lainalla tarkoitetaan lainaa, joka on sidottu kiinte\u00e4\u00e4n omaisuuteen.\u00a0 Se on tarkoitettu ensisijaisesti yrityksille, asunto-osakeyhti\u00f6ille tai muille organisaatioille, jotka haluavat lainata rahaa kiinteist\u00f6jen hankintaan tai etsi\u00e4 rahoitusta olemassa olevan kiinteist\u00f6n kunnostamiseen &#8230;<\/p>\n","protected":false},"author":1,"featured_media":0,"parent":0,"menu_order":0,"comment_status":"closed","ping_status":"closed","template":"","meta":{"footnotes":""},"class_list":["post-346","page","type-page","status-publish","hentry"],"_links":{"self":[{"href":"https:\/\/firmalan.com\/fi\/wp-json\/wp\/v2\/pages\/346","targetHints":{"allow":["GET"]}}],"collection":[{"href":"https:\/\/firmalan.com\/fi\/wp-json\/wp\/v2\/pages"}],"about":[{"href":"https:\/\/firmalan.com\/fi\/wp-json\/wp\/v2\/types\/page"}],"author":[{"embeddable":true,"href":"https:\/\/firmalan.com\/fi\/wp-json\/wp\/v2\/users\/1"}],"replies":[{"embeddable":true,"href":"https:\/\/firmalan.com\/fi\/wp-json\/wp\/v2\/comments?post=346"}],"version-history":[{"count":4,"href":"https:\/\/firmalan.com\/fi\/wp-json\/wp\/v2\/pages\/346\/revisions"}],"predecessor-version":[{"id":404,"href":"https:\/\/firmalan.com\/fi\/wp-json\/wp\/v2\/pages\/346\/revisions\/404"}],"wp:attachment":[{"href":"https:\/\/firmalan.com\/fi\/wp-json\/wp\/v2\/media?parent=346"}],"curies":[{"name":"wp","href":"https:\/\/api.w.org\/{rel}","templated":true}]}}