{"id":334,"date":"2019-09-26T12:04:30","date_gmt":"2019-09-26T09:04:30","guid":{"rendered":"https:\/\/firmalan.com\/fi\/?page_id=334"},"modified":"2019-09-26T12:26:32","modified_gmt":"2019-09-26T09:26:32","slug":"yrityksen-ostaminen","status":"publish","type":"page","link":"https:\/\/firmalan.com\/fi\/yrityksen-ostaminen\/","title":{"rendered":"Yrityksen ostaminen"},"content":{"rendered":"<p>Yrityksen ostaminen on yleens\u00e4 helpoin ja nopein tapa p\u00e4\u00e4st\u00e4 yrityksen omistajaksi. Ostamalla jo valmiiksi toimivan yrityksen s\u00e4\u00e4st\u00e4t aikaa ja vaivaa. Yrityskauppa voi my\u00f6s olla tapa laajentaa jo nykyisin toiminnassa olevaa yrityst\u00e4si.Yrityksen ostamisella on monia etuja. Yksi niist\u00e4 on, ett\u00e4 sinulla on perusta, josta voit heti aloittaa ja siten p\u00e4\u00e4st\u00e4 nopeasti liikkeelle. Esimerkiksi yrityskaupassa voi olla kyse yritystoiminnan haltuunotosta sukupolvienvaihdon j\u00e4lkeen. Yrityksen tai liiketoiminnan ostaminen kannattaa, jos n\u00e4et ett\u00e4 yrityksell\u00e4 on tulevaisuutta.<\/p>\n<p>Yrityst\u00e4 voi ostaa kahdella eri tavalla. Joko voit ostaa yrityksen liiketoiminnan tai sitten osakkeita, jolloin p\u00e4\u00e4set yrityksen osakkaaksi. Yksitt\u00e4inen yritys ei ole oikeushenkil\u00f6. Siksi sen omaisuus voidaan siirt\u00e4\u00e4 vain siirt\u00e4m\u00e4ll\u00e4 yrityksen varat tai osakkeet.Jos ostat p\u00f6rssiyhti\u00f6n osakkeita, maksat osakkeista sen hinnan, joka on ilmoitettu osakkeen kurssista sopimuksen tekohetkell\u00e4. Se on yksinkertaista, mutta on t\u00e4ysin eri asia ostaa yksityisen yrityksen osakkeita kuin p\u00f6rssiss\u00e4 noteeratun yrityksen osakkeita. T\u00e4llaisilla osakkeilla ja osuuksilla ei ole noteerattua arvoa. Siksi sinun on sovittava omistajan kanssa hinnasta ja muista ostoehdoista.Jos ostat kaikki yrityksen osakkeet tai osuudet, otat koko liiketoiminnan vastuullesi koskien sen omaisuutta, velkoja, henkil\u00f6st\u00f6\u00e4 ja jo allekirjoitettuja sopimuksia. Samalla jatkat liiketoimintaa yrityksess\u00e4 sen jo olemassa olevalla nimell\u00e4ja y-tunnuksella. Ostamalla yrityksen liiketoiminnan, ostat sen aineelliset hy\u00f6dykkeet (koneet, toimistokalusteet, varastot), immateriaalioikeudet (tavaramerkit, patentit jne.) ja muut oikeudet, kuten sopimukset.<\/p>\n<h2>Yritysoston rahoitus<\/h2>\n<p>Yritysoston rahoittamiseen on monta eri vaihtoehtoa. Yleisin tapa rahoittaa yrityskauppa on pankkilainan ottaminen. Pankkilainan my\u00f6nt\u00e4misen edellytyksen\u00e4 on se, ett\u00e4 yrityksell\u00e4 on kaupanj\u00e4lkeen positiiviset tulevaisuuden n\u00e4kym\u00e4t uusien omistajien johdolla. Lainan takaisinmaksu tapahtuu yrityksen kassavirran avulla. Pankkilainaa voidaan t\u00e4ydent\u00e4\u00e4 my\u00f6s muiden rahoittajien tarjoamilla luotoilla tai sitten omistajien omalla rahoituksella. Jotta yritys voi saada lainaa, on usein edellytyksen\u00e4 vakuudet. Pienemmiss\u00e4 yrityksiss\u00e4 yritysten omistajien tulee asettaa <a href=\"https:\/\/firmalan.com\/fi\/mika-on-henkilotakaus\/\">henkil\u00f6vakuus<\/a> eli yrityksen omistajat ovat viime k\u00e4dess\u00e4 itse vastuussa <a href=\"https:\/\/firmalan.com\/fi\/\">yrityksen lainan<\/a> takaisinmaksusta. Suurilla yrityksill\u00e4 on yleens\u00e4 k\u00e4yt\u00f6ss\u00e4 reaalivakuudet eli yrityksen omaisuus, johon usein sis\u00e4ltyy my\u00f6s esimerkiksi patentit. Lainan lis\u00e4ksi otettavilla vakuuksilla voidaan my\u00f6s vaikuttaa lainan hintaan ja sen ehtoihin.<\/p>\n<p>Jos yritysoston mukana ostetaan itse liiketoiminnan lis\u00e4ksi my\u00f6s yrityksen koneita ja kalustoa, voi rahoituksena k\u00e4ytt\u00e4\u00e4 kohdevakuudellista rahoitusta. T\u00e4ll\u00f6in lainan vakuus on lainan kohde eli esimerkiksi tuotantolaitteet. Pankkilainan lis\u00e4ksi rahoitusta yrityskauppaan voi hakea esimerkiksi <a href=\"https:\/\/firmalan.com\/fi\/337\/finnvera\/\">Finnveralta<\/a>. Finnvera-takaus toimii vakuutena erilaisissa pk-yritysten rahoitustarpeissa ja sit\u00e4 voidaan k\u00e4ytt\u00e4\u00e4 investointien ja k\u00e4ytt\u00f6p\u00e4\u00e4oman lis\u00e4\u00e4misen ohella my\u00f6s liiketoiminta- ja yrityskauppojen rahoitukseen. Sit\u00e4 voi hakea niin pk-yritykset kuin tietyiss\u00e4 tapauksissa my\u00f6s suuryritykset.<\/p>\n<p>Yritysostojen rahoitukseen on saatavissa paljon asiantuntija-apua. Neuvoja antavat Finnvera ja my\u00f6s esimerkiksi ELY-keskuksissa toimivat yritystalouden asiantuntijat. Yrityskaupan rahoitukseen vaikuttavat yrityksen taloudellisen riskinkantokyvyn lis\u00e4ksi yritt\u00e4j\u00e4n oma taloudellinen ja vakuudellinen riskiasema sek\u00e4 rahoittajien tuottovaatimukset.<\/p>\n","protected":false},"excerpt":{"rendered":"<p>Yrityksen ostaminen on yleens\u00e4 helpoin ja nopein tapa p\u00e4\u00e4st\u00e4 yrityksen omistajaksi. Ostamalla jo valmiiksi toimivan yrityksen s\u00e4\u00e4st\u00e4t aikaa ja vaivaa. Yrityskauppa voi my\u00f6s olla tapa laajentaa jo nykyisin toiminnassa olevaa &#8230;<\/p>\n","protected":false},"author":1,"featured_media":0,"parent":0,"menu_order":0,"comment_status":"closed","ping_status":"closed","template":"","meta":{"footnotes":""},"class_list":["post-334","page","type-page","status-publish","hentry"],"_links":{"self":[{"href":"https:\/\/firmalan.com\/fi\/wp-json\/wp\/v2\/pages\/334","targetHints":{"allow":["GET"]}}],"collection":[{"href":"https:\/\/firmalan.com\/fi\/wp-json\/wp\/v2\/pages"}],"about":[{"href":"https:\/\/firmalan.com\/fi\/wp-json\/wp\/v2\/types\/page"}],"author":[{"embeddable":true,"href":"https:\/\/firmalan.com\/fi\/wp-json\/wp\/v2\/users\/1"}],"replies":[{"embeddable":true,"href":"https:\/\/firmalan.com\/fi\/wp-json\/wp\/v2\/comments?post=334"}],"version-history":[{"count":2,"href":"https:\/\/firmalan.com\/fi\/wp-json\/wp\/v2\/pages\/334\/revisions"}],"predecessor-version":[{"id":355,"href":"https:\/\/firmalan.com\/fi\/wp-json\/wp\/v2\/pages\/334\/revisions\/355"}],"wp:attachment":[{"href":"https:\/\/firmalan.com\/fi\/wp-json\/wp\/v2\/media?parent=334"}],"curies":[{"name":"wp","href":"https:\/\/api.w.org\/{rel}","templated":true}]}}