{"id":331,"date":"2019-09-25T17:26:00","date_gmt":"2019-09-25T14:26:00","guid":{"rendered":"https:\/\/firmalan.com\/fi\/?page_id=331"},"modified":"2019-09-26T12:08:41","modified_gmt":"2019-09-26T09:08:41","slug":"starttiraha","status":"publish","type":"page","link":"https:\/\/firmalan.com\/fi\/starttiraha\/","title":{"rendered":"Starttiraha"},"content":{"rendered":"<p>Starttiraha on tarkoitettu yritt\u00e4j\u00e4n tueksi ja sen avulla on haluttu madaltaa ihmisten kynnyst\u00e4 ryhty\u00e4 yritt\u00e4jiksi. T\u00e4st\u00e4 artikkelista saat kaiken tarpeellisen tiedon starttirahasta ja sen hakemisesta<\/p>\n<p><strong>Starttiraha on tukea yritt\u00e4jille<\/strong><\/p>\n<p>Starttiraha on tarkoitettu aloittaville yritt\u00e4jille heid\u00e4n toimeentulonsa turvaamiseksi yritystoiminnan alussa. Se on tarkoitettu nimenomaan yritt\u00e4j\u00e4lle, ei yritykselle. Starttirahaa voi saada silt\u00e4 ajalta, kun yritystoiminta on alkamassa ja sit\u00e4 <a href=\"http:\/\/bot.fi\/311a\">haetaan TE-toimistolta<\/a>. TE-toimisto p\u00e4\u00e4tt\u00e4\u00e4, saako yritt\u00e4j\u00e4 starttirahaa vai ei.<\/p>\n<p><strong>Kenelle starttirahaa my\u00f6nnet\u00e4\u00e4n?<\/strong><\/p>\n<p>Starttirahaa voi saada yritt\u00e4j\u00e4, joka aikoo siirty\u00e4 p\u00e4\u00e4toimiseen yritt\u00e4jyyteen. H\u00e4nen on esitett\u00e4v\u00e4, ett\u00e4 h\u00e4nell\u00e4 on hallussaan riitt\u00e4v\u00e4t tiedot ja taidot suunnitellun yritystoiminnan onnistuneeseen aloitukseen ja ett\u00e4 yrityksell\u00e4 on muutenkin mahdollisuudet olla kannattava ja jatkuvatoimintainen. T\u00e4m\u00e4n lis\u00e4ksi TE-toimisto kartoittaa yritt\u00e4j\u00e4n taloudellisen tilanteen ja selvitt\u00e4\u00e4, onko h\u00e4nell\u00e4 taloudellista tarvetta tuelle.<\/p>\n<p>Starttirahaa tulee hakea ennen kuin yritystoiminta alkaa. Sit\u00e4 tulee hakea jo yritystoiminnan suunnitelmavaiheessa. Sit\u00e4 voi hakea my\u00f6s yritt\u00e4j\u00e4t, jotka ovat aiemmin toimineet sivutoimisina, mutta haluaisivat nyt ryhty\u00e4 p\u00e4\u00e4toimisiksi yritt\u00e4jiksi. Jos yrityksen takana toimii useampi yritt\u00e4j\u00e4, jokainen heist\u00e4 voi hakea TE-toimistolta starttirahaa henkil\u00f6kohtaisesti ja erikseen.<\/p>\n<p>Yleisin syy siihen, miksi starttirahahakemus hyl\u00e4t\u00e4\u00e4n on se, ett\u00e4 yritt\u00e4j\u00e4 on ehtinyt jo aloittaa liiketoiminnanennen hakemuksen k\u00e4sittely\u00e4. Starttiraha on nimenomaan tarkoitettu yritt\u00e4j\u00e4n toimentuloon ja sit\u00e4 ei my\u00f6sk\u00e4\u00e4n my\u00f6nnet\u00e4, mik\u00e4li se on turvattu. Huomioon otetaan my\u00f6s se, ett\u00e4 starttiraha ei s\u00e4\u00e4 v\u00e4\u00e4rist\u00e4\u00e4 kilpailua yrityksen toimialalla ja paikkakunnalla.<\/p>\n<p><strong>Starttirahan hakeminen<\/strong><\/p>\n<p>Hakemisprosessin aloittaminen kannattaa olemalla yhteydess\u00e4 vaikka TE-toimistoon. Keskusteluissa on hyv\u00e4 tuoda ilmi liikeidea ja tuen tarve. Varsinainen hakemus t\u00e4ytet\u00e4\u00e4n TE-palveluiden verkkopalvelussa nimelt\u00e4\u00e4n Oma asiointi-palvelu. Sinne kirjaudutaan tunnistautumalla verkkopankkitunnuksilla tai mobiilivarmenteella. Viel\u00e4 on mahdollista hakea starttirahaa my\u00f6s ihan paperisellakin lomakkeella. Lomakkeen mukaan tulee lis\u00e4t\u00e4 liitteit\u00e4, joihin kuuluu mm. aloittavan yrityksen liiketoimintasuunnitelma sek\u00e4 kannattavuus- ja rahoituslaskelmat.<\/p>\n<p><strong>Paljonko starttiraha on?<\/strong><\/p>\n<p>Starttiraha on 32,40 euroa per p\u00e4iv\u00e4 ja sit\u00e4 maksetaan enint\u00e4\u00e4n viidelt\u00e4 p\u00e4iv\u00e4lt\u00e4 viikossa. Ensimm\u00e4isell\u00e4 hakemuksella tukea voi saada 6 kuukaudelle ja sen j\u00e4lkeen sen jatkumista voi hakea viel\u00e4 6 kuukaudelle lis\u00e4\u00e4. Starttirahasta joutuu maksamaan veroa ja sit\u00e4 verotetaan muutosverokortti etuutta varten -verokortilla, joka tulee lis\u00e4t\u00e4 maksatushakemuksen liitteeksi.<\/p>\n","protected":false},"excerpt":{"rendered":"<p>Starttiraha on tarkoitettu yritt\u00e4j\u00e4n tueksi ja sen avulla on haluttu madaltaa ihmisten kynnyst\u00e4 ryhty\u00e4 yritt\u00e4jiksi. T\u00e4st\u00e4 artikkelista saat kaiken tarpeellisen tiedon starttirahasta ja sen hakemisesta Starttiraha on tukea yritt\u00e4jille Starttiraha &#8230;<\/p>\n","protected":false},"author":1,"featured_media":0,"parent":0,"menu_order":0,"comment_status":"closed","ping_status":"closed","template":"","meta":{"footnotes":""},"class_list":["post-331","page","type-page","status-publish","hentry"],"_links":{"self":[{"href":"https:\/\/firmalan.com\/fi\/wp-json\/wp\/v2\/pages\/331","targetHints":{"allow":["GET"]}}],"collection":[{"href":"https:\/\/firmalan.com\/fi\/wp-json\/wp\/v2\/pages"}],"about":[{"href":"https:\/\/firmalan.com\/fi\/wp-json\/wp\/v2\/types\/page"}],"author":[{"embeddable":true,"href":"https:\/\/firmalan.com\/fi\/wp-json\/wp\/v2\/users\/1"}],"replies":[{"embeddable":true,"href":"https:\/\/firmalan.com\/fi\/wp-json\/wp\/v2\/comments?post=331"}],"version-history":[{"count":2,"href":"https:\/\/firmalan.com\/fi\/wp-json\/wp\/v2\/pages\/331\/revisions"}],"predecessor-version":[{"id":345,"href":"https:\/\/firmalan.com\/fi\/wp-json\/wp\/v2\/pages\/331\/revisions\/345"}],"wp:attachment":[{"href":"https:\/\/firmalan.com\/fi\/wp-json\/wp\/v2\/media?parent=331"}],"curies":[{"name":"wp","href":"https:\/\/api.w.org\/{rel}","templated":true}]}}