{"id":311,"date":"2019-09-22T17:15:52","date_gmt":"2019-09-22T14:15:52","guid":{"rendered":"https:\/\/firmalan.com\/fi\/?page_id=311"},"modified":"2019-09-22T17:15:52","modified_gmt":"2019-09-22T14:15:52","slug":"tietoa-meista","status":"publish","type":"page","link":"https:\/\/firmalan.com\/fi\/tietoa-meista\/","title":{"rendered":"Tietoa meist\u00e4"},"content":{"rendered":"<p>Ennemmin tai my\u00f6hemmin suurin osa yritt\u00e4jist\u00e4 joutuu tilanteeseen, jossa heid\u00e4n on teht\u00e4v\u00e4 lis\u00e4investointeja voidakseen jatkaa kasvuaan ja laajentaakseen liiketoimintaansa. Jos yrityksell\u00e4 ei ole riitt\u00e4v\u00e4\u00e4 rahoitusta yrityksen sis\u00e4ll\u00e4, on v\u00e4ltt\u00e4m\u00e4t\u00f6nt\u00e4 tuoda sille sijoitusp\u00e4\u00e4omaa tai ulkoista rahoitusta muualta.<\/p>\n<p><a href=\"https:\/\/firmalan.com\/fi\/\">Pohjoismainen Firmalaina<\/a> (Nordiska Firmal\u00e5n) on riippumaton yritysrahoitussivusto, joka keskittyy p\u00e4\u00e4asiassa pienille ja keskisuurille yrityksille tarkoitettuihin yrityslainoihin ja luottoihin. Arvioimme erilaisia rahoitusvaihtoehtoja sek\u00e4 pienille ett\u00e4 isoille yrityksille ja vertailemme ehtoja, kuluja, hintoja ja muita vaatimuksia. Firmalan.com tarkastelee ja vertailee sek\u00e4 monialueellisia ett\u00e4 monikielisi\u00e4 verkkosivustojaja pankkeja sek\u00e4 muita yritysrahoituksen tarjoajia Tanskassa, Suomessa, Norjassa ja Ruotsissa.<\/p>\n<p>Vaikka tarjoamme tietoa pohjoismaisista yrityslainoista englanniksi p\u00e4\u00e4sivustollamme, etusijalle asetetaan laadukkaan sis\u00e4ll\u00f6n luominen pohjoismaisille yritysomistajille heid\u00e4n omilla \u00e4idinkielelill\u00e4\u00e4n eli tanskaksi, suomeksi, norjaksi ja ruotsiksi.<\/p>\n<h3>Miksi loimme sivuston \u201dPohjoismainen Firmalaina\u201d?<\/h3>\n<p>Nyky\u00e4\u00e4n kaikkiaan Pohjoismaissa on yhteens\u00e4 noin 3 250000 rekister\u00f6ity\u00e4 yrityst\u00e4*. Suurin osa n\u00e4ist\u00e4 yrityksist\u00e4 on yksityisyritt\u00e4ji\u00e4 tai pieni\u00e4 ja keskisuuria yrityksi\u00e4. Monien n\u00e4iden yritysten on ennemmin tai my\u00f6hemmin hankittava p\u00e4\u00e4omaa ulkopuolelta kasvaakseen.<\/p>\n<p>Useimmissa tapauksissa mahdollisuus saada s\u00e4\u00e4nn\u00f6llinen yrityspankkilaina on kuitenkin v\u00e4h\u00e4inen aloittavalle yritykselle tai pienyrityksen omistajalle. Siksi fintech-yrityksi\u00e4 ja pienempi\u00e4 luotontarjoajia on yh\u00e4 enemm\u00e4n ja ne tarjoavat yrityslainoja ja muunlaista yritysrahoitusta, kuten leasingi\u00e4, factoring-palveluita (ostolaskutus), omaisuuslainoja tai jopa joukkorahoitusta.<\/p>\n<p>Mielest\u00e4mme t\u00e4m\u00e4n p\u00e4iv\u00e4n uudella elinvoimaisella finanssimaailmalla on potentiaalia luoda todellista ja kaivattua kilpailua eri pankkipalvelujen tarjoajien v\u00e4lill\u00e4. Meid\u00e4n osuutemme t\u00e4ss\u00e4 on tarjota avoin lainavertailu, jossa tavoitteeksi on asetettu; tehd\u00e4 yritysrahoituksesta helpommin saatavaa. Toivomme pitk\u00e4ll\u00e4 t\u00e4ht\u00e4imell\u00e4, ett\u00e4 vaikutamme yleisien liiketoiminnan hintojen laskuun tekem\u00e4ll\u00e4 alan helpommin l\u00e4hestytt\u00e4v\u00e4mm\u00e4ksi, l\u00e4pin\u00e4kyv\u00e4mm\u00e4ksi ja vertailukelpoisemmaksi.<\/p>\n<h3>\nPalvelumme<\/h3>\n<p>Pohjoismainen Firmalaina pyrkii aina pit\u00e4m\u00e4\u00e4n verkkosivustomme tiedot ajan<br \/>\ntasalla. Uusia lainoja lis\u00e4t\u00e4\u00e4n jatkuvasti tietokantaamme ja p\u00e4ivitet\u00e4\u00e4n. Emme kuitenkaan voi taata, ett\u00e4 kaikki tiedot ovat aina ajantasaisia ja oikeita, mink\u00e4 vuoksi haluamme muistuttaa sinua lukemaan kaikki asiakirjat ja sopimukset huolellisesti l\u00e4pi ennen uuden lainan ottamista.<\/p>\n<p>Sivustolta poistumisen j\u00e4lkeen tehdyt sopimukset tehd\u00e4\u00e4n suoraan yritt\u00e4j\u00e4n ja lainanantajan v\u00e4lill\u00e4. Joissakin tapauksissa saamme maksun \/ palkkion v\u00e4litt\u00e4jilt\u00e4 ja mahdollisilta lainanottajilta sek\u00e4 heid\u00e4n mainostamisesta sivustolla. Nordiska Firmal\u00e5nilla ei kuitenkaan koskaan ole mit\u00e4\u00e4n osaa lainasopimuksiin, joten kaikki sovittua lainasopimusta koskevat kysymykset, valitukset tai oikeudelliset kysymykset on aina l\u00e4hetett\u00e4v\u00e4 suoraan asianomaisille velkojille.<\/p>\n<p>.<\/p>\n<h3>Tietoja omistajasta<\/h3>\n<p>Firmalan.com on ruotsalaisen tietotekniikkayrityksen Spexer AB:n omistama ja toimii pankeista ja lainanantajista riippumattomasti. Spexer AB:ll\u00e4 on yli 7 vuoden kokemus verkkosivujen kehitt\u00e4misest\u00e4 ja rahoitus- ja talousalan vertailusivustojen kehitt\u00e4misest\u00e4.<\/p>\n<p>* Vaikka sanomme kaikkiaan Pohjoismaissa, Islanti ei ole mukana laskelmassa. Kokonaism\u00e4\u00e4r\u00e4n 3 254 351 laskemiseksi k\u00e4ytettiin seuraavia lukuja: Norja 581956 (2019), Ruotsi 1 228 854 (2018), Tanska 829 000 (2017), Suomi 614 541 (2019) ja ne ker\u00e4ttiin kunkin maan kansallisesta tilastokeskuksesta.<\/p>\n","protected":false},"excerpt":{"rendered":"<p>Ennemmin tai my\u00f6hemmin suurin osa yritt\u00e4jist\u00e4 joutuu tilanteeseen, jossa heid\u00e4n on teht\u00e4v\u00e4 lis\u00e4investointeja voidakseen jatkaa kasvuaan ja laajentaakseen liiketoimintaansa. Jos yrityksell\u00e4 ei ole riitt\u00e4v\u00e4\u00e4 rahoitusta yrityksen sis\u00e4ll\u00e4, on v\u00e4ltt\u00e4m\u00e4t\u00f6nt\u00e4 tuoda &#8230;<\/p>\n","protected":false},"author":1,"featured_media":0,"parent":0,"menu_order":0,"comment_status":"closed","ping_status":"closed","template":"","meta":{"footnotes":""},"class_list":["post-311","page","type-page","status-publish","hentry"],"_links":{"self":[{"href":"https:\/\/firmalan.com\/fi\/wp-json\/wp\/v2\/pages\/311","targetHints":{"allow":["GET"]}}],"collection":[{"href":"https:\/\/firmalan.com\/fi\/wp-json\/wp\/v2\/pages"}],"about":[{"href":"https:\/\/firmalan.com\/fi\/wp-json\/wp\/v2\/types\/page"}],"author":[{"embeddable":true,"href":"https:\/\/firmalan.com\/fi\/wp-json\/wp\/v2\/users\/1"}],"replies":[{"embeddable":true,"href":"https:\/\/firmalan.com\/fi\/wp-json\/wp\/v2\/comments?post=311"}],"version-history":[{"count":1,"href":"https:\/\/firmalan.com\/fi\/wp-json\/wp\/v2\/pages\/311\/revisions"}],"predecessor-version":[{"id":312,"href":"https:\/\/firmalan.com\/fi\/wp-json\/wp\/v2\/pages\/311\/revisions\/312"}],"wp:attachment":[{"href":"https:\/\/firmalan.com\/fi\/wp-json\/wp\/v2\/media?parent=311"}],"curies":[{"name":"wp","href":"https:\/\/api.w.org\/{rel}","templated":true}]}}