{"id":278,"date":"2019-04-08T19:42:52","date_gmt":"2019-04-08T16:42:52","guid":{"rendered":"https:\/\/firmalan.com\/fi\/?page_id=278"},"modified":"2019-04-08T19:42:52","modified_gmt":"2019-04-08T16:42:52","slug":"eu-rahoitus","status":"publish","type":"page","link":"https:\/\/firmalan.com\/fi\/eu-rahoitus\/","title":{"rendered":"EU-rahoitus"},"content":{"rendered":"<p>EU-rahoitusta on mahdollista saada kaikenlaiset yritykset. Sit\u00e4 voivat hakea yritt\u00e4j\u00e4t, startup-yritykset, mikroyritykset, pk-yritykset ja suuret yritykset. Yrityksen koolla ja toimialalla ei ole merkityst\u00e4. EU:lla on tarjota monenlaisia vaihtoehtoja rahoitukselle kuten erilaiset lainat, mikrorahoitus, takaukset sek\u00e4 riskip\u00e4\u00e4omarahoitus. EU:n rahoituksen hakeminen on suosittua, sill\u00e4 joka vuosi sit\u00e4 saa yli 200\u00a0000 yrityst\u00e4.<\/p>\n<p>EU:n rahoituksen tarjoamisesta viime k\u00e4dess\u00e4 tekev\u00e4t paikalliset rahoituslaitokset kuten pankit, p\u00e4\u00e4omasijoittajat ja bisnesenkelit. Rahoituslaitoksista saa rahoituksen tarkemmat ehdot, kuten sen m\u00e4\u00e4r\u00e4n, laina-ajan, koron suuruuden ja maksut.<\/p>\n<p>EU:lla on monenlaisia erilaisia projekteja ja ohjelmia, joista voi hakea lainaa. Esimerkiksi sen COSME-ohjelma on tarkoitettu pk-yrityksille, jotka tarvitsevat lainaa enint\u00e4\u00e4n 150\u00a0000 euroa. Se tarjoaa yrityksille p\u00e4\u00e4omarahoitusta kun ne ovat kasvu- ja laajentumisvaiheessa. EU:n InnovFin-ohjelma tarjoaa lainoja ja takauksia innovatiivisille yrityksille. Se rahoittaa sek\u00e4 yritysten erilaisia tutkimushankkeita ett\u00e4 kehityshankkeita ja tarjoaa p\u00e4\u00e4omarahoitusta yritykselle niiden k\u00e4ynnistysvaiheessa ja alkuvaiheessa.<\/p>\n<p>Pk-yrityksille on tarjolla my\u00f6s kohdennettua v\u00e4linett\u00e4, joka tarjoaa rahoitusta ja valmennustukea innovatiivisille pk-yrityksille. Ensimm\u00e4isess\u00e4 vaiheessa k\u00e4yd\u00e4\u00e4n l\u00e4pi rahoitus konseptiin ja sen toteutettavuuteen, toisessa vaiheessa demonstrointiin ja markkinareplikointiin sek\u00e4 T&amp;K:N ja viimeisess\u00e4 vaiheessa keskityt\u00e4\u00e4n kaupallistamiseen.<\/p>\n<p>EU:n Luova Eurooppa-niminen projekti tarjoaa erilaisia lainoja kaikille kulttuurialan ja luovien toimialojen pienille ja keskisuurille yrityksille. Vaihtoehtoja on siis olemassa paljon ja jokaisen rahoitusprojektin ominaispiirteisiin voi perehty\u00e4 niiden omilla nettisivuilla.<\/p>\n<h2><strong>Horizon 2020<\/strong><\/h2>\n<p>Horizon 2020 eli <strong>Horisontti 2020<\/strong> on EU:n ohjelma, joka rahoittaa sek\u00e4 tutkimusta ett\u00e4 innovaatioita. Yhteens\u00e4 sill\u00e4 on melkein 80 miljardin euron suuruinen budjetti, joka on varattu vuosille 2014-2929. T\u00e4m\u00e4n ohjelman avulla on tarkoitus luoda kasvua ja uusia ty\u00f6paikkoja Eurooppaan. Horizon 2020 tukee EU-alueen tieteellist\u00e4 osaamista, sill\u00e4 se tukee uusia teknologioita ja innovaatioita sek\u00e4 auttaa rahallisesti niiden kehitt\u00e4misess\u00e4 sek\u00e4 k\u00e4ytt\u00f6\u00f6notossa. Horizon 2020 etsii my\u00f6s ratkaisuja suuriin yhteiskunnallisiin haasteisiin, joita Euroopassa riitt\u00e4\u00e4.<\/p>\n<p>Horizon 2020 -ohjelmaan voivat osallistua yritykset, yliopistot, korkeakoulut, tutkimuslaitokset tai yksitt\u00e4iset tutkijat tai esimerkiksi liitot ja kaupungit. Hakemus tulee l\u00e4hett\u00e4\u00e4 suoraan Euroopan komissioon Brysseliin ja siell\u00e4 my\u00f6s p\u00e4\u00e4tet\u00e4\u00e4n rahoituksesta.<\/p>\n<p>Horizon 2020 -ohjelmaan kuuluu monta pilaria, joilla on erilaisia tavoitteita. Sen toiseen pilariin kuuluu eurooppalaisten yritysten aseman parantaminen kansainv\u00e4lisess\u00e4 kilpailussa. T\u00e4t\u00e4 tuetaan avustamalla uusien teknologien sek\u00e4 innovaatioiden kehityst\u00e4 ja niiden k\u00e4ytt\u00f6\u00f6nottoa. Tavoitteena on tehd\u00e4 EU:sta entist\u00e4 houkuttelevampi kohde erilaisille investoinneille, jotka liittyv\u00e4t innovointiin. Pk-yritysten tarpeet on huomioitu Horisontissa eritt\u00e4in kattavasti. Yksi ohjelman p\u00e4\u00e4tavoitteista on nimenomaan tukea pk-yrityksi\u00e4, jotta niist\u00e4 voi kasvaa tulevaisuudessa isoja yrityksi\u00e4.<\/p>\n<p>Horizon 2020-ohjelmaan kuuluu my\u00f6s Tiedett\u00e4 yhteiskunnan kanssa ja yhteiskunnan hyv\u00e4ksi-ohjelma. Sen tavoitteena on kaventaa kuilua, joka vallitsee tieteen ammattilaisten ja suuren yleis\u00f6n v\u00e4lill\u00e4. Sen tavoitteisiin kuuluu my\u00f6s edist\u00e4\u00e4 kiinnostusta tieteelliseen kulttuuriin. Tiedeopetus ja nuorten kiinnostuksen lis\u00e4\u00e4minen tiedett\u00e4 kohtaan ovat yksi t\u00e4m\u00e4n pilarin t\u00e4rkeimmist\u00e4 tavoitteista.<\/p>\n","protected":false},"excerpt":{"rendered":"<p>EU-rahoitusta on mahdollista saada kaikenlaiset yritykset. Sit\u00e4 voivat hakea yritt\u00e4j\u00e4t, startup-yritykset, mikroyritykset, pk-yritykset ja suuret yritykset. Yrityksen koolla ja toimialalla ei ole merkityst\u00e4. EU:lla on tarjota monenlaisia vaihtoehtoja rahoitukselle kuten &#8230;<\/p>\n","protected":false},"author":1,"featured_media":0,"parent":0,"menu_order":0,"comment_status":"closed","ping_status":"closed","template":"","meta":{"footnotes":""},"class_list":["post-278","page","type-page","status-publish","hentry"],"_links":{"self":[{"href":"https:\/\/firmalan.com\/fi\/wp-json\/wp\/v2\/pages\/278","targetHints":{"allow":["GET"]}}],"collection":[{"href":"https:\/\/firmalan.com\/fi\/wp-json\/wp\/v2\/pages"}],"about":[{"href":"https:\/\/firmalan.com\/fi\/wp-json\/wp\/v2\/types\/page"}],"author":[{"embeddable":true,"href":"https:\/\/firmalan.com\/fi\/wp-json\/wp\/v2\/users\/1"}],"replies":[{"embeddable":true,"href":"https:\/\/firmalan.com\/fi\/wp-json\/wp\/v2\/comments?post=278"}],"version-history":[{"count":1,"href":"https:\/\/firmalan.com\/fi\/wp-json\/wp\/v2\/pages\/278\/revisions"}],"predecessor-version":[{"id":279,"href":"https:\/\/firmalan.com\/fi\/wp-json\/wp\/v2\/pages\/278\/revisions\/279"}],"wp:attachment":[{"href":"https:\/\/firmalan.com\/fi\/wp-json\/wp\/v2\/media?parent=278"}],"curies":[{"name":"wp","href":"https:\/\/api.w.org\/{rel}","templated":true}]}}