{"id":275,"date":"2019-04-08T19:39:46","date_gmt":"2019-04-08T16:39:46","guid":{"rendered":"https:\/\/firmalan.com\/fi\/?page_id=275"},"modified":"2019-04-08T19:39:46","modified_gmt":"2019-04-08T16:39:46","slug":"riskipaaoma-ja-bisnesenkeli","status":"publish","type":"page","link":"https:\/\/firmalan.com\/fi\/riskipaaoma-ja-bisnesenkeli\/","title":{"rendered":"Riskip\u00e4\u00e4oma ja Bisnesenkeli"},"content":{"rendered":"<p>Bisnesenkelit (yritysenkeli) ovat yleens\u00e4 yksityisi\u00e4 henkil\u00f6it\u00e4, jotka toimivat p\u00e4\u00e4omasijoittajina. He sijoittavat yleens\u00e4 p\u00e4\u00e4omiaan kasvuyrityksiin. Yleens\u00e4 bisnesenkeleiden sijoitussummat liikkuvat monissa kymmeniss\u00e4 tuhansissa, mutta toisinaan jopa sadoissa tuhansissa. Bisnesenkelit odottavat tuottoja p\u00e4\u00e4omalleen melko nopeasti, sill\u00e4 keskim\u00e4\u00e4r\u00e4isesti sijoitusaika heill\u00e4 on noin 2-4 vuotta. Bisnesenkelit auttavat kasvuyrityksi\u00e4 my\u00f6s muilla tavoin kuin pelk\u00e4st\u00e4\u00e4n rahallisen sijoituksen muodossa. Heill\u00e4 on yleens\u00e4 vankka kokemus liiketoiminnan alalta ja t\u00e4m\u00e4n lis\u00e4ksi kattavat verkostot kollegoita ja kanssayritt\u00e4ji\u00e4. Heid\u00e4n neuvojensa avulla kasvuyritys saa hyv\u00e4\u00e4 nostetta toiminnalleen ja mahdollisuudet menestyksekk\u00e4\u00e4seen liiketoimintaan kasvavat entisest\u00e4\u00e4n. Bisnesenkelit voivat esimerkiksi toimia sijoituskohteessaan my\u00f6s hallituksen j\u00e4senin\u00e4 tai auttamalla yrityst\u00e4 luomaan parempia yhteisty\u00f6verkostoja.<\/p>\n<p>Bisnesenkeleit\u00e4 kutsutaan my\u00f6s riskip\u00e4\u00e4omasijoittajiksi. Heid\u00e4n tavoitteenaan on etsi\u00e4 sijoituksilleen kohde, jolla on sek\u00e4 potentiaalinen kehitysn\u00e4kym\u00e4 ett\u00e4 kunnianhimoa. Yrityksest\u00e4 pit\u00e4isi saada sijoitukselle merkitt\u00e4v\u00e4 arvonnousu. Riskip\u00e4\u00e4omasijoittajat eroavat pankkien tarjoamista lainoista siin\u00e4, ett\u00e4 pankit edellytt\u00e4v\u00e4t yleens\u00e4 aina erilaisia vakuuksia lainalle. Riskip\u00e4\u00e4omasijoittajat eiv\u00e4t vaadi lainalleen vakuuksia, sill\u00e4 heid\u00e4n riskienhallintansa pohjautuu pelk\u00e4st\u00e4\u00e4n heid\u00e4n omien arvioittensa pohjalle.<\/p>\n<p>T\u00e4llainen sijoittaminen on tietenkin suuririskist\u00e4, koska vakuuksia ei ole. T\u00e4m\u00e4n vuoksi riskip\u00e4\u00e4omarahoitus on suurempi korkoisempaa kuin tavallinen pankkilaina. Koska lainanantajilla on takuut, bisnesenkelit vaativat suurempia tuottoja itselleen, sill\u00e4 suostuvat lainaamaan rahaa ilman vakuudettomasti ja lis\u00e4ksi usein viel\u00e4 tuovat veloituksetta oman osaamisensa ja verkostonsa yrityksen hy\u00f6dynnett\u00e4viksi. Vastineeksi riskip\u00e4\u00e4omasijoittavat saavat yleens\u00e4 v\u00e4hemmist\u00f6osakkuuden yrityksest\u00e4, josta he jonkin ajan kuluttua luopuvat.<\/p>\n","protected":false},"excerpt":{"rendered":"<p>Bisnesenkelit (yritysenkeli) ovat yleens\u00e4 yksityisi\u00e4 henkil\u00f6it\u00e4, jotka toimivat p\u00e4\u00e4omasijoittajina. He sijoittavat yleens\u00e4 p\u00e4\u00e4omiaan kasvuyrityksiin. Yleens\u00e4 bisnesenkeleiden sijoitussummat liikkuvat monissa kymmeniss\u00e4 tuhansissa, mutta toisinaan jopa sadoissa tuhansissa. Bisnesenkelit odottavat tuottoja p\u00e4\u00e4omalleen &#8230;<\/p>\n","protected":false},"author":1,"featured_media":0,"parent":0,"menu_order":0,"comment_status":"closed","ping_status":"closed","template":"","meta":{"footnotes":""},"class_list":["post-275","page","type-page","status-publish","hentry"],"_links":{"self":[{"href":"https:\/\/firmalan.com\/fi\/wp-json\/wp\/v2\/pages\/275","targetHints":{"allow":["GET"]}}],"collection":[{"href":"https:\/\/firmalan.com\/fi\/wp-json\/wp\/v2\/pages"}],"about":[{"href":"https:\/\/firmalan.com\/fi\/wp-json\/wp\/v2\/types\/page"}],"author":[{"embeddable":true,"href":"https:\/\/firmalan.com\/fi\/wp-json\/wp\/v2\/users\/1"}],"replies":[{"embeddable":true,"href":"https:\/\/firmalan.com\/fi\/wp-json\/wp\/v2\/comments?post=275"}],"version-history":[{"count":1,"href":"https:\/\/firmalan.com\/fi\/wp-json\/wp\/v2\/pages\/275\/revisions"}],"predecessor-version":[{"id":276,"href":"https:\/\/firmalan.com\/fi\/wp-json\/wp\/v2\/pages\/275\/revisions\/276"}],"wp:attachment":[{"href":"https:\/\/firmalan.com\/fi\/wp-json\/wp\/v2\/media?parent=275"}],"curies":[{"name":"wp","href":"https:\/\/api.w.org\/{rel}","templated":true}]}}