{"id":272,"date":"2019-04-08T19:36:14","date_gmt":"2019-04-08T16:36:14","guid":{"rendered":"https:\/\/firmalan.com\/fi\/?page_id=272"},"modified":"2020-11-28T21:40:52","modified_gmt":"2020-11-28T19:40:52","slug":"yrityskortti","status":"publish","type":"page","link":"https:\/\/firmalan.com\/fi\/yrityskortti\/","title":{"rendered":"Yrityskortti"},"content":{"rendered":"<p>Yritykselle kannattaa hankkia oma luottokortti, sill\u00e4 siit\u00e4 on paljon monia hy\u00f6tyj\u00e4. Voit esimerkiksi hoitaa yrityksen maksut joko euroissa tai ulkomaalaisissa valuutoissa. Se on siis eritt\u00e4in k\u00e4tev\u00e4 esimerkiksi ty\u00f6matkoilla, jotka suuntautuvat ulkomaille. Yrityskortin avulla yrityksesi kirjanpito my\u00f6s yksinkertaistuu, sill\u00e4 saatte v\u00e4hem\u00e4n s\u00e4hk\u00f6isi\u00e4 laskuja.<\/p>\n<p>Yritykselle hankittava Corporate Gold-kortti sopii matkakulujen, edustuskulujen ja kaikenlaisten pienten ostosten maksamiseen yhten\u00e4isell\u00e4 tavalla. Kortti on hyv\u00e4 valinta etenkin, jos yrityksesi tarvitsee maksuaikaa ostoksille tai niit\u00e4 t\u00e4ytyy hoitaa luotolla.<\/p>\n<p>Kun yrityksell\u00e4si on pidempi maksuaika, se tehostaa my\u00f6s kassanhallintaa. Koska laskuja tulee v\u00e4hemm\u00e4n ja n\u00e4in ollen kaikenlainen ylim\u00e4\u00e4r\u00e4inen laskujenpy\u00f6rittely ja manuaalisen ty\u00f6n m\u00e4\u00e4r\u00e4 v\u00e4henee, tarkoittaa se samalla s\u00e4\u00e4st\u00f6jen kertymist\u00e4 yrityksellesi. Yrityksell\u00e4si ei tarvitse en\u00e4\u00e4 olla k\u00e4teiskassaa ja samalla yksitt\u00e4isi\u00e4 ostolaskuja tulee paljon v\u00e4hemm\u00e4n, koska ostokset voi keskitt\u00e4\u00e4 luottokortille. T\u00e4m\u00e4n lis\u00e4ksi yritys voi seurata kuluja ja menoja aina l\u00e4hes reaaliaikaisesti k\u00e4tev\u00e4sti netin verkkopankin kautta.<\/p>\n<p>My\u00f6s ty\u00f6ntekij\u00f6ille kortista on tietenkin paljon etua, sill\u00e4 sit\u00e4 k\u00e4ytt\u00e4m\u00e4ll\u00e4 heid\u00e4n henkil\u00f6kohtaiset luottolimiitit eiv\u00e4t kulu. K\u00e4ytt\u00e4m\u00e4ll\u00e4 l\u00e4himaksuominaisuutta maksaminen onnistuu nopeasti my\u00f6s ty\u00f6ntekij\u00f6ilt\u00e4. He voivat halutessaan asettaa kortille my\u00f6s omavalintaisen PIN-koodin.<\/p>\n<p>Business Card on tarkoitettu kansainv\u00e4liseksi maksu- tilitys- ja automaattikortiksi. Sen kautta ostokset voi maksaa suoraan korttiin liitetylt\u00e4 yritystililt\u00e4. Samalla tilill\u00e4 voi olla useampia kortteja. T\u00e4m\u00e4 kortti on hyv\u00e4 valinta, jos yritys ei tarvitse luottoa tai maksuaikaa ja sen avulla on mahdollista tehd\u00e4 my\u00f6s p\u00e4iv\u00e4kassatilityksi\u00e4 milloin tahansa talletusautomaateilla eli se sopii yrityksille, joiden toiminnassa liikkuu paljon k\u00e4teist\u00e4.<\/p>\n<p><strong>Luottokortti yritykselle \u00a0<\/strong><\/p>\n<p>Yritysluottokorteissa on paljon valinnan varaa. Kaikki suurimmat kotimaiset pankit kuten Nordea, OP, \u00c5landsbanken, Aktia, Handelsbanken sek\u00e4 my\u00f6s ulkomaiset vaihtoehdot kuten Bank Norwegian tarjoavat yrityksille luottokortteja. Suosituimmat vaihtoehdot yrityksen luottokortiksi ovat joko Visa tai Mastercard.<\/p>\n<p>Mastercard BusinessCard helpottaa yrityksen hallintoa, sill\u00e4 sen avulla voi s\u00e4\u00e4st\u00e4\u00e4 aikaa sek\u00e4 rahaa ja yritys p\u00e4\u00e4see keskittym\u00e4\u00e4n ydintoimintoihinsa. Voit k\u00e4ytt\u00e4\u00e4 my\u00f6s korttiin kuuluvia monia ainutlaatuisia etuja sek\u00e4 siihen sis\u00e4ltyvi\u00e4 vakuutuksia. Esimerkiksi korttiin kuuluva matkavakuutus voi olla hyv\u00e4 etu. Kortin sis\u00e4ll\u00f6ss\u00e4 voi olla eroja riippuen sit\u00e4 my\u00f6nt\u00e4v\u00e4st\u00e4 pankista, joten t\u00e4m\u00e4 kannattaa muista pankkia valitessa. Tarkka kortinvalitsija tarkistaa erot eri pankkien v\u00e4lill\u00e4, jotta kortista saa varmasti mahdollisimman suuren edun irti.\u00a0 Mastercardia voi k\u00e4ytt\u00e4\u00e4 yli 39 miljoonassa myyntipisteess\u00e4 ymp\u00e4ri maailmaa sek\u00e4 tietysti my\u00f6s verkko-ostoksissa. Mik\u00e4\u00e4n muu ei ole yht\u00e4 hyv\u00e4ksytty. K\u00e4ytt\u00e4m\u00e4ll\u00e4 yritysluottokorttia yritys pystyy paremmin valvomaan rahojen k\u00e4ytt\u00f6\u00e4 ja ostoja sek\u00e4 ostajia. Mastercardilla on monenlaisia eri vaihtoehtoja yritysluottokorteiksi, joissa kaikissa on omat hyv\u00e4t puolensa.<\/p>\n<p>Monet Mastercardia ja Visaa pienemm\u00e4t luotonantajat tarjoavat my\u00f6s omia luottokorttejaan yrityksille, joita usein voi hakea k\u00e4tev\u00e4sti netin kautta. My\u00f6s esimerkiksi American Expressill\u00e4 on yrityksille r\u00e4\u00e4t\u00e4l\u00f6ityj\u00e4 paketteja. Suurille yrityksille voi olla my\u00f6s mahdollista hankkia juuri heid\u00e4n tarpeisiinsa muokattuja luottokortteja. Ty\u00f6ntekij\u00f6iden v\u00e4\u00e4rink\u00e4yt\u00f6ksi\u00e4 ei tarvitse pel\u00e4t\u00e4, jos ottaa sellaisen luottokortin, johon kuuluu turva v\u00e4\u00e4rink\u00e4yt\u00f6sten varalle.<\/p>\n<div style='display:none'>Adservice Comparison Feed: Could not find feed with ID \"firmacredit1\"<\/div>\n<script>console.log('Adservice Comparison Feed: Could not find feed with ID \"firmacredit1\"');<\/script>\n","protected":false},"excerpt":{"rendered":"<p>Yritykselle kannattaa hankkia oma luottokortti, sill\u00e4 siit\u00e4 on paljon monia hy\u00f6tyj\u00e4. Voit esimerkiksi hoitaa yrityksen maksut joko euroissa tai ulkomaalaisissa valuutoissa. Se on siis eritt\u00e4in k\u00e4tev\u00e4 esimerkiksi ty\u00f6matkoilla, jotka suuntautuvat &#8230;<\/p>\n","protected":false},"author":1,"featured_media":0,"parent":0,"menu_order":0,"comment_status":"closed","ping_status":"closed","template":"","meta":{"footnotes":""},"class_list":["post-272","page","type-page","status-publish","hentry"],"_links":{"self":[{"href":"https:\/\/firmalan.com\/fi\/wp-json\/wp\/v2\/pages\/272","targetHints":{"allow":["GET"]}}],"collection":[{"href":"https:\/\/firmalan.com\/fi\/wp-json\/wp\/v2\/pages"}],"about":[{"href":"https:\/\/firmalan.com\/fi\/wp-json\/wp\/v2\/types\/page"}],"author":[{"embeddable":true,"href":"https:\/\/firmalan.com\/fi\/wp-json\/wp\/v2\/users\/1"}],"replies":[{"embeddable":true,"href":"https:\/\/firmalan.com\/fi\/wp-json\/wp\/v2\/comments?post=272"}],"version-history":[{"count":2,"href":"https:\/\/firmalan.com\/fi\/wp-json\/wp\/v2\/pages\/272\/revisions"}],"predecessor-version":[{"id":407,"href":"https:\/\/firmalan.com\/fi\/wp-json\/wp\/v2\/pages\/272\/revisions\/407"}],"wp:attachment":[{"href":"https:\/\/firmalan.com\/fi\/wp-json\/wp\/v2\/media?parent=272"}],"curies":[{"name":"wp","href":"https:\/\/api.w.org\/{rel}","templated":true}]}}