{"id":268,"date":"2019-04-08T19:16:36","date_gmt":"2019-04-08T16:16:36","guid":{"rendered":"https:\/\/firmalan.com\/fi\/?page_id=268"},"modified":"2020-11-28T21:34:43","modified_gmt":"2020-11-28T19:34:43","slug":"mika-on-henkilotakaus","status":"publish","type":"page","link":"https:\/\/firmalan.com\/fi\/mika-on-henkilotakaus\/","title":{"rendered":"Mik\u00e4 on henkil\u00f6takaus?"},"content":{"rendered":"<p>Takauksella tarkoitetaan yleens\u00e4 juuri henkil\u00f6takausta. Silloin lainan velallisen maksuvelvoitteen ottaa vastattavakseen joku toinen henkil\u00f6 lainan ottajan lis\u00e4ksi. Yleens\u00e4 henkil\u00f6takaaja on joku velallisen l\u00e4hipiirist\u00e4, kuten perheenj\u00e4sen tai sukulainen, mutta se voi olla my\u00f6s joku ulkopuolinen henkil\u00f6, joka haluaa auttaa velallista saamaan lainan ja samalla vastata sen maksusta. Henkil\u00f6takauksessa voi ottaa takaukseen joko osan lainasta koko lainan. Yleens\u00e4 takaus konkretisoituu silloin, kun lainan ottaja ei selviydyk\u00e4\u00e4n lainan maksusta ja laina er\u00e4\u00e4ntyy. Jos velallinen todetaan maksukyvytt\u00f6m\u00e4ksi, maksuvelvollisuus siirtyy takaajalle.<\/p>\n<p>Henkil\u00f6takaajaa sitoutuu takaukseen, eik\u00e4 siit\u00e4 voi vapautua en\u00e4\u00e4 my\u00f6hemmin, ellei velkoja suostu siihen. Takaajan vastuu velasta ulottuu h\u00e4nen koko omaisuuteen, joten pahimmassa takauksessa velka voidaan ulosmittauksen kautta lunastaa h\u00e4nelt\u00e4 pois. T\u00e4m\u00e4n vuoksi takaajaksi ryhtyminen on aina riski ja sit\u00e4 tulee harkita tarkkaan. Nykyisin takaajaksi ryhdyt\u00e4\u00e4n en\u00e4\u00e4 harvoin. Mik\u00e4li takaussumma on enemm\u00e4n, kuin mit\u00e4 takaajalla on varaa maksaa, kannattaa mietti\u00e4, kannattaako takaajaksi ryhty\u00e4 ollenkaan.<\/p>\n<p>Aiemmin henkil\u00f6takausta k\u00e4ytettiin mm. asuntolainojen takauksena, mutta nykyisin se on en\u00e4\u00e4 harvinaista. Henkil\u00f6takaus voi silti olla viel\u00e4 monen lainan vakuutena ja esimerkiksi yritysten lainoissa yrityksen vastuuhenkil\u00f6t ovat yleens\u00e4 henkil\u00f6takaajina yrityksen lainoissa. Henkil\u00f6takausta voidaan kuitenkin k\u00e4ytt\u00e4\u00e4 ns. t\u00e4ytetakauksena my\u00f6s asuntolainoissa, jolloin osa lainasummasta taataan henkil\u00f6takauksen kautta. Nykyisin eritysesti nuoret henkil\u00f6t voivat k\u00e4ytt\u00e4\u00e4 valtiotakausta asuntolainoissaan, joten t\u00e4m\u00e4 takausmuoto ei ole en\u00e4\u00e4 niin suosittu.<\/p>\n<div style='display:none'>Adservice Comparison Feed: Could not find feed with ID \"fi001\"<\/div>\n<script>console.log('Adservice Comparison Feed: Could not find feed with ID \"fi001\"');<\/script>\n","protected":false},"excerpt":{"rendered":"<p>Takauksella tarkoitetaan yleens\u00e4 juuri henkil\u00f6takausta. Silloin lainan velallisen maksuvelvoitteen ottaa vastattavakseen joku toinen henkil\u00f6 lainan ottajan lis\u00e4ksi. Yleens\u00e4 henkil\u00f6takaaja on joku velallisen l\u00e4hipiirist\u00e4, kuten perheenj\u00e4sen tai sukulainen, mutta se voi &#8230;<\/p>\n","protected":false},"author":1,"featured_media":0,"parent":0,"menu_order":0,"comment_status":"closed","ping_status":"closed","template":"","meta":{"footnotes":""},"class_list":["post-268","page","type-page","status-publish","hentry"],"_links":{"self":[{"href":"https:\/\/firmalan.com\/fi\/wp-json\/wp\/v2\/pages\/268","targetHints":{"allow":["GET"]}}],"collection":[{"href":"https:\/\/firmalan.com\/fi\/wp-json\/wp\/v2\/pages"}],"about":[{"href":"https:\/\/firmalan.com\/fi\/wp-json\/wp\/v2\/types\/page"}],"author":[{"embeddable":true,"href":"https:\/\/firmalan.com\/fi\/wp-json\/wp\/v2\/users\/1"}],"replies":[{"embeddable":true,"href":"https:\/\/firmalan.com\/fi\/wp-json\/wp\/v2\/comments?post=268"}],"version-history":[{"count":2,"href":"https:\/\/firmalan.com\/fi\/wp-json\/wp\/v2\/pages\/268\/revisions"}],"predecessor-version":[{"id":406,"href":"https:\/\/firmalan.com\/fi\/wp-json\/wp\/v2\/pages\/268\/revisions\/406"}],"wp:attachment":[{"href":"https:\/\/firmalan.com\/fi\/wp-json\/wp\/v2\/media?parent=268"}],"curies":[{"name":"wp","href":"https:\/\/api.w.org\/{rel}","templated":true}]}}