{"id":216,"date":"2019-03-15T11:38:47","date_gmt":"2019-03-15T09:38:47","guid":{"rendered":"https:\/\/firmalan.com\/fi\/?page_id=216"},"modified":"2020-11-28T21:30:08","modified_gmt":"2020-11-28T19:30:08","slug":"factoring-rahoitus","status":"publish","type":"page","link":"https:\/\/firmalan.com\/fi\/factoring-rahoitus\/","title":{"rendered":"Mik\u00e4 on factoring rahoitus?"},"content":{"rendered":"<p>Factoring on yksi yrityksen rahoitusmuodoista, jossa rahoitusyhti\u00f6 tarjoaa luottoa yrityksen laskusaatavia vastaan. K\u00e4yt\u00e4nn\u00f6ss\u00e4 se on siis laskusaatavien rahoittamista tilanteissa, joissa yrityksen tarvitsee saada avoimien laskujen summat tililleen mahdollisimman nopeasti.<\/p>\n<p>Factoringia tarjoaa monet netin rahoitusyhti\u00f6t kuten my\u00f6s pankit. Factoringin avulla yrityksen k\u00e4ytt\u00f6p\u00e4\u00e4omaa voidaan nostaa hyvin nopeasti tai lis\u00e4t\u00e4 sen maksukyky\u00e4. Kun yrityksen myyntilaskut siirret\u00e4\u00e4n rahoitusyhti\u00f6n haltuun, maksaa rahoitusyhti\u00f6 laskuista summan yrityksen tilille. Yleens\u00e4 laskusaatavien arvosta maksetaan noin 80 % samana p\u00e4iv\u00e4n\u00e4 kun ne on siirretty rahoitusyhti\u00f6n haltuun. Loppusumma tilitet\u00e4\u00e4n kun laskutettava on suorittanut laskun arvon rahoitusyhti\u00f6lle. Rahoitusyhti\u00f6 huolehtii my\u00f6s perinn\u00e4st\u00e4 ja maksujen seurannasta, mik\u00e4li suoritusta laskutettavalta ei ala kuulua. Alkuper\u00e4isen laskuttajan ei siis tarvitse huolehtia siit\u00e4, ett\u00e4 laskujen perint\u00e4 k\u00e4ynnistet\u00e4\u00e4n. Niin kauan kuin factoringsopimus on voimassa, laskujen perint\u00e4 hoituu rahoitusyhti\u00f6n toimesta.<\/p>\n<p>Yleens\u00e4 factoringpalvelu on jatkuvaa eli kun sopimus tehd\u00e4\u00e4n rahoitusyhti\u00f6n kanssa, yritys sitoutuu siirt\u00e4m\u00e4\u00e4n kaikki sen laskusaatavat rahoitusyhti\u00f6n haltuun. Toisinaan on mahdollista siirt\u00e4\u00e4 my\u00f6s yksitt\u00e4isi\u00e4 laskuja rahoitusyhti\u00f6lle, t\u00e4m\u00e4 kaikki riippuu rahoitusyhti\u00f6st\u00e4 ja sen sopimusehdoista.<\/p>\n<p>Factoring ei kuitenkaan ole ilmaista, sill\u00e4 my\u00f6s rahoitusyhti\u00f6 haluaa korvausta t\u00e4st\u00e4 prosessista. Laskurahoituksen hintaan vaikuttaa sopimus, jonka perusteella laskurahoitus aloitetaan. Kulut voivat esimerkiksi muodostua laskuja vastaan my\u00f6nnetyn lainan korosta, provisioista, jotka liittyv\u00e4t laskuihin kun ne siirtyv\u00e4t rahoitusyhti\u00f6lle ja palvelumaksuista, jotka voivat olla joka kuukausittaisia tai kerran vuodessa peritt\u00e4vi\u00e4.<\/p>\n<h3>Asiakas ei maksa laskua &#8211; Myy yrityksesi laskut<\/h3>\n<p>Moni yritt\u00e4j\u00e4 ja yritys on joutunut kohtaamaan tilanteen, jossa yrityksen tuotteita tai palveluita on ostettu laskulla, mutta asiakas j\u00e4tt\u00e4\u00e4 laskun maksamatta. Asiakas ei my\u00f6sk\u00e4\u00e4n reagoi h\u00e4nelle osoitettuihin laskuihin. T\u00e4m\u00e4 tietenkin aiheuttaa ongelmia yrityksen kassavirralle, sill\u00e4 etenkin kalliiden tuotteiden ollessa kyseess\u00e4 puuttuvista summista saattaa ajan saatossa muodostua isojakin aukkoja yrityksen kassaan. Mit\u00e4 siis kannattaa tehd\u00e4, jos asiakas ei suostu maksamaan laskua tai per\u00e4ti riitauttaa sen?<\/p>\n<p>Jos asiakas ei maksa yrityksesi laskuja, sinulla on kaksi vaihtoehtoa. Joko aloittaa perint\u00e4toimiston kautta perint\u00e4prosessi tai sitten myyd\u00e4 yrityksesi laskut rahoitusyritykselle. Perint\u00e4lain mukaan riitautettua saatavaa koskevaa perint\u00e4\u00e4 ei voi tehd\u00e4 pelk\u00e4ll\u00e4 kirjeperinn\u00e4ll\u00e4, vaan se on toteutettava lakimiehen kautta.<\/p>\n<p>Yleens\u00e4 erilaiset laskurahoitukseen keskittyneet yritykset eiv\u00e4t hyv\u00e4ksy er\u00e4\u00e4ntyneit\u00e4 laskuja. Tosin poikkeuksiakin on ja t\u00e4ll\u00f6in laskurahoituksen k\u00e4ytt\u00e4minen on k\u00e4tev\u00e4 tapa p\u00e4\u00e4st\u00e4 eroon er\u00e4\u00e4ntyneist\u00e4 saatavista. K\u00e4yt\u00e4nn\u00f6ss\u00e4 t\u00e4m\u00e4 tarkoittaa sit\u00e4, ett\u00e4 myyt laskusi rahoitusyhti\u00f6lle ja saat niit\u00e4 vastaan rahaa heti yrityksesi tilille. Rahasumma ei tietenk\u00e4\u00e4n ole yht\u00e4 suuri kuin avoimet laskut, sill\u00e4 rahoitusyhti\u00f6 haluaa veloittaa kulun t\u00e4st\u00e4 toiminnasta, muutenhan se ei siit\u00e4 hy\u00f6tyisi mitenk\u00e4\u00e4n. Yleens\u00e4 laskurahoituksessa hinnat liikkuvat noin 2-10 %:n v\u00e4lill\u00e4 laskun loppusummasta. Mik\u00e4li p\u00e4\u00e4dyt k\u00e4ytt\u00e4m\u00e4\u00e4n laskurahoitusta, kannattaa vertailla n\u00e4it\u00e4 hintoja, sill\u00e4 ne voivat vaihdella suurestikin riippuen rahoittajasta. Laskuja voi myyd\u00e4 useita yhdell\u00e4 kertaa tai sitten vaikka vain yhden.<\/p>\n<div style='display:none'>Adservice Comparison Feed: Could not find feed with ID \"fi001\"<\/div>\n<script>console.log('Adservice Comparison Feed: Could not find feed with ID \"fi001\"');<\/script>\n","protected":false},"excerpt":{"rendered":"<p>Factoring on yksi yrityksen rahoitusmuodoista, jossa rahoitusyhti\u00f6 tarjoaa luottoa yrityksen laskusaatavia vastaan. K\u00e4yt\u00e4nn\u00f6ss\u00e4 se on siis laskusaatavien rahoittamista tilanteissa, joissa yrityksen tarvitsee saada avoimien laskujen summat tililleen mahdollisimman nopeasti. Factoringia &#8230;<\/p>\n","protected":false},"author":1,"featured_media":0,"parent":0,"menu_order":0,"comment_status":"closed","ping_status":"closed","template":"","meta":{"footnotes":""},"class_list":["post-216","page","type-page","status-publish","hentry"],"_links":{"self":[{"href":"https:\/\/firmalan.com\/fi\/wp-json\/wp\/v2\/pages\/216","targetHints":{"allow":["GET"]}}],"collection":[{"href":"https:\/\/firmalan.com\/fi\/wp-json\/wp\/v2\/pages"}],"about":[{"href":"https:\/\/firmalan.com\/fi\/wp-json\/wp\/v2\/types\/page"}],"author":[{"embeddable":true,"href":"https:\/\/firmalan.com\/fi\/wp-json\/wp\/v2\/users\/1"}],"replies":[{"embeddable":true,"href":"https:\/\/firmalan.com\/fi\/wp-json\/wp\/v2\/comments?post=216"}],"version-history":[{"count":3,"href":"https:\/\/firmalan.com\/fi\/wp-json\/wp\/v2\/pages\/216\/revisions"}],"predecessor-version":[{"id":402,"href":"https:\/\/firmalan.com\/fi\/wp-json\/wp\/v2\/pages\/216\/revisions\/402"}],"wp:attachment":[{"href":"https:\/\/firmalan.com\/fi\/wp-json\/wp\/v2\/media?parent=216"}],"curies":[{"name":"wp","href":"https:\/\/api.w.org\/{rel}","templated":true}]}}