{"id":208,"date":"2018-12-18T19:59:43","date_gmt":"2018-12-18T17:59:43","guid":{"rendered":"https:\/\/firmalan.com\/fi\/?page_id=208"},"modified":"2018-12-18T20:01:38","modified_gmt":"2018-12-18T18:01:38","slug":"vertaislainaa-yrityksille","status":"publish","type":"page","link":"https:\/\/firmalan.com\/fi\/vertaislainaa-yrityksille\/","title":{"rendered":"Vertaislainaa yrityksille"},"content":{"rendered":"<p>Vertaislaina tarkoittaa lainaa, jossa rahoitusta ei tarjoa pankki tai muu rahoitusalanyritys vaan sijoittaja.<\/p>\n<p>Netiss\u00e4 on paljon erilaisia vertaislainasivustoja, joihin yritykset voivat j\u00e4tt\u00e4\u00e4 hakemuksen.<\/p>\n","protected":false},"excerpt":{"rendered":"<p>Vertaislaina tarkoittaa lainaa, jossa rahoitusta ei tarjoa pankki tai muu rahoitusalanyritys vaan sijoittaja. Netiss\u00e4 on paljon erilaisia vertaislainasivustoja, joihin yritykset voivat j\u00e4tt\u00e4\u00e4 hakemuksen.<\/p>\n","protected":false},"author":1,"featured_media":0,"parent":0,"menu_order":0,"comment_status":"closed","ping_status":"closed","template":"","meta":{"footnotes":""},"class_list":["post-208","page","type-page","status-publish","hentry"],"_links":{"self":[{"href":"https:\/\/firmalan.com\/fi\/wp-json\/wp\/v2\/pages\/208","targetHints":{"allow":["GET"]}}],"collection":[{"href":"https:\/\/firmalan.com\/fi\/wp-json\/wp\/v2\/pages"}],"about":[{"href":"https:\/\/firmalan.com\/fi\/wp-json\/wp\/v2\/types\/page"}],"author":[{"embeddable":true,"href":"https:\/\/firmalan.com\/fi\/wp-json\/wp\/v2\/users\/1"}],"replies":[{"embeddable":true,"href":"https:\/\/firmalan.com\/fi\/wp-json\/wp\/v2\/comments?post=208"}],"version-history":[{"count":1,"href":"https:\/\/firmalan.com\/fi\/wp-json\/wp\/v2\/pages\/208\/revisions"}],"predecessor-version":[{"id":209,"href":"https:\/\/firmalan.com\/fi\/wp-json\/wp\/v2\/pages\/208\/revisions\/209"}],"wp:attachment":[{"href":"https:\/\/firmalan.com\/fi\/wp-json\/wp\/v2\/media?parent=208"}],"curies":[{"name":"wp","href":"https:\/\/api.w.org\/{rel}","templated":true}]}}