{"id":204,"date":"2018-12-18T19:51:33","date_gmt":"2018-12-18T17:51:33","guid":{"rendered":"https:\/\/firmalan.com\/fi\/?page_id=204"},"modified":"2020-11-28T21:21:23","modified_gmt":"2020-11-28T19:21:23","slug":"uuden-yrityksen","status":"publish","type":"page","link":"https:\/\/firmalan.com\/fi\/uuden-yrityksen\/","title":{"rendered":"Uuden yrityksen rahoitus"},"content":{"rendered":"<p>Uudelle yritykselle on mahdollista saada lainaa ja rahoitusta monesta eri paikasta. Startup yritysten kannattaa aloittaa rahoituksen hakeminen jo hyviss\u00e4 ajoin, jotta yrityksen toiminta p\u00e4\u00e4see nopeasti vauhtiin.<\/p>\n<p>Aloittavien yritt\u00e4jien on mahdollista saada Ty\u00f6- ja elinkeinotoimistolta starttirahaa. Sit\u00e4 tulee hakea jo ennen kuin yritys perustetaan ja rahaa maksetaan yleens\u00e4 kuuden kuukauden ajan eli yrityksen alkutaipaleen. Sen suuruus ei kuitenkaan ole kovin iso, sill\u00e4 se on vain 32,68 euroa p\u00e4iv\u00e4. Mik\u00e4li yritys tarvitsee enemm\u00e4n rahaa, kannattaa hakeminen aloittaa Tekesilt\u00e4. Sielt\u00e4 on mahdollista saada rahoitusta etenkin, jos liikeidea liittyy teknologiseen innovaatioon. Tekes rahoittaa yleens\u00e4 jo aiemmin toiminnassa olevia yrityksi\u00e4, mutta uusienkin yritysten kannattaa laittaa sinne hakemus menem\u00e4\u00e4n. Hakemuksen muotoilu ja sis\u00e4lt\u00f6 on hyv\u00e4 laatia huolella, jotta mahdollisuudet rahoituksen saamiseen eiv\u00e4t kaadu ainakaan siihen. Tekesill\u00e4 on my\u00f6s Nuoret Innovatiiviset Yritykset-rahoitus, joka on suunnattu erityisesti nuorille yrityksille, joilla on tavoite p\u00e4\u00e4st\u00e4 kansainv\u00e4lisille markkinoille.<\/p>\n<p>Alkava yritys voi hakea rahoitusta my\u00f6s Finnverasta, jolla on tarjolla nelj\u00e4 erilaista tuotetta aloittaville yrityksille. Finnverasta voi saada enint\u00e4\u00e4n 100\u00a0000 euroa lainaa ja siit\u00e4 20 % t\u00e4ytyy olla omarahoitusosuutta.<\/p>\n<p>Lainaa voi hakea my\u00f6s pankista tai sitten netin erilaisilta lainantarjoajilta. Aloittavien yritysten voi olla vaikeaa saada pankkilainaa, sill\u00e4 he usein haluavat n\u00e4hd\u00e4 ensin, kuinka yrityksen toiminta l\u00e4htee k\u00e4yntiin. Finnveralla on onneksi tarjolla tuote nimelt\u00e4 Alkutakaus, jonka avulla pankista voi saada rahoitusta investointeihin ja k\u00e4ytt\u00f6p\u00e4\u00e4omatarpeisiin.<\/p>\n<hr \/>\n<p><strong>Lainarahaa yritykselle<\/strong><\/p>\n<p>Yrityksen eteen tulee monta tilannetta, jolloin nopea lis\u00e4rahoitus on tarpeen. Esimerkiksi uutta ty\u00f6voimaa voidaankin tarvita yll\u00e4tt\u00e4v\u00e4n nopeasti, mutta yrityksell\u00e4 ei ole tarvittavaa p\u00e4\u00e4omaa palkan maksuun. My\u00f6s investoinnit ovat yleens\u00e4 suuria ja esimerkiksi uusia koneita tai suurempien toimitilojen vuokraaminen voi vied\u00e4 yrityksen kassasta melko paljon varoja. Moni yritys tarvitseekin lainaa jossain vaiheessa elinkaartaan.<\/p>\n<p>Aloittelevien yritysten voi olla haastavaa saada rahoitusta pankeista. Onneksi on olemassa monta eri tahoa, josta voi hakea starttirahoitusta yritykselle. Virallisia tahoja, jotka mielell\u00e4\u00e4n tukevat uusia yrityksi\u00e4 ja yritt\u00e4ji\u00e4 ovat Tekes sek\u00e4 Ty\u00f6- ja elinkeinotoimisto. Uudet yritt\u00e4j\u00e4t voivat <a href=\"https:\/\/firmalan.com\/fi\/pankki\/\">hakea lainaa my\u00f6s pankeista<\/a>, vaikka lainan saaminen sielt\u00e4 voi yrityksen alkutaipaleella olla vaikeaa.<\/p>\n<p>Kun yritys on ollut kauemman aikaa toiminnassa ja jos se on vakaalla taloudellisella pohjalla, lainarahan saaminen voi olla paljon helpompaa. <a href=\"https:\/\/firmalan.com\/fi\/\">Yrityslainaa<\/a> on mahdollista saada yrityksen koosta riippuen aina muutamista tuhansista euroista moniin satoihin tuhansiin tai jopa miljooniin euroihin, mik\u00e4li sit\u00e4 hakee pankista. Netin vertaislainapalvelut, joukkorahoituslainat ja kuluttajille suunnattuja kulutusluottoja muistuttavat <a href=\"https:\/\/firmalan.com\/fi\/yritysluotto\/\">yritysluotot<\/a> tarjoavat my\u00f6s mahdollisuuden isoihin lainasummiin. Niiss\u00e4 on kuitenkin melko isot <a href=\"https:\/\/firmalan.com\/fi\/vertaa-yrityslainat\/\">kulut ja korot verrattuna pankkeihin<\/a> tai virallisiin yrityksi\u00e4 tukeviin rahoitusmuotoihin. Isoille lainasummille saatetaan vaatia vakuuksia, esimerkiksi yrityksen omistamia kiinteist\u00f6j\u00e4 tai muuta omaisuutta. My\u00f6s pienempiin lainoihin voidaan vaatia henkil\u00f6takaaja, esimerkiksi yritt\u00e4j\u00e4 itse tai joku muu nimenkirjoitusoikeuden omaava henkil\u00f6.<\/p>\n<div style='display:none'>Adservice Comparison Feed: Could not find feed with ID \"fi001\"<\/div>\n<script>console.log('Adservice Comparison Feed: Could not find feed with ID \"fi001\"');<\/script>\n","protected":false},"excerpt":{"rendered":"<p>Uudelle yritykselle on mahdollista saada lainaa ja rahoitusta monesta eri paikasta. Startup yritysten kannattaa aloittaa rahoituksen hakeminen jo hyviss\u00e4 ajoin, jotta yrityksen toiminta p\u00e4\u00e4see nopeasti vauhtiin. Aloittavien yritt\u00e4jien on mahdollista &#8230;<\/p>\n","protected":false},"author":1,"featured_media":0,"parent":0,"menu_order":0,"comment_status":"closed","ping_status":"closed","template":"","meta":{"footnotes":""},"class_list":["post-204","page","type-page","status-publish","hentry"],"_links":{"self":[{"href":"https:\/\/firmalan.com\/fi\/wp-json\/wp\/v2\/pages\/204","targetHints":{"allow":["GET"]}}],"collection":[{"href":"https:\/\/firmalan.com\/fi\/wp-json\/wp\/v2\/pages"}],"about":[{"href":"https:\/\/firmalan.com\/fi\/wp-json\/wp\/v2\/types\/page"}],"author":[{"embeddable":true,"href":"https:\/\/firmalan.com\/fi\/wp-json\/wp\/v2\/users\/1"}],"replies":[{"embeddable":true,"href":"https:\/\/firmalan.com\/fi\/wp-json\/wp\/v2\/comments?post=204"}],"version-history":[{"count":3,"href":"https:\/\/firmalan.com\/fi\/wp-json\/wp\/v2\/pages\/204\/revisions"}],"predecessor-version":[{"id":400,"href":"https:\/\/firmalan.com\/fi\/wp-json\/wp\/v2\/pages\/204\/revisions\/400"}],"wp:attachment":[{"href":"https:\/\/firmalan.com\/fi\/wp-json\/wp\/v2\/media?parent=204"}],"curies":[{"name":"wp","href":"https:\/\/api.w.org\/{rel}","templated":true}]}}