{"id":201,"date":"2018-12-18T19:44:47","date_gmt":"2018-12-18T17:44:47","guid":{"rendered":"https:\/\/firmalan.com\/fi\/?page_id=201"},"modified":"2020-11-28T21:29:06","modified_gmt":"2020-11-28T19:29:06","slug":"yleisimmat-yrityslainan-vakuudet","status":"publish","type":"page","link":"https:\/\/firmalan.com\/fi\/yleisimmat-yrityslainan-vakuudet\/","title":{"rendered":"Yleisimm\u00e4t yrityslainan vakuudet"},"content":{"rendered":"<p>Yrityslainojen suuruudet ovat yleens\u00e4 useita kymmeni\u00e4 tuhansia euroja ja toisinaan jopa satoja tuhansia, ellei miljoonia. Puhuttaessa n\u00e4in isoista summista on selv\u00e4\u00e4, ett\u00e4 rahoittaja tarvitsee vakuuksia sille, ett\u00e4 saa lainaamansa summan takaisin.<\/p>\n<p><strong>Reaalivakuudet tai henkil\u00f6takaus<\/strong><\/p>\n<p>Vakuuksia on kahdenlaisia eli reaalivakuuksia ja henkil\u00f6vakuuksia. Esimerkiksi pankit yleens\u00e4 vaativat lainojen vakuudeksi molempia. Reaalivakuudet ovat yrityksen kiinte\u00e4\u00e4 omaisuutta. Siihen voivat kuulua vaikkapa yrityksen omistamat kiinteist\u00f6t, rakennukset, mets\u00e4, osakkeet tai laitteet yms. Yleens\u00e4 yrityksell\u00e4 ei ole t\u00e4llaisia paljoakaan alkuvaiheessa, joten reaalivakuuksien lis\u00e4ksi tarvitaan my\u00f6s muita vakuuksia. Vakuus voi olla my\u00f6s jokin yrityksen hallussa oleva kiinnitys tai takaus.<\/p>\n<p>Monet rahoitusyhti\u00f6t k\u00e4ytt\u00e4v\u00e4t rahoitusmuotojen vakuutena rahoituksen kohdetta tai saatavaa kantaa. Mik\u00e4li kyseess\u00e4 on rahoituksen kohde, kutsutaan t\u00e4llaista rahoitusmuotoa leasingiksi tai investointirahoitukseksi. Factoring eli saatavakanta on toinen vakuusmuoto.<\/p>\n<p>Yritykselt\u00e4 saatetaan vaatia henkil\u00f6takausta lis\u00e4vakuudeksi. T\u00e4ll\u00f6in takaaja on vastuussa itse lainoista omalla omaisuudellaan, mik\u00e4li yritys ei pysty suoriutumaan veloistaan. Kaiken lis\u00e4ksi kyseess\u00e4 on yleens\u00e4 omavelkainen takaus eli mik\u00e4li laina er\u00e4\u00e4ntyy ja yritys ei ole sit\u00e4 er\u00e4p\u00e4iv\u00e4\u00e4n menness\u00e4 maksanut, voi luotonantaja vaatia heti sen suoritusta takaajalta. Takaaja vastaa lainastaan kuin omastaan eik\u00e4 t\u00e4st\u00e4 vastuusta voi p\u00e4\u00e4st\u00e4 pois. Yleens\u00e4 henkil\u00f6takausta vaaditaan yritt\u00e4jilt\u00e4 sek\u00e4 sellaisilta yrityksilt\u00e4, jotka hakevat lainaa netin eri lainapalveluiden kautta. Henkil\u00f6takaamisen riskit onkin hyv\u00e4 tunnistaa etuk\u00e4teen, ennen kuin ryhtyy takaajaksi.<\/p>\n<div style='display:none'>Adservice Comparison Feed: Could not find feed with ID \"fi001\"<\/div>\n<script>console.log('Adservice Comparison Feed: Could not find feed with ID \"fi001\"');<\/script>\n","protected":false},"excerpt":{"rendered":"<p>Yrityslainojen suuruudet ovat yleens\u00e4 useita kymmeni\u00e4 tuhansia euroja ja toisinaan jopa satoja tuhansia, ellei miljoonia. Puhuttaessa n\u00e4in isoista summista on selv\u00e4\u00e4, ett\u00e4 rahoittaja tarvitsee vakuuksia sille, ett\u00e4 saa lainaamansa summan &#8230;<\/p>\n","protected":false},"author":1,"featured_media":0,"parent":0,"menu_order":0,"comment_status":"closed","ping_status":"closed","template":"","meta":{"footnotes":""},"class_list":["post-201","page","type-page","status-publish","hentry"],"_links":{"self":[{"href":"https:\/\/firmalan.com\/fi\/wp-json\/wp\/v2\/pages\/201","targetHints":{"allow":["GET"]}}],"collection":[{"href":"https:\/\/firmalan.com\/fi\/wp-json\/wp\/v2\/pages"}],"about":[{"href":"https:\/\/firmalan.com\/fi\/wp-json\/wp\/v2\/types\/page"}],"author":[{"embeddable":true,"href":"https:\/\/firmalan.com\/fi\/wp-json\/wp\/v2\/users\/1"}],"replies":[{"embeddable":true,"href":"https:\/\/firmalan.com\/fi\/wp-json\/wp\/v2\/comments?post=201"}],"version-history":[{"count":2,"href":"https:\/\/firmalan.com\/fi\/wp-json\/wp\/v2\/pages\/201\/revisions"}],"predecessor-version":[{"id":401,"href":"https:\/\/firmalan.com\/fi\/wp-json\/wp\/v2\/pages\/201\/revisions\/401"}],"wp:attachment":[{"href":"https:\/\/firmalan.com\/fi\/wp-json\/wp\/v2\/media?parent=201"}],"curies":[{"name":"wp","href":"https:\/\/api.w.org\/{rel}","templated":true}]}}