{"id":198,"date":"2018-12-17T20:21:05","date_gmt":"2018-12-17T18:21:05","guid":{"rendered":"https:\/\/firmalan.com\/fi\/?page_id=198"},"modified":"2018-12-17T20:21:05","modified_gmt":"2018-12-17T18:21:05","slug":"yritysluotto","status":"publish","type":"page","link":"https:\/\/firmalan.com\/fi\/yritysluotto\/","title":{"rendered":"Yritysluotto"},"content":{"rendered":"<p>Yritys voi tarvita luottoa monesta eri syyst\u00e4. Eteen voi tulla esimerkiksi \u00e4killisi\u00e4 investointitarpeita, jos yrityst\u00e4 kohtaa vaikkapa laiterikko. Yrityksen tavoitteena voi olla my\u00f6s varaston kasvattaminen tai uuden ty\u00f6ntekij\u00e4n palkkaaminen, jota varten yrityksen t\u00e4ytyy ottaa aluksi velkaa.<\/p>\n<p>Nykyisin yrityksen on helppo saada luottoa nopeasti netin kautta, sill\u00e4 markkinoille on tullut paljon erilaisia yritysluottoa tarjoavia rahoituspalveluita. Yritysluottoa voi hakea joko pankista tai lainoja tarjoavilta nettisivuilta.<\/p>\n","protected":false},"excerpt":{"rendered":"<p>Yritys voi tarvita luottoa monesta eri syyst\u00e4. Eteen voi tulla esimerkiksi \u00e4killisi\u00e4 investointitarpeita, jos yrityst\u00e4 kohtaa vaikkapa laiterikko. Yrityksen tavoitteena voi olla my\u00f6s varaston kasvattaminen tai uuden ty\u00f6ntekij\u00e4n palkkaaminen, jota &#8230;<\/p>\n","protected":false},"author":1,"featured_media":0,"parent":0,"menu_order":0,"comment_status":"closed","ping_status":"closed","template":"","meta":{"footnotes":""},"class_list":["post-198","page","type-page","status-publish","hentry"],"_links":{"self":[{"href":"https:\/\/firmalan.com\/fi\/wp-json\/wp\/v2\/pages\/198","targetHints":{"allow":["GET"]}}],"collection":[{"href":"https:\/\/firmalan.com\/fi\/wp-json\/wp\/v2\/pages"}],"about":[{"href":"https:\/\/firmalan.com\/fi\/wp-json\/wp\/v2\/types\/page"}],"author":[{"embeddable":true,"href":"https:\/\/firmalan.com\/fi\/wp-json\/wp\/v2\/users\/1"}],"replies":[{"embeddable":true,"href":"https:\/\/firmalan.com\/fi\/wp-json\/wp\/v2\/comments?post=198"}],"version-history":[{"count":1,"href":"https:\/\/firmalan.com\/fi\/wp-json\/wp\/v2\/pages\/198\/revisions"}],"predecessor-version":[{"id":199,"href":"https:\/\/firmalan.com\/fi\/wp-json\/wp\/v2\/pages\/198\/revisions\/199"}],"wp:attachment":[{"href":"https:\/\/firmalan.com\/fi\/wp-json\/wp\/v2\/media?parent=198"}],"curies":[{"name":"wp","href":"https:\/\/api.w.org\/{rel}","templated":true}]}}