{"id":195,"date":"2018-12-17T19:56:16","date_gmt":"2018-12-17T17:56:16","guid":{"rendered":"https:\/\/firmalan.com\/fi\/?page_id=195"},"modified":"2018-12-17T19:56:16","modified_gmt":"2018-12-17T17:56:16","slug":"yritysluottokortti","status":"publish","type":"page","link":"https:\/\/firmalan.com\/fi\/pankki\/yritysluottokortti\/","title":{"rendered":"Yritysluottokortti"},"content":{"rendered":"<p>Yritykselle kannattaa hakea oma luottokortti samalla kun sille perustaa tilin pankkiin. Luottokortin hakeminen yritykselle on helppoa ja sit\u00e4 voi hakea sellaiset henkil\u00f6t, joilla on nimenkirjoitusoikeus yrityksen asioihin. Monissa pankeissa on yrityksille omat palvelunumerot tai palvelupisteet, joten jos haluaa k\u00e4yd\u00e4 hoitamassa asian paikan p\u00e4\u00e4ll\u00e4 pankissa, tulee aika varata yrityspuolen palveluneuvojalle. Jos yrityksell\u00e4 on jo verkkopankkitunnukset, voi luottokorttia hakea my\u00f6s k\u00e4tev\u00e4sti verkkopalvelun kautta.<\/p>\n<p>&nbsp;<\/p>\n<p>Yritysluottokorttia voivat k\u00e4ytt\u00e4\u00e4 ne henkil\u00f6t, joille yritys sen haluaa antaa. Luottokortilla tehdyt ostokset veloitetaan yrityksen luotosta. Yleens\u00e4 yrityksille my\u00f6nnet\u00e4\u00e4n suurempia luottoja kuin yksityishenkil\u00f6ille, joten yrityksen luottokorttiin voi saada usean tuhannenkin euron luottorajan.<\/p>\n<p>&nbsp;<\/p>\n<p>Yrityksen luottokortti on siit\u00e4 hyv\u00e4, ett\u00e4 se helpottaa kirjanpitoa ja pit\u00e4\u00e4 samalla yksityishenkil\u00f6iden kulut erossa yrityksen kuluista. Yrityksen osakkaiden ei esimerkiksi tarvitse toimittaa kuitteja kirjanpit\u00e4j\u00e4lle ja pyyt\u00e4\u00e4 yrityst\u00e4 hyvitt\u00e4m\u00e4\u00e4n heid\u00e4n itsens\u00e4 maksamat laskut takaisin, vaan ostokset voi suoraan hankkia yritysluottokortilla. T\u00e4ytyy kuitenkin muistaa, ett\u00e4 yritysluottokortilla voi tehd\u00e4 vain yrityksen toimintaan liittyvi\u00e4 ostoksia, eik\u00e4 k\u00e4ytt\u00e4\u00e4 sit\u00e4 esimerkiksi omiin huvitteluihin.<\/p>\n<p>&nbsp;<\/p>\n<p>Yrityksen on mahdollista hankkia my\u00f6s bonuskortti, jolla se voi kartuttaa bonusta ostoksistaan. Bonuskortilla voi saada my\u00f6s alennuksia ostoista, joten se kannattaa ehdottomasti hankkia. Esimerkiksi S-ryhm\u00e4 tarjoaa yrityksille omaa bonuskorttia. Kyseess\u00e4 on S-Business-kortti, jonka avulla yrityksen ei en\u00e4\u00e4 tarvitse s\u00e4\u00e4st\u00e4\u00e4 kuitteja, vaan se saa alv-v\u00e4hennyskelpoisen kuitittoman laskun, jossa on kaikki tarvittavat tiedot my\u00f6s kirjanpidon kannalta.<\/p>\n","protected":false},"excerpt":{"rendered":"<p>Yritykselle kannattaa hakea oma luottokortti samalla kun sille perustaa tilin pankkiin. Luottokortin hakeminen yritykselle on helppoa ja sit\u00e4 voi hakea sellaiset henkil\u00f6t, joilla on nimenkirjoitusoikeus yrityksen asioihin. Monissa pankeissa on &#8230;<\/p>\n","protected":false},"author":1,"featured_media":0,"parent":165,"menu_order":0,"comment_status":"closed","ping_status":"closed","template":"","meta":{"footnotes":""},"class_list":["post-195","page","type-page","status-publish","hentry"],"_links":{"self":[{"href":"https:\/\/firmalan.com\/fi\/wp-json\/wp\/v2\/pages\/195","targetHints":{"allow":["GET"]}}],"collection":[{"href":"https:\/\/firmalan.com\/fi\/wp-json\/wp\/v2\/pages"}],"about":[{"href":"https:\/\/firmalan.com\/fi\/wp-json\/wp\/v2\/types\/page"}],"author":[{"embeddable":true,"href":"https:\/\/firmalan.com\/fi\/wp-json\/wp\/v2\/users\/1"}],"replies":[{"embeddable":true,"href":"https:\/\/firmalan.com\/fi\/wp-json\/wp\/v2\/comments?post=195"}],"version-history":[{"count":1,"href":"https:\/\/firmalan.com\/fi\/wp-json\/wp\/v2\/pages\/195\/revisions"}],"predecessor-version":[{"id":196,"href":"https:\/\/firmalan.com\/fi\/wp-json\/wp\/v2\/pages\/195\/revisions\/196"}],"up":[{"embeddable":true,"href":"https:\/\/firmalan.com\/fi\/wp-json\/wp\/v2\/pages\/165"}],"wp:attachment":[{"href":"https:\/\/firmalan.com\/fi\/wp-json\/wp\/v2\/media?parent=195"}],"curies":[{"name":"wp","href":"https:\/\/api.w.org\/{rel}","templated":true}]}}