{"id":186,"date":"2018-12-17T16:41:40","date_gmt":"2018-12-17T14:41:40","guid":{"rendered":"https:\/\/firmalan.com\/fi\/?page_id=186"},"modified":"2018-12-18T19:36:08","modified_gmt":"2018-12-18T17:36:08","slug":"vertaa-yrityslainat","status":"publish","type":"page","link":"https:\/\/firmalan.com\/fi\/vertaa-yrityslainat\/","title":{"rendered":"Vertaa yrityslainat"},"content":{"rendered":"<p>Yrityslainojen vertaaminen voi olla toisinaan vaikeaa. Vaihtoehtoja on paljon ja jokainen laina on hieman erilainen. Vertailu kuitenkin kannattaa, sill\u00e4 sen avulla yritys voi s\u00e4\u00e4st\u00e4\u00e4 todella paljon rahaa.<\/p>\n","protected":false},"excerpt":{"rendered":"<p>Yrityslainojen vertaaminen voi olla toisinaan vaikeaa. Vaihtoehtoja on paljon ja jokainen laina on hieman erilainen. Vertailu kuitenkin kannattaa, sill\u00e4 sen avulla yritys voi s\u00e4\u00e4st\u00e4\u00e4 todella paljon rahaa.<\/p>\n","protected":false},"author":1,"featured_media":0,"parent":0,"menu_order":0,"comment_status":"closed","ping_status":"closed","template":"template-fullwidth.php","meta":{"footnotes":""},"class_list":["post-186","page","type-page","status-publish","hentry"],"_links":{"self":[{"href":"https:\/\/firmalan.com\/fi\/wp-json\/wp\/v2\/pages\/186","targetHints":{"allow":["GET"]}}],"collection":[{"href":"https:\/\/firmalan.com\/fi\/wp-json\/wp\/v2\/pages"}],"about":[{"href":"https:\/\/firmalan.com\/fi\/wp-json\/wp\/v2\/types\/page"}],"author":[{"embeddable":true,"href":"https:\/\/firmalan.com\/fi\/wp-json\/wp\/v2\/users\/1"}],"replies":[{"embeddable":true,"href":"https:\/\/firmalan.com\/fi\/wp-json\/wp\/v2\/comments?post=186"}],"version-history":[{"count":1,"href":"https:\/\/firmalan.com\/fi\/wp-json\/wp\/v2\/pages\/186\/revisions"}],"predecessor-version":[{"id":187,"href":"https:\/\/firmalan.com\/fi\/wp-json\/wp\/v2\/pages\/186\/revisions\/187"}],"wp:attachment":[{"href":"https:\/\/firmalan.com\/fi\/wp-json\/wp\/v2\/media?parent=186"}],"curies":[{"name":"wp","href":"https:\/\/api.w.org\/{rel}","templated":true}]}}