{"id":165,"date":"2018-12-17T13:41:51","date_gmt":"2018-12-17T11:41:51","guid":{"rendered":"https:\/\/firmalan.com\/fi\/?page_id=165"},"modified":"2018-12-17T13:41:51","modified_gmt":"2018-12-17T11:41:51","slug":"pankki","status":"publish","type":"page","link":"https:\/\/firmalan.com\/fi\/pankki\/","title":{"rendered":"Pankkilaina yritykselle"},"content":{"rendered":"<p>Pankki on hyv\u00e4 vaihtoehto yritykselle lainan hakemiseen. L\u00e4hes kaikki pankit my\u00f6nt\u00e4v\u00e4t lainoja yrityksille, joten voit kilpailuttaa monta pankkia lainaasi varten.<\/p>\n<p>Pankeista voi hakea lainaa k\u00e4tev\u00e4sti netin kautta, jokaisella pankilla on nettisivuillaan lainahakemus, jonka voi t\u00e4ytt\u00e4\u00e4. Lainan hakemista varten yrityksell\u00e4 kannattaa olla kaikki asiakirjat valmiina, sill\u00e4 hakemukseen tarvitaan paljon erilaisia taloustietoja yrityksen taloudellisesta tilanteesta.<\/p>\n<p>Yrityslainahakemuksen k\u00e4sittely\u00e4 varten pankki tarvitsee mm. tietoja yrityksen tilinp\u00e4\u00e4t\u00f6ksist\u00e4 ja taseesta. Yleens\u00e4 he haluavat my\u00f6s tiet\u00e4\u00e4 miksi lainaa haetaan, joten yrityksell\u00e4 tulee olla tarkkoja laskelmia mihin lainarahat on tarkoitus k\u00e4ytt\u00e4\u00e4 ja kuinka sen on tarkoitus maksaa laina takaisin. Pankki on aina hyvin kiinnostunut yrityksen maksukyvyst\u00e4, joten mit\u00e4 parempi maksukyky sill\u00e4 on, sen todenn\u00e4k\u00f6isemmin laina my\u00f6nnet\u00e4\u00e4n.<\/p>\n<p>Kun olet t\u00e4ytt\u00e4nyt lainahakemuksen netiss\u00e4, pankki on sinuun yhteydess\u00e4 esimerkiksi pyyt\u00e4m\u00e4ll\u00e4 sinua tulemaan paikan p\u00e4\u00e4lle lainaneuvotteluihin, tai puhelimitse tai verkon kautta. Yrityslaina pyrit\u00e4\u00e4n muokkaamaan yrityksen tilanteen ja tarpeiden mukaan, jolloin lainasta tulee r\u00e4\u00e4t\u00e4l\u00f6ity. Yritys saa yksil\u00f6llisen takaisinmaksuajan lainalle ja maksuerist\u00e4 on mahdollista muokata sellaiset, ett\u00e4 ne sopivat yritykselle.<\/p>\n<p>Pankilla on k\u00e4yt\u00f6ss\u00e4\u00e4n my\u00f6s asiantuntijoita, jotka auttavat yrityksi\u00e4 varautumaan lainan tuomiin riskeihin. Esimerkiksi korkojen nousun mukanaan tuoma riski siit\u00e4, ett\u00e4 lainaa on vaikea maksaa takaisin, on mahdollista minimoida pankin asiantuntijoiden avulla. Pankkilainojen korot ovat aina alhaisempia kuin netin lainantarjoajasivuilla, joten ensisijaisesti yritysten kannattaa hakea lainaa suoraan pankeista.<\/p>\n","protected":false},"excerpt":{"rendered":"<p>Pankki on hyv\u00e4 vaihtoehto yritykselle lainan hakemiseen. L\u00e4hes kaikki pankit my\u00f6nt\u00e4v\u00e4t lainoja yrityksille, joten voit kilpailuttaa monta pankkia lainaasi varten. Pankeista voi hakea lainaa k\u00e4tev\u00e4sti netin kautta, jokaisella pankilla on &#8230;<\/p>\n","protected":false},"author":1,"featured_media":0,"parent":0,"menu_order":0,"comment_status":"closed","ping_status":"closed","template":"","meta":{"footnotes":""},"class_list":["post-165","page","type-page","status-publish","hentry"],"_links":{"self":[{"href":"https:\/\/firmalan.com\/fi\/wp-json\/wp\/v2\/pages\/165","targetHints":{"allow":["GET"]}}],"collection":[{"href":"https:\/\/firmalan.com\/fi\/wp-json\/wp\/v2\/pages"}],"about":[{"href":"https:\/\/firmalan.com\/fi\/wp-json\/wp\/v2\/types\/page"}],"author":[{"embeddable":true,"href":"https:\/\/firmalan.com\/fi\/wp-json\/wp\/v2\/users\/1"}],"replies":[{"embeddable":true,"href":"https:\/\/firmalan.com\/fi\/wp-json\/wp\/v2\/comments?post=165"}],"version-history":[{"count":1,"href":"https:\/\/firmalan.com\/fi\/wp-json\/wp\/v2\/pages\/165\/revisions"}],"predecessor-version":[{"id":166,"href":"https:\/\/firmalan.com\/fi\/wp-json\/wp\/v2\/pages\/165\/revisions\/166"}],"wp:attachment":[{"href":"https:\/\/firmalan.com\/fi\/wp-json\/wp\/v2\/media?parent=165"}],"curies":[{"name":"wp","href":"https:\/\/api.w.org\/{rel}","templated":true}]}}