{"id":85,"date":"2018-03-08T13:20:36","date_gmt":"2018-03-08T12:20:36","guid":{"rendered":"https:\/\/firmalan.com\/dk\/?page_id=85"},"modified":"2018-03-08T13:21:42","modified_gmt":"2018-03-08T12:21:42","slug":"kreditrating","status":"publish","type":"page","link":"https:\/\/firmalan.com\/dk\/kreditrating\/","title":{"rendered":"Kreditrating"},"content":{"rendered":"<p><strong>AAA<\/strong> \u2013 H\u00f8jeste kreditv\u00e6rdighed<br \/>\nFor at opn\u00e5 en AAA (Trippel-A) skal der v\u00e6re tale om en virksomhed med s\u00e6rdeles god evne til at im\u00f8dekomme aktuelle betalingsforpligtelser.<\/p>\n<p><strong>AA<\/strong> \u2013 God kreditv\u00e6rdighed<br \/>\nFor at opn\u00e5 en AA (Dobbelt-A) skal der v\u00e6re tale om en virksomhed med god evne til at im\u00f8dekomme aktuelle betalingsforpligtelser. AA er den h\u00f8jeste rating, som en enkeltmandsvirksomhed kan f\u00e5.<\/p>\n<p><strong>A<\/strong> \u2013 Kreditv\u00e6rdig<br \/>\nFor at opn\u00e5 A (Enkelt-A) skal der v\u00e6re tale om en virksomhed med tilstr\u00e6kkelig evne til at im\u00f8dekomme aktuelle betalingsforpligtelser.<\/p>\n<p><strong>NY<\/strong> \u2013 Nyetableret<br \/>\nDer findes ingen negativ information om virksomhedens betalingsevne. Udviklingen b\u00f8r f\u00f8lges n\u00f8je.<\/p>\n<p><strong>B<\/strong> \u2013 Kredit mod sikkerhed<br \/>\nDer er en kreditrisiko. Virksomhedens evne til at im\u00f8dekomme aktuelle betalingsforpligtelser bed\u00f8mmes som svag.<\/p>\n<p><strong>C<\/strong> &#8211; Kredit frar\u00e5des<br \/>\nDer er en h\u00f8j kreditrisiko. Virksomhedens evne til at im\u00f8dekomme aktuelle betalingsforpligtelser bed\u00f8mmes som meget ringe.<\/p>\n<p><strong>IR<\/strong> \u2013 Ikke fastsat rating<br \/>\nV\u00e6sentlig information om virksomheden savnes eller er uaktuel. Banker, forsikringsselskaber, investeringsselskaber o.l. f\u00e5r ogs\u00e5 denne rating.<\/p>\n<p>&nbsp;<\/p>\n","protected":false},"excerpt":{"rendered":"<p>AAA \u2013 H\u00f8jeste kreditv\u00e6rdighed For at opn\u00e5 en AAA (Trippel-A) skal der v\u00e6re tale om en virksomhed med s\u00e6rdeles god evne til at im\u00f8dekomme aktuelle betalingsforpligtelser. AA \u2013 God kreditv\u00e6rdighed &#8230;<\/p>\n","protected":false},"author":1,"featured_media":0,"parent":0,"menu_order":0,"comment_status":"closed","ping_status":"closed","template":"","meta":{"footnotes":""},"class_list":["post-85","page","type-page","status-publish","hentry"],"_links":{"self":[{"href":"https:\/\/firmalan.com\/dk\/wp-json\/wp\/v2\/pages\/85","targetHints":{"allow":["GET"]}}],"collection":[{"href":"https:\/\/firmalan.com\/dk\/wp-json\/wp\/v2\/pages"}],"about":[{"href":"https:\/\/firmalan.com\/dk\/wp-json\/wp\/v2\/types\/page"}],"author":[{"embeddable":true,"href":"https:\/\/firmalan.com\/dk\/wp-json\/wp\/v2\/users\/1"}],"replies":[{"embeddable":true,"href":"https:\/\/firmalan.com\/dk\/wp-json\/wp\/v2\/comments?post=85"}],"version-history":[{"count":1,"href":"https:\/\/firmalan.com\/dk\/wp-json\/wp\/v2\/pages\/85\/revisions"}],"predecessor-version":[{"id":86,"href":"https:\/\/firmalan.com\/dk\/wp-json\/wp\/v2\/pages\/85\/revisions\/86"}],"wp:attachment":[{"href":"https:\/\/firmalan.com\/dk\/wp-json\/wp\/v2\/media?parent=85"}],"curies":[{"name":"wp","href":"https:\/\/api.w.org\/{rel}","templated":true}]}}