{"id":80,"date":"2018-03-08T10:43:12","date_gmt":"2018-03-08T09:43:12","guid":{"rendered":"https:\/\/firmalan.com\/dk\/?page_id=80"},"modified":"2019-03-11T18:22:27","modified_gmt":"2019-03-11T17:22:27","slug":"erhvervslaan","status":"publish","type":"page","link":"https:\/\/firmalan.com\/dk\/erhvervslaan\/","title":{"rendered":"Erhvervsl\u00e5n"},"content":{"rendered":"<p>N\u00e5r dr\u00f8mmen om at v\u00e6re selvst\u00e6ndig skal realiseres er der masser at tage stilling til. Hvilken selskabsform skal du v\u00e6lge? Har du brug for en erhvervskonto og hvem skal du have den hos? Is\u00e6r er pengesp\u00f8rgsm\u00e5l noget tiden kan g\u00e5 med. Det kan v\u00e6re du skal bruge noget s\u00e6rlig elektronik til din virksomhed eller at du skal have indrettet en klinik med inventar. Det koster og det er ikke altid nemt at f\u00e5 banken med. For erhvervsdrivende er l\u00e5n til opstart af virksomhed ofte en n\u00f8dvendighed, men sv\u00e6rt at f\u00e5.<\/p>\n<p>&nbsp;<\/p>\n<p>For at f\u00e5 et indtryk af l\u00e5nepriserne kan du sammenligne flere l\u00e5nudbydere med hinanden og komme frem til det bedste erhvervsl\u00e5n.  Find ud af hvem der har markedets billigste gebyr,bedste rentesatser p\u00e5 det l\u00e5n eller den finansieringsaftale du \u00f8nsker, kan du lave en prissammenligning. F\u00e5 dig et et godt samlet overblik over hvilke muligheder der er at s\u00f8ge erhvervsl\u00e5n uden sikkerhed og hvilke garantier kr\u00e6ver bankerne.<\/p>\n","protected":false},"excerpt":{"rendered":"<p>N\u00e5r dr\u00f8mmen om at v\u00e6re selvst\u00e6ndig skal realiseres er der masser at tage stilling til. Hvilken selskabsform skal du v\u00e6lge? Har du brug for en erhvervskonto og hvem skal du &#8230;<\/p>\n","protected":false},"author":1,"featured_media":0,"parent":0,"menu_order":0,"comment_status":"closed","ping_status":"closed","template":"template-fullwidth.php","meta":{"footnotes":""},"class_list":["post-80","page","type-page","status-publish","hentry"],"_links":{"self":[{"href":"https:\/\/firmalan.com\/dk\/wp-json\/wp\/v2\/pages\/80","targetHints":{"allow":["GET"]}}],"collection":[{"href":"https:\/\/firmalan.com\/dk\/wp-json\/wp\/v2\/pages"}],"about":[{"href":"https:\/\/firmalan.com\/dk\/wp-json\/wp\/v2\/types\/page"}],"author":[{"embeddable":true,"href":"https:\/\/firmalan.com\/dk\/wp-json\/wp\/v2\/users\/1"}],"replies":[{"embeddable":true,"href":"https:\/\/firmalan.com\/dk\/wp-json\/wp\/v2\/comments?post=80"}],"version-history":[{"count":3,"href":"https:\/\/firmalan.com\/dk\/wp-json\/wp\/v2\/pages\/80\/revisions"}],"predecessor-version":[{"id":178,"href":"https:\/\/firmalan.com\/dk\/wp-json\/wp\/v2\/pages\/80\/revisions\/178"}],"wp:attachment":[{"href":"https:\/\/firmalan.com\/dk\/wp-json\/wp\/v2\/media?parent=80"}],"curies":[{"name":"wp","href":"https:\/\/api.w.org\/{rel}","templated":true}]}}