{"id":72,"date":"2018-03-08T10:33:55","date_gmt":"2018-03-08T09:33:55","guid":{"rendered":"https:\/\/firmalan.com\/dk\/?page_id=72"},"modified":"2020-11-28T21:02:17","modified_gmt":"2020-11-28T20:02:17","slug":"privatlaan","status":"publish","type":"page","link":"https:\/\/firmalan.com\/dk\/privatlaan\/","title":{"rendered":"Privatl\u00e5n"},"content":{"rendered":"<p>Har du overvejet et <a href=\"#privat\">privatl\u00e5n<\/a> til din virksomhed? Der kan v\u00e6re flere fordele ved at optage et privatl\u00e5n til virksomheden i stedet for er bankl\u00e5n. Ikke mindst kan der v\u00e6re rigtig mange penge at spare. Men f\u00f8r du l\u00f8ber ud og optager et l\u00e5n, s\u00e5 l\u00e6s med her, og f\u00e5 svaret p\u00e5 hvordan du bedst sikrer dig mod tab og skat.<\/p>\n<p>Det er en kendt situation at st\u00e5 som virksomhedsejer med behov for likviditet udefra. Hvordan man finansierer dette er n\u00e6sten en videnskab i sig selv. Mange virksomhedsejere g\u00e5r i banken og f\u00e5r et bankl\u00e5n, men det kan v\u00e6re flere fordele ved at tage et privatl\u00e5n i stedet for.<\/p>\n<hr \/>\n<h5>Bankl\u00e5n<\/h5>\n<p>N\u00e5r du ans\u00f8ger i banken om et virksomhedsl\u00e5n, vil du blive udsat for en kreditvurdering. B\u00e5de af dig som person og ikke mindst virksomheden. Renten p\u00e5 dit l\u00e5n vil s\u00e5 blive fastsat ud fra risikoen p\u00e5 l\u00e5net. Jo st\u00f8rre risiko, desto st\u00f8rre rente. Det er bankens vurdering af risiko alene der t\u00e6ller. Du kan mene at din virksomhed er nok s\u00e5 tryg, men hvis banken er uenig er det bare \u00e6rgerligt. Desuden vil banken ofte kr\u00e6ve en personlig kaution fra dig. Is\u00e6r i nystartede virksomheder. Du b\u00f8r forhandle s\u00e5 godt du kan. Renten vil typisk ligge mellem 5 til 10% afh\u00e6ngig af din forhandlingsposition.<\/p>\n<p>Normal skal du stille sikkerhed for l\u00e5net i form af personlig kaution. Hvis virksomheden ikke kan tilbagebetale l\u00e5net, vil banken anmode dig om at du indfrier l\u00e5net i stedet for. Skulle det ske er der ikke engang skattefradrag for det.<\/p>\n<hr \/>\n<section id=\"privat\" class=\"section-news section-padding onepage-section\">\n<h5>Privatl\u00e5n<\/h5>\n<p>Hvis du kan l\u00e5ne pengene privat, billigere end i firmaet, b\u00f8r du overveje at g\u00f8re dette i stedet for. Det kan v\u00e6re du har friv\u00e6rdi i din bolig eller lignende. Fordelen ved at g\u00f8re dette er at du kan l\u00e5ne penge til selskabet, hvor du selv f\u00e5r en h\u00f8j rente. Den gevinst som ville v\u00e6re tilfaldet banken f\u00e5r du alts\u00e5 selv nu.<\/p>\n<div style='display:none'>Adservice Comparison Feed: Could not find feed with ID \"dk0001\"<\/div>\n<script>console.log('Adservice Comparison Feed: Could not find feed with ID \"dk0001\"');<\/script>\n<\/section>\n","protected":false},"excerpt":{"rendered":"<p>Har du overvejet et privatl\u00e5n til din virksomhed? Der kan v\u00e6re flere fordele ved at optage et privatl\u00e5n til virksomheden i stedet for er bankl\u00e5n. Ikke mindst kan der v\u00e6re &#8230;<\/p>\n","protected":false},"author":1,"featured_media":0,"parent":0,"menu_order":0,"comment_status":"closed","ping_status":"closed","template":"","meta":{"footnotes":""},"class_list":["post-72","page","type-page","status-publish","hentry"],"_links":{"self":[{"href":"https:\/\/firmalan.com\/dk\/wp-json\/wp\/v2\/pages\/72","targetHints":{"allow":["GET"]}}],"collection":[{"href":"https:\/\/firmalan.com\/dk\/wp-json\/wp\/v2\/pages"}],"about":[{"href":"https:\/\/firmalan.com\/dk\/wp-json\/wp\/v2\/types\/page"}],"author":[{"embeddable":true,"href":"https:\/\/firmalan.com\/dk\/wp-json\/wp\/v2\/users\/1"}],"replies":[{"embeddable":true,"href":"https:\/\/firmalan.com\/dk\/wp-json\/wp\/v2\/comments?post=72"}],"version-history":[{"count":4,"href":"https:\/\/firmalan.com\/dk\/wp-json\/wp\/v2\/pages\/72\/revisions"}],"predecessor-version":[{"id":240,"href":"https:\/\/firmalan.com\/dk\/wp-json\/wp\/v2\/pages\/72\/revisions\/240"}],"wp:attachment":[{"href":"https:\/\/firmalan.com\/dk\/wp-json\/wp\/v2\/media?parent=72"}],"curies":[{"name":"wp","href":"https:\/\/api.w.org\/{rel}","templated":true}]}}