{"id":70,"date":"2018-03-08T10:29:29","date_gmt":"2018-03-08T09:29:29","guid":{"rendered":"https:\/\/firmalan.com\/dk\/?page_id=70"},"modified":"2020-11-28T20:59:42","modified_gmt":"2020-11-28T19:59:42","slug":"kassekredit","status":"publish","type":"page","link":"https:\/\/firmalan.com\/dk\/kassekredit\/","title":{"rendered":"Kassekredit"},"content":{"rendered":"<p>En kassekredit giver fleksibilitet og en ekstra tryghed for, at du har adgang til likviditet. Det er s\u00e5dan,&nbsp; hvis du har en privat kassekredit og det er s\u00e5dan, hvis du har en kassekredit til din virksomhed. Det er endnu vigtigere altid at have penge p\u00e5 kontoen som selvst\u00e6ndig. Har du ikke, kan det meget hurtig ende galt, hvis du ikke kan betale dine leverand\u00f8rer og ansatte. I v\u00e6rste tilf\u00e6lde kan du blive erkl\u00e6ret konkurs.<\/p>\n<h5>S\u00e5dan fungerer en kassekredit til virksomhed<\/h5>\n<p>En kassekredit til erhvervsbrug fungerer stort set som en privat kassekredit. Den tilknyttes din erhvervskonto i banken og du kan bruge den som du vil. Hvor meget du maksimalt kan tr\u00e6kke aftales i f\u00e6llesskab. Du betaler s\u00e5 rente for den del du bruger.<\/p>\n<p>&nbsp;<\/p>\n<p>En kassekredit egner sig is\u00e6r til at betale kortsigtede udgifter. L\u00f8n og varelager for eksempel. Det er ogs\u00e5 en tryghed at have i forhold til uforudsete udgifter. En kassekredit er sj\u00e6ldent den billigste finansieringsform for st\u00f8rre investeringer i virksomheden, men det er en nem og hurtig m\u00e5de at f\u00e5 adgang til likvider.<\/p>\n<p>&nbsp;<\/p>\n<p><strong>Fordele ved en kassekredit til virksomhed<\/strong><\/p>\n<ul>\n<li>Fleksibel \u2013 du l\u00e5ner kun det du har brug for og betaler kun renter af det du reelt bruger<\/li>\n<li>Den er hurtig at f\u00e5 i banken og ofte nemmere end et almindeligt l\u00e5n<\/li>\n<\/ul>\n<p>&nbsp;<\/p>\n<p><strong>Ulemper ved en kassekredit til virksomhed<\/strong><\/p>\n<ul>\n<li>Den skal fornys l\u00f8bende, der skal betales et gebyr n\u00e5r dette sker<\/li>\n<li>I mods\u00e6tning til et l\u00e5n, kr\u00e6ver det at du er kunde og har en bankkonto hos dem du vil l\u00e5ne hos<\/li>\n<\/ul>\n<p>&nbsp;<\/p>\n<h5>Skal du v\u00e6lge en kassekredit eller et l\u00e5n?<\/h5>\n<p>Det er altid en god ide at have penge p\u00e5 kistebunden til uforudsete udgifter, men en kassekredit er ikke en erstatning for et l\u00e5n. De kan to forskellige ting. Kassekreditten er en hurtig adgang til likviditet. L\u00e5net skal finansiere langsigtede investeringer.<\/p>\n\n\n<div style='display:none'>Adservice Comparison Feed: Could not find feed with ID \"dk0001\"<\/div>\n<script>console.log('Adservice Comparison Feed: Could not find feed with ID \"dk0001\"');<\/script>\n","protected":false},"excerpt":{"rendered":"<p>En kassekredit giver fleksibilitet og en ekstra tryghed for, at du har adgang til likviditet. Det er s\u00e5dan,&nbsp; hvis du har en privat kassekredit og det er s\u00e5dan, hvis du &#8230;<\/p>\n","protected":false},"author":1,"featured_media":0,"parent":0,"menu_order":0,"comment_status":"closed","ping_status":"closed","template":"","meta":{"footnotes":""},"class_list":["post-70","page","type-page","status-publish","hentry"],"_links":{"self":[{"href":"https:\/\/firmalan.com\/dk\/wp-json\/wp\/v2\/pages\/70","targetHints":{"allow":["GET"]}}],"collection":[{"href":"https:\/\/firmalan.com\/dk\/wp-json\/wp\/v2\/pages"}],"about":[{"href":"https:\/\/firmalan.com\/dk\/wp-json\/wp\/v2\/types\/page"}],"author":[{"embeddable":true,"href":"https:\/\/firmalan.com\/dk\/wp-json\/wp\/v2\/users\/1"}],"replies":[{"embeddable":true,"href":"https:\/\/firmalan.com\/dk\/wp-json\/wp\/v2\/comments?post=70"}],"version-history":[{"count":2,"href":"https:\/\/firmalan.com\/dk\/wp-json\/wp\/v2\/pages\/70\/revisions"}],"predecessor-version":[{"id":238,"href":"https:\/\/firmalan.com\/dk\/wp-json\/wp\/v2\/pages\/70\/revisions\/238"}],"wp:attachment":[{"href":"https:\/\/firmalan.com\/dk\/wp-json\/wp\/v2\/media?parent=70"}],"curies":[{"name":"wp","href":"https:\/\/api.w.org\/{rel}","templated":true}]}}