{"id":57,"date":"2018-03-08T10:07:39","date_gmt":"2018-03-08T09:07:39","guid":{"rendered":"https:\/\/firmalan.com\/dk\/?page_id=57"},"modified":"2019-04-17T10:02:40","modified_gmt":"2019-04-17T08:02:40","slug":"virksomhedsforsikring","status":"publish","type":"page","link":"https:\/\/firmalan.com\/dk\/virksomhedsforsikring\/","title":{"rendered":"Virksomhedsforsikring"},"content":{"rendered":"<p>En virksomhedsforsikring er en f\u00e6lles betegnelse for flere forsikringer, der tilsammen d\u00e6kker en virksomheds forsikringsbehov. Er du i tvivl om hvilke forsikringer din virksomhed har brug for, s\u00e5 l\u00e6s med her og f\u00e5 inspiration.<\/p>\n<p>Uanset hvad din virksomhed besk\u00e6ftiger sig med, er det vigtigt at v\u00e6re d\u00e6kket ordentligt med de rigtige forsikringer. Det g\u00e6lder uanset om du er i en branche med s\u00e6rlige behov eller om du \u201dbare\u201d har en virksomhed med kontor. Uheld, kriminalitet og alt det andet du ikke kan forudse, kan ramme alle \u2013 ogs\u00e5 dig.<\/p>\n<p><em>Globalforsikring bilforsikring til erhverv<\/em><br \/>\n<a href=\"\/dk\/go\/globalforsikring\/\" target=\"_blank\" rel=\"nofollow noopener\"><img loading=\"lazy\" decoding=\"async\" src=\"https:\/\/media.go2speed.org\/brand\/files\/digitaladvisor\/3743\/400x400_Global_Forsikring.jpg\" width=\"400\" height=\"400\" border=\"0\" \/><\/a><img loading=\"lazy\" decoding=\"async\" src=\"http:\/\/online.digital-advisor.com\/aff_i?offer_id=3743&amp;file_id=68573&amp;aff_id=2330\" width=\"1\" height=\"1\" \/><\/p>\n<p>Krav:<\/p>\n<ol>\n<li>Du er over 25 \u00e5r<\/li>\n<li>Har haft k\u00f8rekort i 3 \u00e5r<\/li>\n<li>Ikke har anmeldt nogen skade inden for de sidste 3 \u00e5r<\/li>\n<\/ol>\n<p><em>Tjenestetorvet erhvervsforsikring<\/em><br \/>\n<a href=\"\/dk\/go\/tjenestetorvet\/\" target=\"_blank\" rel=\"nofollow noopener\"><img loading=\"lazy\" decoding=\"async\" src=\"https:\/\/media.go2speed.org\/brand\/files\/digitaladvisor\/1145\/20161018130609-Fors.300x250.jpg\" width=\"300\" height=\"250\" border=\"0\" \/><\/a><img loading=\"lazy\" decoding=\"async\" src=\"http:\/\/online.digital-advisor.com\/aff_i?offer_id=1145&amp;file_id=30226&amp;aff_id=2330\" width=\"1\" height=\"1\" \/><br \/>\nIndhentet forskellige tilbud p\u00e5 erhvervsforsikring fra f\u00f8lgende solide forsikringsselskaber i Danmark: Topdanmark Forsikring og Pension, Tryg og S\u00f8nderjysk forsikring.<\/p>\n<h4>F\u00e5 en tilpasset virksomhedsforsikring \u2013 til dine behov<\/h4>\n<p>En virksomhedsforsikring kan laves s\u00e5 den passer til lige netop din virksomheds behov. Men den vil altid indeholde nogle minimumsforsikring, for eksempel l\u00f8s\u00f8reforsikring. Det er en forsikring der d\u00e6kker ting som v\u00e6rkt\u00f8j, inventar og arbejdsmaskiner. Typisk vil forsikringen ogs\u00e5 d\u00e6kke dit varelager, og andre v\u00e6rdier, mod skader som er pludselige og uforudsete.<\/p>\n<p>Hvis du har medarbejdere i din virksomhed, er det lovpligtigt at have en arbejdsskadeforsikring. I s\u00e5 fald er den en del af din virksomhedsforsikring. Det er lovpligtigt med en arbejdsskadeforsikring uanset om du har deltid-, fuldtid- eller andre typer ansatte. Den eneste undtagelse for en arbejdsskadeforsikring er enkeltmandsfirmaer og lignende uden ansatte.<\/p>\n<h6>Har du andre behov?<\/h6>\n<p>Du kan have andre behov for forsikringer afh\u00e6ngig af hvilken branche du er i. M\u00e5ske har du behov for en forsikring der sikrer dine materialer under transport. Det kan for eksempel v\u00e6re hvis du er h\u00e5ndv\u00e6rker. Det kan ogs\u00e5 v\u00e6re du har behov for en forsikring der d\u00e6kker erstatningsansvar. Det er derfor en god ide at tage en snak med en forsikringsagent, som kan s\u00f8rge for at dine forsikringer er opdaterede i forhold til dit behov.<\/p>\n<h6>F\u00e5 et godt tilbud<\/h6>\n<p>F\u00e5 et godt tilbud p\u00e5 virksomhedsforsikring f\u00f8r du beslutter dig. Der er penge at spare ved at ringe rundt og h\u00f8re hvad du kan f\u00e5 tilbudt.<\/p>\n","protected":false},"excerpt":{"rendered":"<p>En virksomhedsforsikring er en f\u00e6lles betegnelse for flere forsikringer, der tilsammen d\u00e6kker en virksomheds forsikringsbehov. Er du i tvivl om hvilke forsikringer din virksomhed har brug for, s\u00e5 l\u00e6s med &#8230;<\/p>\n","protected":false},"author":1,"featured_media":0,"parent":0,"menu_order":0,"comment_status":"closed","ping_status":"closed","template":"","meta":{"footnotes":""},"class_list":["post-57","page","type-page","status-publish","hentry"],"_links":{"self":[{"href":"https:\/\/firmalan.com\/dk\/wp-json\/wp\/v2\/pages\/57","targetHints":{"allow":["GET"]}}],"collection":[{"href":"https:\/\/firmalan.com\/dk\/wp-json\/wp\/v2\/pages"}],"about":[{"href":"https:\/\/firmalan.com\/dk\/wp-json\/wp\/v2\/types\/page"}],"author":[{"embeddable":true,"href":"https:\/\/firmalan.com\/dk\/wp-json\/wp\/v2\/users\/1"}],"replies":[{"embeddable":true,"href":"https:\/\/firmalan.com\/dk\/wp-json\/wp\/v2\/comments?post=57"}],"version-history":[{"count":6,"href":"https:\/\/firmalan.com\/dk\/wp-json\/wp\/v2\/pages\/57\/revisions"}],"predecessor-version":[{"id":192,"href":"https:\/\/firmalan.com\/dk\/wp-json\/wp\/v2\/pages\/57\/revisions\/192"}],"wp:attachment":[{"href":"https:\/\/firmalan.com\/dk\/wp-json\/wp\/v2\/media?parent=57"}],"curies":[{"name":"wp","href":"https:\/\/api.w.org\/{rel}","templated":true}]}}