{"id":29,"date":"2017-10-03T16:43:00","date_gmt":"2017-10-03T14:43:00","guid":{"rendered":"https:\/\/firmalan.com\/dk\/?page_id=29"},"modified":"2020-04-24T06:16:45","modified_gmt":"2020-04-24T04:16:45","slug":"001-capitalbox","status":"publish","type":"page","link":"https:\/\/firmalan.com\/dk\/001-capitalbox\/","title":{"rendered":"Capitalbox"},"content":{"rendered":"<div class=\"section-content\">\n<div class=\"row\">\n<div class=\"feature-item col-lg-6 col-sm-6 wow slideInUp\">\n<div class=\"feature-media\"><img decoding=\"async\" src=\"https:\/\/firmalan.com\/dk\/wp-content\/uploads\/2020\/04\/capitalbox.jpg\"><\/div>\n<\/div>\n<div class=\"feature-item col-lg-6 col-sm-6 wow slideInUp\">\n<p>Capitalbox (tidligere kendt som Ferratum Business) er en ny type l\u00e5n for virksomheder. Ans\u00f8g om l\u00e5n p\u00e5 baggrund af din virksomheds cashflow og f\u00e5 svar i l\u00f8bet af en dag. Pengene har du p\u00e5 kontoen n\u00e6ste dag. Nemt og sikkert. Hos Capitalbox kan du l\u00e5ne op til 1.500.000 kr. uden sikkerhed.<\/p>\n<p><a class=\"btn btn-theme-primary btn-lg\" style=\"color: #f4f4f4;\" href=\"https:\/\/firmalan.com\/dk\/go\/001-capitalbox\/\" rel=\"nofollow noopener noreferrer\" target=\"_blank\">Ans\u00f8g &#8211; f\u00e5 et pristilbud<\/a><\/p>\n<\/div>\n<\/div>\n<\/div>\n<div class=\"section-color\">\n<div class=\"row\">\n<div class=\"feature-item col-lg-6 col-sm-6 wow slideInUp\">\n<p class=\"kapitel\">Virksomhedsl\u00e5n<\/p>\n<ul id=\"navlist\">\n<li>Bel\u00f8b: 15 000-1.500 000 kr.<\/li>\n<li>Tilbagebetale: 6-24 m\u00e5neder<\/li>\n<li>Individuel rente<\/li>\n<\/ul>\n<\/div>\n<div class=\"feature-item col-lg-6 col-sm-6 wow slideInUp\">\n<p class=\"kapitel\">Ans\u00f8g 24\/7<\/p>\n<ul id=\"navlist\">\n<li>Ans\u00f8g om l\u00e5n p\u00e5 5 min<\/li>\n<li>Godkendelse inden for 24 timer<\/li>\n<li>Betaling inden for 48 timer<\/li>\n<\/ul>\n<\/div>\n<\/div>\n<\/div>\n<p><span style=\"color: #00529c; font-size: 16pt;\">Betingelser:<\/span><\/p>\n<table>\n<tbody>\n<tr>\n<td bgcolor=\"#000\"><span style=\"color: #ffffff;\">Rente<\/span><\/td>\n<td>Gennemsnitlige m\u00e5nedlige rente er 2.9 % af l\u00e5nekapitalen.<\/td>\n<\/tr>\n<tr>\n<td bgcolor=\"#000\"><span style=\"color: #ffffff;\">Startgebyr<\/span><\/td>\n<td>Startgebyr p\u00e5 2.95% af l\u00e5nekapitalen.<\/td>\n<\/tr>\n<\/tbody>\n<\/table>\n<p><span style=\"color: #00529c; font-size: 16pt;\">L\u00e5neberettiget:<\/span><\/p>\n<table>\n<tbody>\n<tr>\n<td bgcolor=\"#000\"><span style=\"color: #ffffff;\">Oms\u00e6tning<\/span><\/td>\n<td>Mindst 550.000 kr i \u00e5rlige indt\u00e6gter.<\/td>\n<\/tr>\n<tr>\n<td bgcolor=\"#000\"><span style=\"color: #ffffff;\">Virksomhedens historie<\/span><\/td>\n<td>I drift i mindst 18 m\u00e5neder.<\/td>\n<\/tr>\n<tr>\n<td bgcolor=\"#000\"><span style=\"color: #ffffff;\">Bankkonto<\/span><\/td>\n<td>Bankkonto dedikeret til forretninger.<\/td>\n<\/tr>\n<tr>\n<td bgcolor=\"#000\"><span style=\"color: #ffffff;\">Adresse<\/span><\/td>\n<td>En fysisk tilstedev\u00e6relse af en virksomhed.<\/td>\n<\/tr>\n<tr>\n<td bgcolor=\"#000\"><span style=\"color: #ffffff;\">Ejerskab<\/span><\/td>\n<td>Alle direkt\u00f8rer er bosat i Danmark.<\/td>\n<\/tr>\n<\/tbody>\n<\/table>\n<p><span style=\"color: #00529c; font-size: 16pt;\">F\u00f8lgende oplysninger \/ dokumentation er p\u00e5kr\u00e6vet:<\/span><\/p>\n<ul>\n<li>CVR-nummer<\/li>\n<li>CPR-nummer<\/li>\n<li>Bevis p\u00e5 din identitet og nuv\u00e6rende virksomhedsindt\u00e6gter via online verifikation af bankkonto.<\/li>\n<li>Et dansk pas eller CPR-nummer<\/li>\n<li>Et mobilfoto af din identifikation og dig selv<\/li>\n<\/ul>\n<hr>\n<h3>L\u00e5n penge i din virksomheds cashflow<\/h3>\n<p>Det er ingen hemmelighed at det kan v\u00e6re sv\u00e6rt at l\u00e5ne penge i banken som en lille virksomhed. Bankerne vil ofte have omfattende information og dokumentation, hvis ikke direkte sikkerhed i din private ejendom. Der skal skrives frem og tilbage og ofte ender det hele med en bankr\u00e5dgiver der sm\u00e6kker kassen i.<\/p>\n<p>Capitalbox er anderledes. Her bliver du kreditvurderet p\u00e5 pengestr\u00f8mmen i din virksomhed, ikke bare en arbitr\u00e6r kreditvurdering. Har du en virksomhed med fornuftigt cashflow, s\u00e5 kan du l\u00e5ne penge.<\/p>\n<h5>Kan du l\u00e5ne?<\/h5>\n<p>Kravene for at kunne l\u00e5n hos Capitalbox er:<\/p>\n<p>\u2022 Din virksomhed har v\u00e6ret i drift i mindst 18 m\u00e5neder<br \/>\n\u2022 Du har indt\u00e6gter \u00e5rligt for mere end 550.000 kr.<br \/>\n\u2022 Alle direkt\u00f8rer i virksomheden bor i Danmark<\/p>\n<p>Opfylder du disse krav kan du ans\u00f8ge om l\u00e5n hos Capitalbox. Hvad du skal bruge pengene til er dit eget valg.<\/p>\n<p>Du kan l\u00e5ne penge til:<\/p>\n<p>\u2022 Anskaffelse af anl\u00e6gsaktiver<br \/>\n\u2022 Ombygning eller udvidelse af virksomheden<br \/>\n\u2022 Refinansiering af g\u00e6ld<br \/>\n\u2022 Ans\u00e6tte nye medarbejdere<br \/>\n\u2022 Driftskapital<br \/>\n\u2022 Indk\u00f8b til lager<br \/>\n\u2022 Marketing<\/p>\n<p>&nbsp;<\/p>\n<p><em>Skal du stille sikkerhed?<\/em><\/p>\n<p>Du skal ikke stille sikkerhed i form af pant i fast ejendom eller lignende, men du skriver under p\u00e5 at du h\u00e6fter for l\u00e5net personligt. Du kan til enhver tid betale l\u00e5net ud, uden krav om forudbetaling.<\/p>\n<hr>\n<p><a name=\"tabell\"><\/a> <span style=\"color: #00529c; font-size: 16pt;\">Omkostninger ved l\u00e5n<\/span><\/p>\n<p><em>Hvor meget koster det?<\/em><\/p>\n<p>I udgangspunktet er renten 2,9% af l\u00e5nekapitalen og hertil kommer et startgebyr p\u00e5 2,95%. Du kan beregne din ydelse og rente p\u00e5 Capitalboxs website.<\/p>\n<table>\n<thead>\n<tr>\n<th>Bel\u00f8b<\/th>\n<th>6 m\u00e5n<\/th>\n<th>9 m\u00e5n<\/th>\n<\/tr>\n<\/thead>\n<tbody>\n<tr>\n<td bgcolor=\"#000\"><span style=\"color: #ffffff;\">100 000 kr<\/span><\/td>\n<td>117 000 kr<\/td>\n<td>&#8211;<\/td>\n<\/tr>\n<tr>\n<td bgcolor=\"#000\"><span style=\"color: #ffffff;\">150 000 kr<\/span><\/td>\n<td>&#8211;<\/td>\n<td>186 000 kr<\/td>\n<\/tr>\n<\/tbody>\n<\/table>\n<hr>\n<h4>Support:<\/h4>\n<table class=\"table table-striped\" border=\"0\">\n<tbody>\n<tr>\n<td valign=\"top\" width=\"150\">Man-Fre<\/td>\n<td valign=\"top\" width=\"100\">09:00 \u2013 17:00<\/td>\n<\/tr>\n<tr>\n<td valign=\"top\" width=\"150\">Weekend<\/td>\n<td valign=\"top\" width=\"100\">Lukket<\/td>\n<\/tr>\n<\/tbody>\n<\/table>\n<blockquote><p>Telefon: 70 89 99 33<br \/>\nE-mail: <a href=\"mailto:support@capitalbox.dk\">support@capitalbox.dk<\/a><\/p><\/blockquote>\n<p>*F\u00e5 svar p\u00e5 din mail inden for 24 timer.<\/p>\n<blockquote class=\"theme\">\n<h4>ADRESSE:<\/h4>\n<p>Wennerbergsgatan 10<br \/>\n112 58 Stockholm<br \/>\nOrg. nr: 556695-9655<\/p><\/blockquote>\n","protected":false},"excerpt":{"rendered":"<p>Capitalbox (tidligere kendt som Ferratum Business) er en ny type l\u00e5n for virksomheder. Ans\u00f8g om l\u00e5n p\u00e5 baggrund af din virksomheds cashflow og f\u00e5 svar i l\u00f8bet af en dag. &#8230;<\/p>\n","protected":false},"author":1,"featured_media":211,"parent":0,"menu_order":0,"comment_status":"closed","ping_status":"closed","template":"template-fullwidth.php","meta":{"footnotes":""},"class_list":["post-29","page","type-page","status-publish","has-post-thumbnail","hentry"],"_links":{"self":[{"href":"https:\/\/firmalan.com\/dk\/wp-json\/wp\/v2\/pages\/29","targetHints":{"allow":["GET"]}}],"collection":[{"href":"https:\/\/firmalan.com\/dk\/wp-json\/wp\/v2\/pages"}],"about":[{"href":"https:\/\/firmalan.com\/dk\/wp-json\/wp\/v2\/types\/page"}],"author":[{"embeddable":true,"href":"https:\/\/firmalan.com\/dk\/wp-json\/wp\/v2\/users\/1"}],"replies":[{"embeddable":true,"href":"https:\/\/firmalan.com\/dk\/wp-json\/wp\/v2\/comments?post=29"}],"version-history":[{"count":8,"href":"https:\/\/firmalan.com\/dk\/wp-json\/wp\/v2\/pages\/29\/revisions"}],"predecessor-version":[{"id":214,"href":"https:\/\/firmalan.com\/dk\/wp-json\/wp\/v2\/pages\/29\/revisions\/214"}],"wp:featuredmedia":[{"embeddable":true,"href":"https:\/\/firmalan.com\/dk\/wp-json\/wp\/v2\/media\/211"}],"wp:attachment":[{"href":"https:\/\/firmalan.com\/dk\/wp-json\/wp\/v2\/media?parent=29"}],"curies":[{"name":"wp","href":"https:\/\/api.w.org\/{rel}","templated":true}]}}