{"id":228,"date":"2020-05-22T16:06:53","date_gmt":"2020-05-22T14:06:53","guid":{"rendered":"https:\/\/firmalan.com\/dk\/?page_id=228"},"modified":"2020-05-22T16:06:54","modified_gmt":"2020-05-22T14:06:54","slug":"erhvervstelefoni-og-internet-til-selvstaendige-og-firma","status":"publish","type":"page","link":"https:\/\/firmalan.com\/dk\/erhvervstelefoni-og-internet-til-selvstaendige-og-firma\/","title":{"rendered":"Erhvervstelefoni og internet til selvst\u00e6ndige og firma"},"content":{"rendered":"\n<p>For de fleste moderne virksomheder er det n\u00f8dvendigt med internet og erhvervstelefoni. Det g\u00e6lder b\u00e5de, hvis du er selvst\u00e6ndig og styrer en enkeltmandsvirksomhed &#8211; men ogs\u00e5 hvis du har et st\u00f8rre firma, hvor der er store behov. Her f\u00e5r du lidt generel info om erhvervstelefoni og internet til virksomheder.<\/p>\n\n\n\n<p><strong>Erhvervstelefoni til selvst\u00e6ndige og virksomheder<\/strong><\/p>\n\n\n\n<p>Erhvervstelefoni d\u00e6kker over de ting, du bruger telefonen til i forbindelse med virksomheden. Mange selvst\u00e6ndige v\u00e6lger at benytte almindelig telefoni for at undg\u00e5 flere udgifter, men erhvervstelefoni kan sagtens v\u00e6re billigt &#8211; og der f\u00f8lger flere fordele med.<\/p>\n\n\n\n<p>Der er nemlig gode tilbud at finde, og erhvervstelefoni kan tilpasses efter dine behov. Nogle selskaber, som for eksempel Telia, specialiserer sig i erhvervstelefoni og tilbyder flere gode forhold.<\/p>\n\n\n\n<p>For eksempel er det ofte muligt at f\u00e5 omstillingsservice, IP telefoni og meget mere. Derudover er der ofte lave priser ved opkald, ogs\u00e5 til udlandet. S\u00e6rdeles brugbart hvis du har en international virksomhed.<\/p>\n\n\n\n<p>Erhvervstelefoni er en udgift, der kan tr\u00e6kkes fra i dit skatteregnskab. Det er alts\u00e5 et glimrende valg til den seri\u00f8se selvst\u00e6ndige, eller til det st\u00f8rre firma, der har brug for funktionelt telefoni til medarbejderne.<\/p>\n\n\n\n<p>Online udbydere af telefoni er typisk billigere. Hvis du har en virksomhed med under 15 medarbejdere er det is\u00e6r muligt at finde gode priser.<\/p>\n\n\n\n<p><strong>Internet til erhvervsbrug<\/strong><\/p>\n\n\n\n<p>\u00c9n ting er erhvervstelefoni, og en anden ting er erhvervsinternet.<\/p>\n\n\n\n<p>Internet er i disse dage vigtigere end telefonerne. I enhver virksomhed er det n\u00f8dvendigt med internet, for de fleste virksomheder har hjemmesider at holde styr p\u00e5. Derudover er der mails, der skal tjekkes, samt mange andre ting at holde \u00f8je med. Internettet er alts\u00e5 brugbart og b\u00f8r installeres hos enhver virksomhed.<\/p>\n\n\n\n<p>N\u00e5r vi taler om erhvervsinternet, er det vigtigt, at du f\u00e5r en ekstra hurtig forbindelse, da kravene ofte vil v\u00e6re h\u00f8jere. Hvis du har en virksomhed med mange medarbejdere, kr\u00e6ver det alligevel en del, n\u00e5r der er gang i kontoret. Som selvst\u00e6ndig kan der ogs\u00e5 v\u00e6re h\u00f8je behov &#8211; for eksempel hvis du arbejder fra computeren det meste af dagen.<\/p>\n\n\n\n<p>For digitale virksomheder er der ingen vej uden om internet, men selv for fysiske forretninger er det sv\u00e6rt at undv\u00e6re. Der er heldigvis gode priser p\u00e5 markedet, og det er nemt at f\u00e5 en god og sikker internetforbindelse.<\/p>\n\n\n\n<p><strong>Konklusion<\/strong><\/p>\n\n\n\n<p>Hvis du er nystartet virksomhed, b\u00f8r du straks se p\u00e5 internettet og finde den bedste l\u00f8sning. Gennems\u00f8g markedet og se, hvordan priserne ligger. Erhvervstelefoni er ogs\u00e5 v\u00e6rd at se n\u00e6rmere p\u00e5. Det er ikke absolut n\u00f8dvendigt for alle selvst\u00e6ndige, men det er det til geng\u00e6ld for alle store virksomheder.<\/p>\n","protected":false},"excerpt":{"rendered":"<p>For de fleste moderne virksomheder er det n\u00f8dvendigt med internet og erhvervstelefoni. Det g\u00e6lder b\u00e5de, hvis du er selvst\u00e6ndig og styrer en enkeltmandsvirksomhed &#8211; men ogs\u00e5 hvis du har et &#8230;<\/p>\n","protected":false},"author":1,"featured_media":0,"parent":0,"menu_order":0,"comment_status":"closed","ping_status":"closed","template":"","meta":{"footnotes":""},"class_list":["post-228","page","type-page","status-publish","hentry"],"_links":{"self":[{"href":"https:\/\/firmalan.com\/dk\/wp-json\/wp\/v2\/pages\/228","targetHints":{"allow":["GET"]}}],"collection":[{"href":"https:\/\/firmalan.com\/dk\/wp-json\/wp\/v2\/pages"}],"about":[{"href":"https:\/\/firmalan.com\/dk\/wp-json\/wp\/v2\/types\/page"}],"author":[{"embeddable":true,"href":"https:\/\/firmalan.com\/dk\/wp-json\/wp\/v2\/users\/1"}],"replies":[{"embeddable":true,"href":"https:\/\/firmalan.com\/dk\/wp-json\/wp\/v2\/comments?post=228"}],"version-history":[{"count":1,"href":"https:\/\/firmalan.com\/dk\/wp-json\/wp\/v2\/pages\/228\/revisions"}],"predecessor-version":[{"id":229,"href":"https:\/\/firmalan.com\/dk\/wp-json\/wp\/v2\/pages\/228\/revisions\/229"}],"wp:attachment":[{"href":"https:\/\/firmalan.com\/dk\/wp-json\/wp\/v2\/media?parent=228"}],"curies":[{"name":"wp","href":"https:\/\/api.w.org\/{rel}","templated":true}]}}