{"id":227,"date":"2020-05-22T16:12:39","date_gmt":"2020-05-22T14:12:39","guid":{"rendered":"https:\/\/firmalan.com\/dk\/?page_id=227"},"modified":"2020-05-22T16:12:41","modified_gmt":"2020-05-22T14:12:41","slug":"familielaan","status":"publish","type":"page","link":"https:\/\/firmalan.com\/dk\/familielaan\/","title":{"rendered":"Familiel\u00e5n"},"content":{"rendered":"\n<p>En traditionel m\u00e5de at l\u00e5ne penge p\u00e5 er ved at l\u00e5ne dem af familie eller venner. Det kr\u00e6ver naturligvis, at du kender nogle som har penge og som er villige til at l\u00e5ne dem ud. Men hvis det er tilf\u00e6ldet, s\u00e5 er det ogs\u00e5 en af de absolut bedste m\u00e5der at l\u00e5ne penge p\u00e5. I kan nemlig selv afg\u00f8re kravene imellem jer, og ved at l\u00e5ne af t\u00e6tte relationer er det ogs\u00e5 muligt at slippe for renter og udgifter.<\/p>\n\n\n\n<p><strong>Fordele ved at l\u00e5ne penge privat<\/strong><\/p>\n\n\n\n<p>Et familiel\u00e5n, eller et l\u00e5n fra venner, bringer rigtigt mange fordele med sig. Du slipper uden om banker og l\u00e5nefirmaer, som ofte har bestemte krav, og som tager betaling (i form af renter) for l\u00e5net.<\/p>\n\n\n\n<p>Ved at l\u00e5ne af for\u00e6ldre, familie eller venner kan begge parter selv afg\u00f8re forholdene ved l\u00e5net. Det g\u00e6lder blandt andet bel\u00f8bet, tilbagebetalingstiden, og eventuelle \u00f8vrige omkostninger, hvis l\u00e5ner gerne vil have noget ud af at l\u00e5ne.<\/p>\n\n\n\n<p>L\u00e5net kan b\u00e5de v\u00e6re formelt og uformelt. De fleste l\u00e5n af denne slags er h\u00f8jst uformelle, og der er s\u00e5ledes bare tale om en mundtlig aftale og en overf\u00f8rsel. Men det er dog muligt at lave kontrakt &#8211; hvis I finder det n\u00f8dvendigt.<\/p>\n\n\n\n<p><strong>Forholdsregler: Det skal du huske p\u00e5<\/strong><\/p>\n\n\n\n<p>Hvis du l\u00e5ner af familie, venner eller bekendte, s\u00e5 husk p\u00e5 at betale dem tilbage igen og overholde aftalen for l\u00e5net. Da der ikke er tale om et l\u00e5n fra noget st\u00f8rre institut, ses et familiel\u00e5n eller vennel\u00e5n typisk som noget mindre seri\u00f8st. Og det er det m\u00e5ske ogs\u00e5, men det g\u00f8r ikke l\u00e5net mindre vigtigt. Penge har det med at splitte, s\u00e5 husk at betale dit l\u00e5n tilbage, og lad ikke pengene komme imellem jer, hvis der kommer andre \u00f8konomiske udfordringer hen af vejen.<\/p>\n\n\n\n<p><strong>Andre l\u00e5nemuligheder<\/strong><\/p>\n\n\n\n<p>Grundet mulighed for at l\u00e5ne uden rente og uden nogle store krav, vil et familiel\u00e5n eller et vennel\u00e5n altid v\u00e6re en af de bedste typer af l\u00e5n.<\/p>\n\n\n\n<p>Dog er det ikke altid en mulighed. Og i s\u00e5 fald er det fint at have nogle alternative muligheder klar.<\/p>\n\n\n\n<p>Du kan altid ans\u00f8ge om et l\u00e5n i din egen bank. Banken afviser dig nogle gange &#8211; s\u00e5dan g\u00e5r det &#8211; men hvis du har god historik og du har en god \u00e5rsag til at l\u00e5ne, s\u00e5 er det som regel ikke et problem at lave en aftale med banen.<\/p>\n\n\n\n<p>En anden god mulighed er at henvende dig hos et privat l\u00e5nefirma. De tager normalt en h\u00f8jere rente, men det er ofte nemt at finde et firma at l\u00e5ne af.<\/p>\n\n\n\n<p>Overvej dine muligheder n\u00e6rmere, og tr\u00e6f en grundig beslutning. Et familiel\u00e5n er fantastisk, men hvis du har brug for \u00f8vrige muligheder, s\u00e5 husk p\u00e5 at du ogs\u00e5 kan finde bank eller l\u00e5nefirma, s\u00e5fremt det skulle blive n\u00f8dvendigt.<\/p>\n","protected":false},"excerpt":{"rendered":"<p>En traditionel m\u00e5de at l\u00e5ne penge p\u00e5 er ved at l\u00e5ne dem af familie eller venner. Det kr\u00e6ver naturligvis, at du kender nogle som har penge og som er villige &#8230;<\/p>\n","protected":false},"author":1,"featured_media":0,"parent":0,"menu_order":0,"comment_status":"closed","ping_status":"closed","template":"","meta":{"footnotes":""},"class_list":["post-227","page","type-page","status-publish","hentry"],"_links":{"self":[{"href":"https:\/\/firmalan.com\/dk\/wp-json\/wp\/v2\/pages\/227","targetHints":{"allow":["GET"]}}],"collection":[{"href":"https:\/\/firmalan.com\/dk\/wp-json\/wp\/v2\/pages"}],"about":[{"href":"https:\/\/firmalan.com\/dk\/wp-json\/wp\/v2\/types\/page"}],"author":[{"embeddable":true,"href":"https:\/\/firmalan.com\/dk\/wp-json\/wp\/v2\/users\/1"}],"replies":[{"embeddable":true,"href":"https:\/\/firmalan.com\/dk\/wp-json\/wp\/v2\/comments?post=227"}],"version-history":[{"count":1,"href":"https:\/\/firmalan.com\/dk\/wp-json\/wp\/v2\/pages\/227\/revisions"}],"predecessor-version":[{"id":232,"href":"https:\/\/firmalan.com\/dk\/wp-json\/wp\/v2\/pages\/227\/revisions\/232"}],"wp:attachment":[{"href":"https:\/\/firmalan.com\/dk\/wp-json\/wp\/v2\/media?parent=227"}],"curies":[{"name":"wp","href":"https:\/\/api.w.org\/{rel}","templated":true}]}}