{"id":224,"date":"2020-05-22T15:58:28","date_gmt":"2020-05-22T13:58:28","guid":{"rendered":"https:\/\/firmalan.com\/dk\/?page_id=224"},"modified":"2020-05-22T15:58:29","modified_gmt":"2020-05-22T13:58:29","slug":"kameo-dk","status":"publish","type":"page","link":"https:\/\/firmalan.com\/dk\/kameo-dk\/","title":{"rendered":"Kameo.dk"},"content":{"rendered":"\n<p>Kameo er en popul\u00e6r platform for crowdfunding som er i stor udvikling. Der er fine muligheder for at f\u00e5 et erhvervsl\u00e5n, hvilket tr\u00e6kker mange iv\u00e6rks\u00e6ttere til. Derfor er det en perfekt side at pr\u00f8ve af, hvis du har f\u00e5et afslag i banken, eller hvis du simpelthen bare er fascineret af crowdfunding og vil pr\u00f8ve det af.<\/p>\n\n\n\n<p><strong>V\u00e6rd at vide om Kameo<\/strong><\/p>\n\n\n\n<p>Hvis du leder efter finansiering til et projekt, der relaterer sig til det nordiske marked eller til nordiske k\u00f8bere, s\u00e5 er Kameo.dk et af de f\u00f8rste steder, du b\u00f8r kigge.<\/p>\n\n\n\n<p>Det er nemlig et rigtigt godt sted at l\u00e5ne penge for virksomheder. Dog p\u00e5 en lidt alternativ m\u00e5de i forhold til traditionelle firmal\u00e5n.<\/p>\n\n\n\n<p>N\u00e5r du benytter dig af Kameos platform, st\u00e5r du ikke til ansvar overfor en bank, men derimod overfor private investorer. Det skaber en lidt anden dynamik. Der er tale om l\u00e5nebaseret crowdfunding, hvilket f\u00f8rer mange fordele med sig.<\/p>\n\n\n\n<p>Kameo blev grundlagt i 2014 og har aktivitet i b\u00e5de Danmark, Sverige og Norge. Firmaets m\u00e5l er at g\u00f8re det lettere for firmaer at optage l\u00e5n, og at der samtidig skabes gode muligheder for investorer.<\/p>\n\n\n\n<p>I mods\u00e6tning til mange andre crowdfundingportaler, hvor investorerne f\u00e5r del i et projekt og i mange tilf\u00e6lde modtager gevinster, der ikke er \u00f8konomiske, s\u00e5 har Kameo en mere simpel tilgang. Investorerne l\u00e5ner penge ud og f\u00e5r penge tilbage igen &#8211; oftest med en rente mellem 5 og 15%.<\/p>\n\n\n\n<p><strong>S\u00e5dan kommer du i gang<\/strong><\/p>\n\n\n\n<p>Hvis du \u00f8nsker at l\u00e5ne penge til din virksomhed, s\u00e5 klikker du dig ind p\u00e5 Kameo og v\u00e6lger \u201cS\u00f8g finansiering\u201d. Herefter udfylder du en r\u00e6kke generelle oplysninger om din virksomhed og skriver en kort beskrivelse. Angiv gerne, hvad du mangler finansiering til. Efterf\u00f8lgende vil Kameo gennemse din l\u00e5neans\u00f8gning, og inden for kort tid vil du blive kontaktet med tilbud. Du kan forvente, at der vil blive lavet en kreditvurdering af din virksomhed.<\/p>\n\n\n\n<p>Du kan potentielt l\u00e5ne op til 40 millioner, om end de fleste l\u00e5n dog ligger p\u00e5 et par tusinde kroner.<\/p>\n\n\n\n<p>Hvis du derimod gerne vil investere, s\u00e5 klikker du dig ind p\u00e5 investeringssiden. Gennemse de forskellige vilk\u00e5r og opret en investeringskonto, hvis det lyder som noget for dig. Det mindste bel\u00f8b, du kan investere, er 500 kroner. Der er faste m\u00e5nedlige renteudbetalinger efter du har lavet din investering. Der er ingen gebyrer, og du kan forvente et sted mellem 5 og 15% i \u00e5rligt afkast.<\/p>\n\n\n\n<p><strong>De bedste fordele ved Kameo og crowdfunding<\/strong><\/p>\n\n\n\n<p>Der er mange fordele ved at bruge Kameo, pr\u00e6cis som der generelt er ved crowdfunding.<\/p>\n\n\n\n<p>Som virksomhed f\u00e5r du mulighed for at optage l\u00e5n med en fornuftig rente. Hvis du mangler finansiering til noget bestemt, s\u00e5 er Kameo et glimrende alternativ til de almindelige banker. Du kan optage firmal\u00e5n, der egner sig bedre til dine behov.<\/p>\n\n\n\n<p>Har du selv kapital til r\u00e5dighed, har du mulighed for at investere. Det bringer ogs\u00e5 fordele med sig: Du kan hente en fast rente og lade dine penge arbejde i stedet for at st\u00e5 stille. Samtidig kan du bidrage til iv\u00e6rks\u00e6tterkulturen og hj\u00e6lpe sm\u00e5 virksomheder med at skabe langsigtet v\u00e6kst.<\/p>\n","protected":false},"excerpt":{"rendered":"<p>Kameo er en popul\u00e6r platform for crowdfunding som er i stor udvikling. Der er fine muligheder for at f\u00e5 et erhvervsl\u00e5n, hvilket tr\u00e6kker mange iv\u00e6rks\u00e6ttere til. Derfor er det en &#8230;<\/p>\n","protected":false},"author":1,"featured_media":0,"parent":0,"menu_order":0,"comment_status":"closed","ping_status":"closed","template":"","meta":{"footnotes":""},"class_list":["post-224","page","type-page","status-publish","hentry"],"_links":{"self":[{"href":"https:\/\/firmalan.com\/dk\/wp-json\/wp\/v2\/pages\/224","targetHints":{"allow":["GET"]}}],"collection":[{"href":"https:\/\/firmalan.com\/dk\/wp-json\/wp\/v2\/pages"}],"about":[{"href":"https:\/\/firmalan.com\/dk\/wp-json\/wp\/v2\/types\/page"}],"author":[{"embeddable":true,"href":"https:\/\/firmalan.com\/dk\/wp-json\/wp\/v2\/users\/1"}],"replies":[{"embeddable":true,"href":"https:\/\/firmalan.com\/dk\/wp-json\/wp\/v2\/comments?post=224"}],"version-history":[{"count":2,"href":"https:\/\/firmalan.com\/dk\/wp-json\/wp\/v2\/pages\/224\/revisions"}],"predecessor-version":[{"id":226,"href":"https:\/\/firmalan.com\/dk\/wp-json\/wp\/v2\/pages\/224\/revisions\/226"}],"wp:attachment":[{"href":"https:\/\/firmalan.com\/dk\/wp-json\/wp\/v2\/media?parent=224"}],"curies":[{"name":"wp","href":"https:\/\/api.w.org\/{rel}","templated":true}]}}