{"id":222,"date":"2020-05-22T15:55:35","date_gmt":"2020-05-22T13:55:35","guid":{"rendered":"https:\/\/firmalan.com\/dk\/?page_id=222"},"modified":"2020-05-22T15:55:36","modified_gmt":"2020-05-22T13:55:36","slug":"skat-af-fri-bil-koerselsfradrag-og-egenbetaling-af-firmabil","status":"publish","type":"page","link":"https:\/\/firmalan.com\/dk\/skat-af-fri-bil-koerselsfradrag-og-egenbetaling-af-firmabil\/","title":{"rendered":"Skat af fri bil &#8211; k\u00f8rselsfradrag og egenbetaling af firmabil"},"content":{"rendered":"\n<p>Hvis du k\u00f8rer i firmabil, som stilles til r\u00e5dighed af din arbejdsgiver eller af egen virksomhed, og du samtidig k\u00f8rer i den privat, g\u00e6lder reglerne om skat af fri bil. Du skal alts\u00e5 svare skat af bilen, da den er et personalegode, og denne skat vil omfatte en procentdel af bilens v\u00e6rdi.<\/p>\n\n\n\n<p>Derfor varierer det skattepligtige bel\u00f8b fra person til person. Der er dog nogle generelle regler, og skatteprocenten er ens for alle. Her f\u00e5r du mere info om skat af firmabil, n\u00e5r du ogs\u00e5 bruger den privat.<\/p>\n\n\n\n<p><strong>S\u00e5dan beskattes du af fri bil (firmabil)<\/strong><\/p>\n\n\n\n<p>Skattev\u00e6senets regler for fri bil er, at du skal betale en procentdel af bilens v\u00e6rdi, samt et milj\u00f8till\u00e6g. Det er ligegyldigt, hvor meget du benytter bilen &#8211; du skal alts\u00e5 betale det samme, hvis du k\u00f8rer 5 kilometer om dagen, som hvis du k\u00f8rer 500 kilometer. Det v\u00e6sentlige er, at du har en firmabil, som du ogs\u00e5 benytter privat.<\/p>\n\n\n\n<p>Det er din arbejdsgiver, der skal s\u00f8rge for at du betaler skat af din fri bil, og det vil fremg\u00e5 p\u00e5 l\u00f8nseddelsen. Dog b\u00f8r du ogs\u00e5 selv holde dig opdateret, s\u00e5 du kan n\u00e6vne det i din forskudopg\u00f8relse, s\u00e5 det indg\u00e5r i din skatteberegning. Hvis du selv har stiftet firma og k\u00f8rer i firmabil privat, s\u00e5 har du et st\u00f8rre ansvar i forbindelse med indberetningen. Fasts\u00e6t en realistisk v\u00e6rdi, og s\u00f8rg for at alt bliver indberettet ordentligt.<\/p>\n\n\n\n<p>Du vil som udgangspunkt blive beskattet med mellem 20 og 25% af bilens v\u00e6rdi. Uanset hvad bilen er v\u00e6rd, fasts\u00e6tter skat en minimumsv\u00e6rdi p\u00e5 160.000 kroner som der skal betales skat af. Du beskattes med 25% op til 300.000 kroner af v\u00e6rdien, og 20% af resterende overstigende v\u00e6rdi. Derudover er der milj\u00f8till\u00e6gget p\u00e5 7.500 kroner \u00e5rligt.<\/p>\n\n\n\n<p><strong>K\u00f8rselsfradrag<\/strong><\/p>\n\n\n\n<p>Du kan ikke f\u00e5 k\u00f8rselsfradrag, n\u00e5r du har fri bil. Du kan heller ikke f\u00e5 k\u00f8rselsfradrag, hvis din arbejdsgiver p\u00e5 den ene eller anden m\u00e5de betaler for din transport.<\/p>\n\n\n\n<p>K\u00f8rselsfradrag kan dog f\u00e5s, hvis du benytter privat bil til og fra arbejde og samtidig har mere end 24 kilometer hver vej.<\/p>\n\n\n\n<p><strong>Egenbetaling og brug af firmabil<\/strong><\/p>\n\n\n\n<p>Nogle ansatte betaler arbejdsgiveren for at f\u00e5 lov at bruge en firmabil privat. I s\u00e5 fald kan denne betaling tr\u00e6kkes fra beskatningen, s\u00e5fremt det kan dokumenteres.<\/p>\n\n\n\n<p>Det giver dog ikke fradrag, n\u00e5r du tanker bilen op med benzin i privat regi for egne penge.<\/p>\n\n\n\n<p>Du kan benytte bilen ubegr\u00e6nset, n\u00e5r du betaler skat af den. Det har ingen betydning, hvor meget du k\u00f8rer i den, s\u00e5 l\u00e6nge du har bilen til r\u00e5dighed. Hvis du kun har firmabil dele af \u00e5ret, skal du dog kun betale for de m\u00e5neder, hvor du har den. Du betaler alts\u00e5 for r\u00e5digheden og ikke for hvor meget du k\u00f8rer i den.<\/p>\n\n\n\n<p>Grundet skat af fri bil, giver det bedst mening at f\u00e5 egen bil ved siden af firmabilen, hvis du k\u00f8rer meget i forbindelse med arbejdet. K\u00f8rer du til geng\u00e6ld mest privat, s\u00e5 giver det fin \u00f8konomisk mening at v\u00e6lge fri bil.<\/p>\n","protected":false},"excerpt":{"rendered":"<p>Hvis du k\u00f8rer i firmabil, som stilles til r\u00e5dighed af din arbejdsgiver eller af egen virksomhed, og du samtidig k\u00f8rer i den privat, g\u00e6lder reglerne om skat af fri bil. &#8230;<\/p>\n","protected":false},"author":1,"featured_media":0,"parent":0,"menu_order":0,"comment_status":"closed","ping_status":"closed","template":"","meta":{"footnotes":""},"class_list":["post-222","page","type-page","status-publish","hentry"],"_links":{"self":[{"href":"https:\/\/firmalan.com\/dk\/wp-json\/wp\/v2\/pages\/222","targetHints":{"allow":["GET"]}}],"collection":[{"href":"https:\/\/firmalan.com\/dk\/wp-json\/wp\/v2\/pages"}],"about":[{"href":"https:\/\/firmalan.com\/dk\/wp-json\/wp\/v2\/types\/page"}],"author":[{"embeddable":true,"href":"https:\/\/firmalan.com\/dk\/wp-json\/wp\/v2\/users\/1"}],"replies":[{"embeddable":true,"href":"https:\/\/firmalan.com\/dk\/wp-json\/wp\/v2\/comments?post=222"}],"version-history":[{"count":1,"href":"https:\/\/firmalan.com\/dk\/wp-json\/wp\/v2\/pages\/222\/revisions"}],"predecessor-version":[{"id":223,"href":"https:\/\/firmalan.com\/dk\/wp-json\/wp\/v2\/pages\/222\/revisions\/223"}],"wp:attachment":[{"href":"https:\/\/firmalan.com\/dk\/wp-json\/wp\/v2\/media?parent=222"}],"curies":[{"name":"wp","href":"https:\/\/api.w.org\/{rel}","templated":true}]}}