{"id":218,"date":"2020-05-22T15:18:17","date_gmt":"2020-05-22T13:18:17","guid":{"rendered":"https:\/\/firmalan.com\/dk\/?page_id=218"},"modified":"2020-05-22T15:19:29","modified_gmt":"2020-05-22T13:19:29","slug":"erhvervsleasing-af-maskiner-bil-vaelg-leasing-eller-koeb","status":"publish","type":"page","link":"https:\/\/firmalan.com\/dk\/erhvervsleasing-af-maskiner-bil-vaelg-leasing-eller-koeb\/","title":{"rendered":"Erhvervsleasing af maskiner\/bil &#8211; V\u00e6lg leasing eller k\u00f8b?"},"content":{"rendered":"\n<p><strong>Erhvervsleasing af bil og maskiner<\/strong><\/p>\n\n\n\n<p>Det er muligt at lease langt de fleste maskiner, hvis du er registreret som virksomhed. Leasing af bil er ogs\u00e5 blevet popul\u00e6rt &#8211; b\u00e5de for privatpersoner og for virksomheder, og det har ogs\u00e5 sine helt egne fordele.<\/p>\n\n\n\n<p>Det gode ved at lease er, at du f\u00e5r frigjort en smule likviditet. I stedet for at lave et stort k\u00f8b (biler og produktionsmaskiner er ofte dyre), binder du ingen penge i handlen, og dermed har du flere midler til r\u00e5dighed lige nu. Du betaler derimod et mindre bel\u00f8b for retten til at bruge bilen eller maskinen, men uden at eje den.<\/p>\n\n\n\n<p><strong>V\u00e6lg leasing eller k\u00f8b?<\/strong><\/p>\n\n\n\n<p>De fleste virksomheder st\u00e5r i et dillemma, n\u00e5r de skal have en ny bil eller en ny maskine i forbindelse med forretningen. Der er fordele ved begge muligheder, og her f\u00e5r du det fulde overblik.En mulighed er at k\u00f8be p\u00e5 traditionel vis, men mange v\u00e6lger ogs\u00e5 at lease.<\/p>\n\n\n\n<p>Du skal selvf\u00f8lgelig betale en leasingafgift, n\u00e5r du v\u00e6lger denne l\u00f8sning, men det er stadig billigere end et fuldt k\u00f8b. Forsikring skal der som regel ogs\u00e5 betales for, som en del af leasingaftalen. Det er dog v\u00e6rd at bem\u00e6rke, at en ny firmabil, eller nye produktionsmaskiner, ofte \u00f8ger produktiviteten i virksomheden og derfor f\u00f8rer til v\u00e6kst. Det kan alts\u00e5 ses som en intern investering.<\/p>\n\n\n\n<p><strong>K\u00f8b af maskine eller bil til virksomheden<\/strong><\/p>\n\n\n\n<p>Leasing er alts\u00e5 en glimrende mulighed, hvis du gerne vil have s\u00e5 meget likviditet som muligt, og hvis du ikke har behov for at eje det p\u00e5g\u00e6ldende produkt.<\/p>\n\n\n\n<p>Men hvis du derimod gerne vil eje det, og hvis du med det samme har kapital til r\u00e5dighed, s\u00e5 kan du ogs\u00e5 bare v\u00e6lge at k\u00f8be. N\u00e5r du k\u00f8ber som virksomhed, er det en udgift, der kan tr\u00e6kkes fra i skatteregnskabet, og derfor er det sj\u00e6ldent lige s\u00e5 dyrt, som hvis du skulle k\u00f8be bil eller maskine som privatperson.<\/p>\n\n\n\n<p>Du binder dig til en st\u00f8rre investering fra start, men til geng\u00e6ld ejer du ogs\u00e5 bilen\/maskinen 100%. Du vil ogs\u00e5 selv kunne v\u00e6lge med hensyn til forsikringer, hvor der m\u00e5ske ogs\u00e5 er lidt at spare.<\/p>\n\n\n\n<p><strong>Udgifter du skal overveje<\/strong><\/p>\n\n\n\n<p>For at finde ud af, hvad der er bedst, b\u00f8r du overveje alle udgifterne. Det er nemlig ikke kun indgangsk\u00f8bet, der er vigtigt &#8211; der er altid ekstraudgifter, uanset om du k\u00f8ber eller leaser.<\/p>\n\n\n\n<p>Overvej igen forsikring, men ogs\u00e5 ting som br\u00e6ndstof, finansiering og eventuelt ressourcer der kr\u00e6ves til vedligehold. Overvej hvad v\u00e6rdien vil v\u00e6re af bilen\/maskinen om 4-5 \u00e5r, og beslut dig derefter for, om det er bedst at k\u00f8be eller lease.<\/p>\n\n\n\n<p><strong>Hvad er bedst at v\u00e6lge?<\/strong><\/p>\n\n\n\n<p>Virksomheder har forskellige behov, s\u00e5 derfor er det umuligt at sige, hvad der egner sig bedst til din virksomhed.<\/p>\n\n\n\n<p>Hvis du \u00f8nsker likviditet og j\u00e6vnligt vil have nyt udstyr uden n\u00f8dvendigvis at eje det, s\u00e5 er det generelt smart at lease. If\u00f8lge flere eksperter er det den l\u00f8sning, der er bedst at v\u00e6lge fra et finansielt synspunkt.<\/p>\n\n\n\n<p>Hvis du derimod gerne vil eje tingene selv, og hvis du forventer, at den fremtidige v\u00e6rdi af bilen eller maskinen fortsat vil v\u00e6re h\u00f8j om nogle \u00e5r (og fortsat vil hj\u00e6lpe med at bringe v\u00e6kst til virksomheden), kan det give god mening at lave et direkte k\u00f8b.<\/p>\n\n\n\n<p>Begge muligheder er dog glimrende, s\u00e5 du b\u00f8r selv overveje, hvad din virksomhed har behov for.<\/p>\n\n\n\n<pre class=\"wp-block-preformatted\"><em>Tidligere publisert p\u00e5 v\u00e5r n\u00e5 lukkede s\u00f8sterside firmaleasing.com<\/em><\/pre>\n","protected":false},"excerpt":{"rendered":"<p>Erhvervsleasing af bil og maskiner Det er muligt at lease langt de fleste maskiner, hvis du er registreret som virksomhed. Leasing af bil er ogs\u00e5 blevet popul\u00e6rt &#8211; b\u00e5de for &#8230;<\/p>\n","protected":false},"author":1,"featured_media":0,"parent":0,"menu_order":0,"comment_status":"closed","ping_status":"closed","template":"","meta":{"footnotes":""},"class_list":["post-218","page","type-page","status-publish","hentry"],"_links":{"self":[{"href":"https:\/\/firmalan.com\/dk\/wp-json\/wp\/v2\/pages\/218","targetHints":{"allow":["GET"]}}],"collection":[{"href":"https:\/\/firmalan.com\/dk\/wp-json\/wp\/v2\/pages"}],"about":[{"href":"https:\/\/firmalan.com\/dk\/wp-json\/wp\/v2\/types\/page"}],"author":[{"embeddable":true,"href":"https:\/\/firmalan.com\/dk\/wp-json\/wp\/v2\/users\/1"}],"replies":[{"embeddable":true,"href":"https:\/\/firmalan.com\/dk\/wp-json\/wp\/v2\/comments?post=218"}],"version-history":[{"count":2,"href":"https:\/\/firmalan.com\/dk\/wp-json\/wp\/v2\/pages\/218\/revisions"}],"predecessor-version":[{"id":220,"href":"https:\/\/firmalan.com\/dk\/wp-json\/wp\/v2\/pages\/218\/revisions\/220"}],"wp:attachment":[{"href":"https:\/\/firmalan.com\/dk\/wp-json\/wp\/v2\/media?parent=218"}],"curies":[{"name":"wp","href":"https:\/\/api.w.org\/{rel}","templated":true}]}}