{"id":186,"date":"2019-04-17T09:18:33","date_gmt":"2019-04-17T07:18:33","guid":{"rendered":"https:\/\/firmalan.com\/dk\/?page_id=186"},"modified":"2020-11-28T21:05:12","modified_gmt":"2020-11-28T20:05:12","slug":"finansiering-af-maskiner","status":"publish","type":"page","link":"https:\/\/firmalan.com\/dk\/finansiering-af-maskiner\/","title":{"rendered":"Finansiering af maskiner"},"content":{"rendered":"<p>Hvis du mangler nye maskiner til din virksomhed, er der mange m\u00e5der at f\u00e5 dem p\u00e5. Den dyreste mulighed er at k\u00f8be nye maskiner med egne midler, men det kan v\u00e6re skidt for likviditen. Derfor v\u00e6lger flere virksomheder at k\u00f8be brugt eller at lease maskiner til arbejdsbrug.<\/p>\n<p>&nbsp;<\/p>\n<p>Her ser vi n\u00e6rmere p\u00e5 fordele og ulemper ved hver af disse anskaffelsesmetoder. P\u00e5 den m\u00e5de f\u00e5r du et overblik og kan t\u00e6nke n\u00e6rmere over, hvad der egner sig bedst til din virksomhed.<\/p>\n<p>&nbsp;<\/p>\n<p><strong>K\u00f8be brugte maskiner<\/strong><\/p>\n<p>&nbsp;<\/p>\n<p>Det kan v\u00e6re dyrt at investere i helt nye maskiner. Is\u00e6r hvis du mangler mange af dem. Derfor er der flere erhvervsdrivende, der v\u00e6lger at k\u00f8be brugte maskiner i stedet. S\u00e5 l\u00e6nge de stadig fungerer optimalt, er det en ganske fin l\u00f8sning, da brugte maskiner tit kan k\u00f8bes til det halve.<\/p>\n<p>&nbsp;<\/p>\n<p>Du b\u00f8r selvf\u00f8lgelig altid sikre dig, at maskinerne fungerer. Hvis du bes\u00f8ger en forhandler af brugte erhvervsmaskiner, s\u00e5 sp\u00f8rg om du m\u00e5 f\u00e5 lov at se dem i brug, eller om deres effektivitet kan dokumenteres. Alternativt kan du ogs\u00e5 finde en forhandler, som reparerer brugte maskiner og som s\u00e6lger dem billigt videre igen. Her er der ofte god v\u00e6rdi.<\/p>\n<p>&nbsp;<\/p>\n<p>Risikoen ved brugte maskiner er selvf\u00f8lgelig, at de ikke altid kommer med nogen garanti, og at levetiden kan v\u00e6re kortere end ved nye maskiner. Men hvis du mangler nyt inventar her og nu, og hvis du samtidig gerne vil eje de produkter, som virksomheden benytter, s\u00e5 giver det rigtig fin mening at k\u00f8be brugt.<\/p>\n<p>&nbsp;<\/p>\n<p><strong>Leje og lease maskiner<\/strong><\/p>\n<p>&nbsp;<\/p>\n<p>Leje og leasing er ikke helt det samme, men de l\u00e6gger sig t\u00e6t op af hinanden, og fordelene er generelt de samme. Derfor samler vi dem i \u00e9t punkt.<\/p>\n<p>&nbsp;<\/p>\n<p>Hvis du lejer eller leaser en maskine, vil virksomheden ikke selv eje den. Til geng\u00e6ld har du en fastsat periode, hvor du til en billig pris kan benytte den lejede\/leasede maskine og f\u00e5 det maksimale ud af den. Dermed lever metoden op til mange virksomheders behov, hvilket egentlig er det vigtigste.<\/p>\n<p>&nbsp;<\/p>\n<p>Indgangsbetalingen er billigere, n\u00e5r du leaser i stedet for at k\u00f8be. Desuden er der mange pengeinstitutter, der hj\u00e6lper med at lease erhvervsprodukter og endda stiller dem til r\u00e5dighed selv.<\/p>\n<p>&nbsp;<\/p>\n<p>Det giver en form for \u00f8konomisk stabilitet, n\u00e5r du lejer eller leaser. Du kender omkostningerne fra start, og du f\u00e5r nye produkter ind i virksomheden uden at skulle bekymre dig om likviditeten.<\/p>\n<p>&nbsp;<\/p>\n<p><strong>L\u00e5ne maskiner fra andre virksomheder<\/strong><\/p>\n<p>&nbsp;<\/p>\n<p>Der er ogs\u00e5 andre muligheder end dem, som vi allerede har n\u00e6vnt. Du kan nemlig ogs\u00e5 l\u00e5ne maskiner fra andre virksomheder, hvilket m\u00e5ske er den mest prisvenlige l\u00f8sning af dem alle.<\/p>\n<p>&nbsp;<\/p>\n<p>M\u00e5ske er du i kontakt med en virksomhed eller en forhandler, som har noget brugt udstyr til r\u00e5dighed, som de ikke bruger. I s\u00e5 fald er det nemt at f\u00e5 en aftale op, hvor omkostningerne er minimale. Det kan v\u00e6re et l\u00e5n til geng\u00e6ld for et mindre bel\u00f8b, eller ved at fors\u00f8ge at s\u00e6tte en bytteaftale op, hvor du m\u00e5ske kan tilbyde noget, som den anden virksomhed eller forhandler kan f\u00e5 gavn af.<\/p>\n<p>&nbsp;<\/p>\n<p><strong>Konklusion<\/strong><\/p>\n<p>&nbsp;<\/p>\n<p>Hvis du har likviditet til at k\u00f8be helt nyt udstyr og gerne vil eje det selv, s\u00e5 er det selvf\u00f8lgelig oplagt, hvad du skal v\u00e6lge. I s\u00e5 fald har du frie h\u00e6nder til at k\u00f8be det, som du har brug for.<\/p>\n<p>&nbsp;<\/p>\n<p>Men for de fleste virksomheder giver det god mening at finde en billigere l\u00f8sning.<\/p>\n<p>&nbsp;<\/p>\n<p>Overvej for eksempel at k\u00f8be brugt (hvis virksomheden stadig gerne vil eje inventaret selv) eller at lease maskiner (hvis du ikke har behov for at eje, men gerne vil have nye produkter med fornuftige omkostninger).<\/p>\n\n\n<div style='display:none'>Adservice Comparison Feed: Could not find feed with ID \"dk0001\"<\/div>\n<script>console.log('Adservice Comparison Feed: Could not find feed with ID \"dk0001\"');<\/script>\n","protected":false},"excerpt":{"rendered":"<p>Hvis du mangler nye maskiner til din virksomhed, er der mange m\u00e5der at f\u00e5 dem p\u00e5. Den dyreste mulighed er at k\u00f8be nye maskiner med egne midler, men det kan &#8230;<\/p>\n","protected":false},"author":1,"featured_media":0,"parent":0,"menu_order":0,"comment_status":"closed","ping_status":"closed","template":"","meta":{"footnotes":""},"class_list":["post-186","page","type-page","status-publish","hentry"],"_links":{"self":[{"href":"https:\/\/firmalan.com\/dk\/wp-json\/wp\/v2\/pages\/186","targetHints":{"allow":["GET"]}}],"collection":[{"href":"https:\/\/firmalan.com\/dk\/wp-json\/wp\/v2\/pages"}],"about":[{"href":"https:\/\/firmalan.com\/dk\/wp-json\/wp\/v2\/types\/page"}],"author":[{"embeddable":true,"href":"https:\/\/firmalan.com\/dk\/wp-json\/wp\/v2\/users\/1"}],"replies":[{"embeddable":true,"href":"https:\/\/firmalan.com\/dk\/wp-json\/wp\/v2\/comments?post=186"}],"version-history":[{"count":2,"href":"https:\/\/firmalan.com\/dk\/wp-json\/wp\/v2\/pages\/186\/revisions"}],"predecessor-version":[{"id":244,"href":"https:\/\/firmalan.com\/dk\/wp-json\/wp\/v2\/pages\/186\/revisions\/244"}],"wp:attachment":[{"href":"https:\/\/firmalan.com\/dk\/wp-json\/wp\/v2\/media?parent=186"}],"curies":[{"name":"wp","href":"https:\/\/api.w.org\/{rel}","templated":true}]}}