{"id":183,"date":"2019-04-17T09:07:55","date_gmt":"2019-04-17T07:07:55","guid":{"rendered":"https:\/\/firmalan.com\/dk\/?page_id=183"},"modified":"2020-11-28T21:04:53","modified_gmt":"2020-11-28T20:04:53","slug":"finansiering-af-erhvervsbil","status":"publish","type":"page","link":"https:\/\/firmalan.com\/dk\/finansiering-af-erhvervsbil\/","title":{"rendered":"Finansiering af erhvervsbil"},"content":{"rendered":"<p>Mange danske erhvervsdrivende har brug for en firmabil. Biler er dog ikke billige i Danmark, s\u00e5 det kr\u00e6ver n\u00e6sten altid leasing eller bill\u00e5n, s\u00e5 du ikke f\u00e5r problemer med likviditeten.<\/p>\n<p>&nbsp;<\/p>\n<p>Men hvad betaler sig bedst &#8211; leasing eller k\u00f8b af erhvervsbil? Det ser vi n\u00e6rmere p\u00e5 her.<\/p>\n<p>&nbsp;<\/p>\n<p><strong>Leasing af firmabil<\/strong><\/p>\n<p>&nbsp;<\/p>\n<p>Den store fordel ved at lease din bil er, at du ikke binder virksomhedens kapital til bilen, og at likviditeten forbliver st\u00e6rk. Denne l\u00f8sning giver budgetsikkerhed, samtidig med at du stadig f\u00e5r en god bil, som du har fuld brugsret over.<\/p>\n<p>&nbsp;<\/p>\n<p>Desuden er det ofte billigere at lease som erhvervsdrivende, end det er som privatperson. Det skyldes fradrag af moms og leasingafgift.<\/p>\n<p>&nbsp;<\/p>\n<p>N\u00e5r du leaser din firmabil, kan du bruge den som du vil. Som udgangspunkt er det leasingselskabet, der st\u00e5r med risikoen. Du skal blot betale for leasingafgiften, hvilket typisk er en m\u00e5nedlig betaling.<\/p>\n<p>&nbsp;<\/p>\n<p>Hos mange leasingudbydere har du et bredt udvalg af biler at v\u00e6lge imellem. Det er endda muligt at lease flere biler p\u00e5 \u00e9n gang, hvis der er flere medarbejdere eller delejere, der skal have nyt k\u00f8ret\u00f8j til arbejdsbrug. Der er flere danske pengeinstitutter, der gerne tilbyder hj\u00e6lp til leasing.<\/p>\n<p>&nbsp;<\/p>\n<p>Erhvervsleasing er bedre end et bilk\u00f8b, hvis virksomheden ikke har behov for selv at eje bilen. Det er ogs\u00e5 oplagt, hvis du eller medarbejderne gerne vil skifte bil ofte, og hvis du \u00f8nsker at undg\u00e5 en stor indledende betaling.<\/p>\n<p>&nbsp;<\/p>\n<p><strong>K\u00f8b af erhvervsbil (med bill\u00e5n)<\/strong><\/p>\n<p>&nbsp;<\/p>\n<p>Det bedste alternativ til leasing er at k\u00f8be bilen selv. P\u00e5 den m\u00e5de ejes bilen af virksomheden, og du st\u00e5r ikke til ansvar for noget leasingselskab. I de fleste tilf\u00e6lde vil det dog v\u00e6re n\u00f8dvendigt at tage et bill\u00e5n, hvilket kan give lidt flere omkostninger.<\/p>\n<hr>\n<p><em>L\u00e5netilbud bil<\/em><br>\n<strong>Autol\u00e5net.dk<\/strong><br>\nLave kun 1 ans\u00f8gning og modtag tilbud fra flere banker.<br>\nBill\u00e5n fra 30.000 &#8211; 350.000 kr<br>\nL\u00e5n fra Basisbank eller Express Bank bliver godkendt i l\u00f8bet af 1-2 timer<\/p>\n<p><a href=\"\/dk\/go\/autolanet\/\" target=\"_blank\" rel=\"nofollow noopener noreferrer\"><img decoding=\"async\" src=\"https:\/\/impr.adservicemedia.dk\/cgi-bin\/Services\/ImpressionService\/Image.pl?bid=1270262&amp;media_id=93359\"><\/a><\/p>\n<p>For at ans\u00f8ge skal du som minimum v\u00e6re:<\/p>\n<ol>\n<li>Fyldt 21 \u00e5r<\/li>\n<li>Ikke v\u00e6re registreret i Debitor registret eller RKI<\/li>\n<li>Have fast bop\u00e6l i Danmark<\/li>\n<li>Have fast indt\u00e6gt p\u00e5 minimum 200.000 kr. \u00e5rligt.<\/li>\n<li>L\u00e5neform\u00e5l kan kun v\u00e6re til bil, b\u00e5d eller MC.<\/li>\n<\/ol>\n<hr>\n<p>Der er normalt en h\u00f8jere indledende betaling, n\u00e5r du k\u00f8ber bilen. Virksomheden skal typisk l\u00e6gge mindst 20% i udbetaling, hvilket kan g\u00f8re lidt ondt p\u00e5 likviditeten. Derudover kommer der renter i forbindelse med bill\u00e5net. Bill\u00e5n er heldigvis en forholdsvis billig type af l\u00e5n, i hvert fald hvis du l\u00e5ner som virksomhed. Husk nemlig p\u00e5 at nogle udgifter kan fratr\u00e6kkes i skatteregnskabet.<\/p>\n<p>&nbsp;<\/p>\n<p>Hvis der er meget kapital i virksomheden, giver det selvf\u00f8lgelig mening at springe l\u00e5net over og k\u00f8be bilen 100% fra start. Men selv med en egenbetaling p\u00e5 20% og et l\u00e5n til resten, er der stadig fine fordele ved at k\u00f8be bilen. Virksomheden vil eje bilen, renteudgifterne kan tr\u00e6kkes fra i skat, og et l\u00e5n kan modificeres undervejs.<\/p>\n<p>&nbsp;<\/p>\n<p><strong>Hvad er bedst &#8211; leasing eller bill\u00e5n?<\/strong><\/p>\n<p>&nbsp;<\/p>\n<p>Det afh\u00e6nger helt og holdent af egne behov:<\/p>\n<p>&nbsp;<\/p>\n<p>Hvis du har brug for en bil til kortsigtet brug (1-2 \u00e5r) og gerne vil have minimale udgifter, s\u00e5 er det normalt bedst at lease en erhvervsbil. P\u00e5 den m\u00e5de slipper du ogs\u00e5 for at s\u00e6lge bilen igen, hvis virksomheden skulle oph\u00f8re i fremtiden. Leasing oph\u00f8rer som regel efter f\u00e5 \u00e5r, s\u00e5 det giver dig ogs\u00e5 mulighed for at skifte bil ret ofte.<\/p>\n<p>&nbsp;<\/p>\n<p>\u00d8nsker du derimod en firmabil, der skal bruges i virksomheden i flere \u00e5r, og hvis du samtidig har mulighed for at tage et billigt bill\u00e5n, s\u00e5 er det bedst at k\u00f8be. Det giver fuld kontrol over bilen, og det giver et bredere udvalg af biler at v\u00e6lge imellem.<\/p>\n\n\n<div style='display:none'>Adservice Comparison Feed: Could not find feed with ID \"dk0001\"<\/div>\n<script>console.log('Adservice Comparison Feed: Could not find feed with ID \"dk0001\"');<\/script>\n\n\n\n<p><\/p>\n","protected":false},"excerpt":{"rendered":"<p>Mange danske erhvervsdrivende har brug for en firmabil. Biler er dog ikke billige i Danmark, s\u00e5 det kr\u00e6ver n\u00e6sten altid leasing eller bill\u00e5n, s\u00e5 du ikke f\u00e5r problemer med likviditeten. &#8230;<\/p>\n","protected":false},"author":1,"featured_media":0,"parent":0,"menu_order":0,"comment_status":"closed","ping_status":"closed","template":"","meta":{"footnotes":""},"class_list":["post-183","page","type-page","status-publish","hentry"],"_links":{"self":[{"href":"https:\/\/firmalan.com\/dk\/wp-json\/wp\/v2\/pages\/183","targetHints":{"allow":["GET"]}}],"collection":[{"href":"https:\/\/firmalan.com\/dk\/wp-json\/wp\/v2\/pages"}],"about":[{"href":"https:\/\/firmalan.com\/dk\/wp-json\/wp\/v2\/types\/page"}],"author":[{"embeddable":true,"href":"https:\/\/firmalan.com\/dk\/wp-json\/wp\/v2\/users\/1"}],"replies":[{"embeddable":true,"href":"https:\/\/firmalan.com\/dk\/wp-json\/wp\/v2\/comments?post=183"}],"version-history":[{"count":2,"href":"https:\/\/firmalan.com\/dk\/wp-json\/wp\/v2\/pages\/183\/revisions"}],"predecessor-version":[{"id":243,"href":"https:\/\/firmalan.com\/dk\/wp-json\/wp\/v2\/pages\/183\/revisions\/243"}],"wp:attachment":[{"href":"https:\/\/firmalan.com\/dk\/wp-json\/wp\/v2\/media?parent=183"}],"curies":[{"name":"wp","href":"https:\/\/api.w.org\/{rel}","templated":true}]}}