{"id":180,"date":"2019-04-17T08:54:11","date_gmt":"2019-04-17T06:54:11","guid":{"rendered":"https:\/\/firmalan.com\/dk\/?page_id=180"},"modified":"2020-08-20T05:49:38","modified_gmt":"2020-08-20T03:49:38","slug":"erhvervskort","status":"publish","type":"page","link":"https:\/\/firmalan.com\/dk\/erhvervskort\/","title":{"rendered":"Erhvervskort"},"content":{"rendered":"<p>Hvis du er erhvervsdrivende, kan du f\u00e5 erhvervskort til dig selv og dine medarbejdere. P\u00e5 den m\u00e5de kan virksomheden spare penge p\u00e5 transport. Flere af de landsd\u00e6kkende tankstationer har benzinkort, hvor du kan spare penge hver gang du tanker. Hvis virksomhedens medarbejdere benytter sig af offentlig transport, kan du ogs\u00e5 f\u00e5 et erhvervskort hos DSB og hos flere busselskaber, hvor det s\u00e5ledes bliver muligt at rejse skattefrit.<\/p>\n<hr \/>\n<p><em>reklame\/tilbud<\/em><\/p>\n<h4>Q8 erhvervskort<\/h4>\n<p><a href=\"\/dk\/go\/q8-erhvervskort\/\" target=\"_blank\" rel=\"nofollow noopener noreferrer\"><img decoding=\"async\" src=\"https:\/\/impr.adservicemedia.dk\/cgi-bin\/Services\/ImpressionService\/Image.pl?bid=1275940&amp;media_id=93359\" \/><\/a><br \/>\nBliv Q8 erhvervskunde nu og spar 163 \u00f8re pr. liter i 3 m\u00e5neder*. Oveni k\u00f8bet f\u00e5r du nu ogs\u00e5 30 % p\u00e5 vask p\u00e5 alle Q8 stationer.<\/p>\n<ul>\n<li>Gode rabatter p\u00e5 br\u00e6ndstof og vask<\/li>\n<li>Attraktive medarbejderfordele og rabatter<\/li>\n<li>475 stationer i hele Danmark<\/li>\n<li>Stort udvalg til b\u00e5de bil og chauff\u00f8r p\u00e5 Q8 stationer<\/li>\n<li>Nem kortadministration (overblik i realtid)<\/li>\n<li>Altid support 24\/7<\/li>\n<\/ul>\n<h4>Shell card<\/h4>\n<p><img loading=\"lazy\" decoding=\"async\" src=\"https:\/\/media.go2speed.org\/brand\/files\/digitaladvisor\/3597\/Shell_Card_banner2_DigitalAdvisor_300x250px.jpg\" width=\"300\" height=\"250\" border=\"0\" \/><img loading=\"lazy\" decoding=\"async\" src=\"http:\/\/online.digital-advisor.com\/aff_i?offer_id=3597&amp;file_id=72471&amp;aff_id=2330\" width=\"1\" height=\"1\" \/><\/p>\n<ul>\n<li>Rabat p\u00e5 15 \u00f8re pr. liter benzin og diesel p\u00e5 standerprisen p\u00e5 bemandede Shell stationer i Danmark<\/li>\n<li>Op til 30 dages rentefri kredit<\/li>\n<li>Op til 43 % rabat p\u00e5 bilvask p\u00e5 Shell Express stationer<\/li>\n<li>Betaling med kortet p\u00e5 \u00d8resunds- og Storeb\u00e6ltsbroen<\/li>\n<\/ul>\n<p>Bem\u00e6rk: Ans\u00f8gningen laves og nemID. Godkendelsen af benzinkortet kan tage op til 3 hverdage.<\/p>\n<hr \/>\n<p>\u200b<\/p>\n<p><strong>Erhvervskort hos danske tankstationer<\/strong><\/p>\n<p>Store danske tankstationer som OK, Q8 og Circle-K tilbyder benzinkort til virksomheder. Disse kort er som udgangspunkt gratis, og de byder p\u00e5 mange fordele.<\/p>\n<p>Hos OK kan du f\u00e5 et benzinkort, som kan bruges af dig selv eller af virksomhedens ansatte, hver gang du tanker eller vasker en erhvervsbil. Du sparer op til 30% p\u00e5 enhver bilvask, og du sparer 1,45 kroner inkl. moms for hver liter diesel. Du slipper i \u00f8vrigt for kort og kontanter, da du kan betale fra en mobilapplikation, n\u00e5r du har et erhvervskort hos OK. Det hj\u00e6lper ogs\u00e5 med at holde styr p\u00e5 \u00f8konomien.<\/p>\n<p>Q8 og Shell har ogs\u00e5 et f\u00e6lles benzinkort til erhverv, som du let kan bestille p\u00e5 nettet. Dette kort kan bruges hver gang du tanker benzin eller diesel. Det ligner et kreditkort p\u00e5 en prik, og det er igen effektivt, hvis du ofte tanker hos enten Q8 eller Shell og gerne vil holde styr p\u00e5 tank\u00f8konomien. Du f\u00e5r rabatter og fordele med et erhvervskort. Der er tre forskellige at v\u00e6lge imellem: Firma, Firma Plus og Transport.<\/p>\n<p>Circle-K, der ogs\u00e5 er en landsd\u00e6kkende tankstation, har ligeledes et benzinkort til virksomheder. Det kaldes et Europe Card og d\u00e6kker alle behov for erhvervsdrivende, som skal tanke benzin. Der er rabat p\u00e5 br\u00e6ndstof og bilvask, ligesom der er overblik over forbruget. Ligesom med benzinkortene hos OK og Q8\/Shell er det helt gratis at bestille kortet, hvilket kan g\u00f8res p\u00e5 nettet.<\/p>\n<p><strong>Erhvervskort til offentlig transport<\/strong><\/p>\n<p>Udover at f\u00e5 rabat p\u00e5 benzin og bilvask med et erhvervskort, er der ogs\u00e5 andre varianter af erhvervskort, som kan bruges til transport.<\/p>\n<p>For eksempel kan du f\u00e5 et s\u00e6rligt kort til DSB og alle de lokale trafikselskaber. Der er tale om forudbetalte periodekort, hvor du (eller virksomhedens andre medarbejdere) kan rejse ubegr\u00e6nset for et forudbetalt bel\u00f8b.<\/p>\n<p>Fordelen er, at det bliver muligt at rejse skattefrit, hvilket er lig med en stor besparelse i forhold til normale transportpriser. Alle privatejede virksomheder og deres medarbejdere kan f\u00e5 et landsd\u00e6kkende erhvervskort til DSB og diverse busselskaber, om end medarbejdere fra statsejede virksomheder ikke kan f\u00e5 det.<\/p>\n<p><strong>S\u00e5dan bestiller du et erhvervskort<\/strong><\/p>\n<p>Hvis du \u00f8nsker et benzinkort til erhverv hos en af de danske tankstationer, kan du bestille det online. Bes\u00f8g deres hjemmesider og bestil kortet der. Det er gratis, og det kr\u00e6ver bare, at du har et CVR-nummer. N\u00e5r du f\u00e5r kortet, kan du omg\u00e5ende tage det i brug. Det anbefales st\u00e6rkt at f\u00e5 et erhvervskort, hvis du k\u00f8rer i firmabil og \u00f8nsker faste besparelser. Et benzinkort er gratis, og fordelene optr\u00e6der hver gang du benytter en tilknyttet tankstation.<\/p>\n<p>Erhvervskort til offentlig transport kan ogs\u00e5 bestilles online. Disse kort er dog ikke gratis, men der er i stedet tale om en besparelse i forhold til almindelige priser.<\/p>\n","protected":false},"excerpt":{"rendered":"<p>Hvis du er erhvervsdrivende, kan du f\u00e5 erhvervskort til dig selv og dine medarbejdere. P\u00e5 den m\u00e5de kan virksomheden spare penge p\u00e5 transport. Flere af de landsd\u00e6kkende tankstationer har benzinkort, &#8230;<\/p>\n","protected":false},"author":1,"featured_media":0,"parent":0,"menu_order":0,"comment_status":"closed","ping_status":"closed","template":"","meta":{"footnotes":""},"class_list":["post-180","page","type-page","status-publish","hentry"],"_links":{"self":[{"href":"https:\/\/firmalan.com\/dk\/wp-json\/wp\/v2\/pages\/180","targetHints":{"allow":["GET"]}}],"collection":[{"href":"https:\/\/firmalan.com\/dk\/wp-json\/wp\/v2\/pages"}],"about":[{"href":"https:\/\/firmalan.com\/dk\/wp-json\/wp\/v2\/types\/page"}],"author":[{"embeddable":true,"href":"https:\/\/firmalan.com\/dk\/wp-json\/wp\/v2\/users\/1"}],"replies":[{"embeddable":true,"href":"https:\/\/firmalan.com\/dk\/wp-json\/wp\/v2\/comments?post=180"}],"version-history":[{"count":4,"href":"https:\/\/firmalan.com\/dk\/wp-json\/wp\/v2\/pages\/180\/revisions"}],"predecessor-version":[{"id":235,"href":"https:\/\/firmalan.com\/dk\/wp-json\/wp\/v2\/pages\/180\/revisions\/235"}],"wp:attachment":[{"href":"https:\/\/firmalan.com\/dk\/wp-json\/wp\/v2\/media?parent=180"}],"curies":[{"name":"wp","href":"https:\/\/api.w.org\/{rel}","templated":true}]}}