{"id":174,"date":"2019-03-11T15:10:00","date_gmt":"2019-03-11T14:10:00","guid":{"rendered":"https:\/\/firmalan.com\/dk\/?page_id=174"},"modified":"2019-03-11T16:32:23","modified_gmt":"2019-03-11T15:32:23","slug":"sydbank","status":"publish","type":"page","link":"https:\/\/firmalan.com\/dk\/sydbank\/","title":{"rendered":"Sydbank"},"content":{"rendered":"<p>Sydbank er en af Danmarks st\u00f8rste banker. Den er kendt for at tilbyde l\u00e5n med lave renter til privatpersoner, og is\u00e6r til familier med eget hus. Dog er Sydbank ogs\u00e5 en popul\u00e6r bank for forretninger og virksomheder. Her f\u00e5r du lidt grundl\u00e6ggende info.<\/p>\n<p>&nbsp;<\/p>\n<p><strong>Information om Sydbank<\/strong><\/p>\n<p>&nbsp;<\/p>\n<p>Sydbank blev grundlagt i 1970 efter fire lokalbanker valgte at g\u00e5 sammen. Planen var at stifte en st\u00f8rre s\u00f8nderjysk erhvervsbank, som skulle sikre et godt \u00f8konomisk grundlag for regionen og dens virksomheder. Siden har Sydbank oplevet stor v\u00e6kst og er i dag den tredjest\u00f8rste bank i hele Danmark. Hoveds\u00e6det ligger i dag i Aabenraa.<\/p>\n<p>&nbsp;<\/p>\n<p>Banken har godt en halv million kunder, hvor mere end 40.000 vurderes til at v\u00e6re erhvervskunder. Opbygningen af banken er lavet s\u00e5ledes, at der ikke er nogen der ejer majoriteten af den &#8211; i steder er der mere end 100.000 aktion\u00e6rer, der sammen ejer banken.<\/p>\n<p>&nbsp;<\/p>\n<p>Der er mange filialer i hele Danmark. De fleste af dem ligger i S\u00f8nderjylland. Derudover er der et par stykker i Tyskland, hvor de blandt andet har en stor afdeling i Flensborg.<\/p>\n<p>&nbsp;<\/p>\n<p><strong>En stor og popul\u00e6r bank<\/strong><\/p>\n<p>&nbsp;<\/p>\n<p>Sydbank er alts\u00e5 en stor bank, som mange danskere v\u00e6lger &#8211; og det er ikke kun s\u00f8nderjyder, men ogs\u00e5 danskere i andre regioner. Mange virksomheder v\u00e6lger ogs\u00e5 at holde erhvervskonto hos Sydbank, hvilket giver glimrende mening.<\/p>\n<p>&nbsp;<\/p>\n<p>Vurderet ud fra anmeldelserne p\u00e5 Trustpilot og andre sider, har Sydbank v\u00e6sentligt bedre kundeservice end flere af konkurrenterne. Der er en h\u00f8j kundetilfredshed, som overg\u00e5r de eneste to banker i Danmark, der er st\u00f8rre &#8211; Danske Bank og Jyske Bank.<\/p>\n<p>&nbsp;<\/p>\n<p>Sydbank er kendt for at tilbyde billige l\u00e5n med gode vilk\u00e5r til husejere og familier. Pengepriser.dk, der angiver priserne hos de danske banker, har rangeret Sydbank som en af de billigste at benytte.<\/p>\n<p>&nbsp;<\/p>\n<p><strong>En af Danmarks st\u00f8rste erhvervsbanker<\/strong><\/p>\n<p>&nbsp;<\/p>\n<p>P\u00e5 deres egen hjemmeside beskriver Sydbank sig som en af Danmarks st\u00f8rste erhvervsbanker. M\u00e5lt ud fra antallet af kunder er det sandt, og banken har da ogs\u00e5 mange gode ting at tilbyde.<\/p>\n<p>&nbsp;<\/p>\n<p>Sydbank specialiserer sig is\u00e6r med mellemstore erhverv og landbrugsrelaterede firmaer. Banken har dog sat et st\u00f8rre fokus p\u00e5 ogs\u00e5 at hj\u00e6lpe sm\u00e5 lokale forretningsdrivende: For eksempel selvst\u00e6ndige og konsulenter, der \u00f8nsker en god bankservice.<\/p>\n<p>&nbsp;<\/p>\n<p>Dermed kan du alts\u00e5 nemt \u00e5bne virksomhedskonto hos Sydbank. Banken tilbyder en lang r\u00e6kke fordele &#8211; for eksempel har den ry for at v\u00e6re utrolig sikker, men der er ogs\u00e5 mere specifikke ting: Sydbank tilbyder gode betalingsl\u00f8sninger, kreditkort til medarbejdere, funktionel mobil- og netbank, samt r\u00e5dgivning om alt hvad der har med din virksomheds \u00f8konomi at g\u00f8re.<\/p>\n<p>&nbsp;<\/p>\n<p>Desuden er det billigt at \u00e5bne konto hos Sydbank, da gebyrerne typisk er rimelige. Det er ogs\u00e5 muligt at optage erhvervsl\u00e5n hos banken &#8211; endda til fine forhold. Du kan alts\u00e5 f\u00e5 finansieret de indk\u00f8b, som din virksomhed har brug for, og du kan ogs\u00e5 f\u00e5 skudt kapital ind i virksomheden, hvis du har brug for det. Det kr\u00e6ver selvf\u00f8lgelig at du har en god forretningsplan, og at Sydbank siger god for den. Men da Sydbank er en popul\u00e6r erhvervsbank med fine priser sammenlignet med resten af markedet, er det bestemt v\u00e6rd at holde \u00f8je med deres l\u00f8sninger og deres tilbud.<\/p>\n","protected":false},"excerpt":{"rendered":"<p>Sydbank er en af Danmarks st\u00f8rste banker. Den er kendt for at tilbyde l\u00e5n med lave renter til privatpersoner, og is\u00e6r til familier med eget hus. Dog er Sydbank ogs\u00e5 &#8230;<\/p>\n","protected":false},"author":1,"featured_media":0,"parent":0,"menu_order":0,"comment_status":"closed","ping_status":"closed","template":"","meta":{"footnotes":""},"class_list":["post-174","page","type-page","status-publish","hentry"],"_links":{"self":[{"href":"https:\/\/firmalan.com\/dk\/wp-json\/wp\/v2\/pages\/174","targetHints":{"allow":["GET"]}}],"collection":[{"href":"https:\/\/firmalan.com\/dk\/wp-json\/wp\/v2\/pages"}],"about":[{"href":"https:\/\/firmalan.com\/dk\/wp-json\/wp\/v2\/types\/page"}],"author":[{"embeddable":true,"href":"https:\/\/firmalan.com\/dk\/wp-json\/wp\/v2\/users\/1"}],"replies":[{"embeddable":true,"href":"https:\/\/firmalan.com\/dk\/wp-json\/wp\/v2\/comments?post=174"}],"version-history":[{"count":1,"href":"https:\/\/firmalan.com\/dk\/wp-json\/wp\/v2\/pages\/174\/revisions"}],"predecessor-version":[{"id":175,"href":"https:\/\/firmalan.com\/dk\/wp-json\/wp\/v2\/pages\/174\/revisions\/175"}],"wp:attachment":[{"href":"https:\/\/firmalan.com\/dk\/wp-json\/wp\/v2\/media?parent=174"}],"curies":[{"name":"wp","href":"https:\/\/api.w.org\/{rel}","templated":true}]}}