{"id":172,"date":"2019-03-11T15:09:00","date_gmt":"2019-03-11T14:09:00","guid":{"rendered":"https:\/\/firmalan.com\/dk\/?page_id=172"},"modified":"2019-03-11T17:39:19","modified_gmt":"2019-03-11T16:39:19","slug":"sparekassen-kronjylland","status":"publish","type":"page","link":"https:\/\/firmalan.com\/dk\/sparekassen-kronjylland\/","title":{"rendered":"Sparekassen Kronjylland"},"content":{"rendered":"<p>Sparekassen Kronjylland er en regional dansk bank, som har en historie, der g\u00e5r helt tilbage til 1829. Det er den st\u00f8rste sparekasse i Danmark og er blandt de 10 st\u00f8rste pengeinstitutter i landet. Antallet af kunder er over 135.000, hvoraf flere er erhvervskunder.<\/p>\n<p>&nbsp;<\/p>\n<p><strong>Viden om Sparekassen Kronjylland<\/strong><\/p>\n<p>&nbsp;<\/p>\n<p>Sparekassen Kronjylland er den st\u00f8rste af sin slags i Danmark. Hoveds\u00e6det ligger i Randers, men sparekassen har store afdelinger i flere andre danske byer.<\/p>\n<p>&nbsp;<\/p>\n<p>Banken og dens medarbejdere er kendte for at v\u00e6re s\u00e6rdeles dygtige til at komme igennem sv\u00e6re \u00f8konomiske perioder. S\u00e5ledes kom banken godt igennem den seneste finanskrise og har haft en rigtig god v\u00e6kst over det seneste \u00e5rti. Sparekassen Kronjylland har opk\u00f8bt flere andre pengeinstitutter og \u00f8get antallet af ydelser igennem 2010\u2019erne.<\/p>\n<p>&nbsp;<\/p>\n<p>Sparekassen Kronjylland har ry for at v\u00e6re en af de bedste banker i Danmark. Kundetilfredsheden er h\u00f8j, og p\u00e5 Trustpilot modtager banken bedre anmeldelser end stort set alle konkurrenterne.<\/p>\n<p>&nbsp;<\/p>\n<p><strong>Hvad tilbyder banken?<\/strong><\/p>\n<p>&nbsp;<\/p>\n<p>Sparekassen har b\u00e5de ydelser for private kunder og for erhverskunder.<\/p>\n<p>&nbsp;<\/p>\n<p>For erhvervskunder tilbyder banken b\u00e5de kredit, l\u00e5n og garantier. Du kan oprette erhvervskonto med lave gebyrer og du kan tage l\u00e5n med fornuftige renter. Det er muligt at f\u00e5 finansiering til indk\u00f8b af produkter, ligesom banken indimellem ogs\u00e5 er villig til at skyde ren kapital ind i danske virksomheder.<\/p>\n<p>&nbsp;<\/p>\n<p>Banken er kendt for at tilbyde god kundeservice. Det er nemt at f\u00e5 fat i personalet, og du f\u00e5r som regel et hurtigt svar. Opkald bliver besvaret personligt, og et m\u00f8de kan arrangeres med 24 timers varsel. Hvis du er fast erhvervskunde, f\u00e5r du ogs\u00e5 en fast r\u00e5dgiver, som kan hj\u00e6lpe med alt det praktiske.<\/p>\n<p>&nbsp;<\/p>\n<p><strong>L\u00e5n til virksomheder og selvst\u00e6ndige<\/strong><\/p>\n<p>&nbsp;<\/p>\n<p>En af de ydelser, som banken tilbyder, er l\u00e5n til virksomheder og til selvst\u00e6ndige. Du har alts\u00e5 mulighed for at ans\u00f8ge om l\u00e5n eller finansiering, hvis du mener, at din virksomhed har brug for det. Hvis banken samtidig ser det som en god mulighed, har du fine chancer for at optage et fordelagtigt l\u00e5n. Banken har en st\u00e6rk \u00f8konomi og kan derfor tilbyde l\u00e5n af forholdsvis fin st\u00f8rrelse.<\/p>\n<p>&nbsp;<\/p>\n<p>Sparekassen Kronjylland hj\u00e6lper ogs\u00e5 med investering. N\u00e5r du er kunde hos banken, vil du ofte modtage r\u00e5dgivning i at optimere virksomhedens ressourcer og f\u00e5 vejledning til v\u00e6kst.<\/p>\n","protected":false},"excerpt":{"rendered":"<p>Sparekassen Kronjylland er en regional dansk bank, som har en historie, der g\u00e5r helt tilbage til 1829. Det er den st\u00f8rste sparekasse i Danmark og er blandt de 10 st\u00f8rste &#8230;<\/p>\n","protected":false},"author":1,"featured_media":0,"parent":0,"menu_order":0,"comment_status":"closed","ping_status":"closed","template":"","meta":{"footnotes":""},"class_list":["post-172","page","type-page","status-publish","hentry"],"_links":{"self":[{"href":"https:\/\/firmalan.com\/dk\/wp-json\/wp\/v2\/pages\/172","targetHints":{"allow":["GET"]}}],"collection":[{"href":"https:\/\/firmalan.com\/dk\/wp-json\/wp\/v2\/pages"}],"about":[{"href":"https:\/\/firmalan.com\/dk\/wp-json\/wp\/v2\/types\/page"}],"author":[{"embeddable":true,"href":"https:\/\/firmalan.com\/dk\/wp-json\/wp\/v2\/users\/1"}],"replies":[{"embeddable":true,"href":"https:\/\/firmalan.com\/dk\/wp-json\/wp\/v2\/comments?post=172"}],"version-history":[{"count":1,"href":"https:\/\/firmalan.com\/dk\/wp-json\/wp\/v2\/pages\/172\/revisions"}],"predecessor-version":[{"id":173,"href":"https:\/\/firmalan.com\/dk\/wp-json\/wp\/v2\/pages\/172\/revisions\/173"}],"wp:attachment":[{"href":"https:\/\/firmalan.com\/dk\/wp-json\/wp\/v2\/media?parent=172"}],"curies":[{"name":"wp","href":"https:\/\/api.w.org\/{rel}","templated":true}]}}