{"id":170,"date":"2019-03-11T15:06:00","date_gmt":"2019-03-11T14:06:00","guid":{"rendered":"https:\/\/firmalan.com\/dk\/?page_id=170"},"modified":"2019-03-11T16:32:22","modified_gmt":"2019-03-11T15:32:22","slug":"nykredit","status":"publish","type":"page","link":"https:\/\/firmalan.com\/dk\/nykredit\/","title":{"rendered":"Nykredit"},"content":{"rendered":"<p>Koncernen Nykredit best\u00e5r af b\u00e5de bank og realkredit. Nykredit er kendt for at v\u00e6re boligejernes bank og tilbyder gode l\u00e5nevilk\u00e5r, hvis du skal investere i ejendom. Af den grund v\u00e6lger mange virksomheder at tage erhvervsl\u00e5n hos Nykredit, hvis de er p\u00e5 vej til at investere i erhvervsejendom eller andre aktiver til forretningen. Her f\u00e5r du lidt grundl\u00e6ggende viden om Nykredit.<\/p>\n<p>&nbsp;<\/p>\n<p><strong>En af Danmarks st\u00f8rste finanskoncerner<\/strong><\/p>\n<p>&nbsp;<\/p>\n<p>Nykredit er et af de mest genkendelige firmaer i Danmark, da det er et af landets st\u00f8rste pengeinstitutter. Banken blev grundlagt i 1985 og havde fra start fokus p\u00e5 at v\u00e6re en kreditforening med fordele til forbrugeren.<\/p>\n<p>&nbsp;<\/p>\n<p>Siden hen har koncernen vokset sig til at blive en af de st\u00f8rste af sin slags i Danmark. Nykredit styres fra hovedkvarteret i K\u00f8benhavn, men har afdelinger i hele landet.<\/p>\n<p>&nbsp;<\/p>\n<p><strong>Erhvervsl\u00e5n og erhvervskonto hos Nykredit<\/strong><\/p>\n<p>&nbsp;<\/p>\n<p>Hvis du har en virksomhed, har du ogs\u00e5 mulighed for at samarbejde med Nykredit. Du kan blandt andet \u00e5bne en konto og f\u00e5 r\u00e5dgivning. Du kan ogs\u00e5 tage erhvervsl\u00e5n og f\u00e5 finansieret produkter.<\/p>\n<p>&nbsp;<\/p>\n<p>Mange v\u00e6lger Nykredit p\u00e5 grund af deres gode forhold ved k\u00f8b af erhvervsejendom. Her kan du typisk optage l\u00e5n til en fordelagtig rente &#8211; og l\u00e5n fra Nykredit kan altid tilpasses over den periode, der passer dig bedst. Ved andre former for l\u00e5n, for eksempel hvis du mangler kapital til din virksomheds indk\u00f8b, vil renten typisk v\u00e6re lidt h\u00f8jere. Her er det smart at sammenligne markedspriserne og se om Nykredits rente er den bedste, eller om den kan matches af en anden bank eller sparekasse p\u00e5 markedet.<\/p>\n<p>&nbsp;<\/p>\n<p><strong>ErhvervsKroner og andre fordele<\/strong><\/p>\n<p>&nbsp;<\/p>\n<p>Der er nogle helt specifikke fordele ved at v\u00e6re kunde hos Nykredit.<\/p>\n<p>&nbsp;<\/p>\n<p>Hvis du er erhvervskunde og betaler bidrag i form af et realkreditl\u00e5n hos Nykredit, har de en fordelsordning der hedder ErhvervsKroner. Det er en rabat p\u00e5 det l\u00e5n, som du betaler af p\u00e5. Nykredits afdeling, Forenet Kredit, tilbyder dette for at give lidt tilbage til de virksomheder, der har gjort det muligt at holde kreditforeningen k\u00f8rende.<\/p>\n<p>&nbsp;<\/p>\n<p>Nykredit tilbyder ogs\u00e5 r\u00e5dgivning til virksomheden undervejs. Ofte vil du f\u00e5 r\u00e5dgivning tilbudt i forbindelse med dit l\u00e5n, s\u00e5 tilbagebetalingen af l\u00e5net kan tilpasses efter virksomhedens behov. Der er i \u00f8vrigt flere typer af l\u00e5n og finansiering, du kan ans\u00f8ge om hos Nykredit, og de tilbyder b\u00e5de fast og variabel rente.<\/p>\n<p>&nbsp;<\/p>\n<p><strong>Et popul\u00e6rt valg blandt mange virksomheder<\/strong><\/p>\n<p>&nbsp;<\/p>\n<p>Nykredit har en fin portef\u00f8lje af virksomheder i deres kundebase, hvilket naturligvis er et godt tegn. Det er alts\u00e5 et af Danmarks f\u00f8rende institutter p\u00e5 det punkt.<\/p>\n<p>&nbsp;<\/p>\n<p>Grundet de mange fordele er det v\u00e6rd at se n\u00e6rmere p\u00e5, hvad Nykredit har at tilbyde.<\/p>\n<p>&nbsp;<\/p>\n<p>Hvis du mangler l\u00e5n eller kapitalindspr\u00f8jtning til din virksomhed, kan du sammenligne priserne p\u00e5 l\u00e5n her p\u00e5 Firmalan.com. Det giver dig de bedste muligheder for at l\u00e5ne penge med f\u00e5 omkostninger, og p\u00e5 den m\u00e5de kan du ogs\u00e5 se, hvordan Nykredits renter og vilk\u00e5r pr\u00e6sterer i forhold til resten af markedet.<\/p>\n","protected":false},"excerpt":{"rendered":"<p>Koncernen Nykredit best\u00e5r af b\u00e5de bank og realkredit. Nykredit er kendt for at v\u00e6re boligejernes bank og tilbyder gode l\u00e5nevilk\u00e5r, hvis du skal investere i ejendom. Af den grund v\u00e6lger &#8230;<\/p>\n","protected":false},"author":1,"featured_media":0,"parent":0,"menu_order":0,"comment_status":"closed","ping_status":"closed","template":"","meta":{"footnotes":""},"class_list":["post-170","page","type-page","status-publish","hentry"],"_links":{"self":[{"href":"https:\/\/firmalan.com\/dk\/wp-json\/wp\/v2\/pages\/170","targetHints":{"allow":["GET"]}}],"collection":[{"href":"https:\/\/firmalan.com\/dk\/wp-json\/wp\/v2\/pages"}],"about":[{"href":"https:\/\/firmalan.com\/dk\/wp-json\/wp\/v2\/types\/page"}],"author":[{"embeddable":true,"href":"https:\/\/firmalan.com\/dk\/wp-json\/wp\/v2\/users\/1"}],"replies":[{"embeddable":true,"href":"https:\/\/firmalan.com\/dk\/wp-json\/wp\/v2\/comments?post=170"}],"version-history":[{"count":1,"href":"https:\/\/firmalan.com\/dk\/wp-json\/wp\/v2\/pages\/170\/revisions"}],"predecessor-version":[{"id":171,"href":"https:\/\/firmalan.com\/dk\/wp-json\/wp\/v2\/pages\/170\/revisions\/171"}],"wp:attachment":[{"href":"https:\/\/firmalan.com\/dk\/wp-json\/wp\/v2\/media?parent=170"}],"curies":[{"name":"wp","href":"https:\/\/api.w.org\/{rel}","templated":true}]}}