{"id":168,"date":"2019-03-11T15:06:00","date_gmt":"2019-03-11T14:06:00","guid":{"rendered":"https:\/\/firmalan.com\/dk\/?page_id=168"},"modified":"2019-03-11T16:32:22","modified_gmt":"2019-03-11T15:32:22","slug":"nordea","status":"publish","type":"page","link":"https:\/\/firmalan.com\/dk\/nordea\/","title":{"rendered":"Nordea"},"content":{"rendered":"<p>Nordea er den st\u00f8rste bank i Skandinavien og har stor indflydelse p\u00e5 hele det europ\u00e6iske marked. Banken henvender sig b\u00e5de til privatkunder og til erhvervskunder, og der er et s\u00e6rligt fokus p\u00e5 at hj\u00e6lpe sm\u00e5 og mellemstore virksomheder med at skaffe kapital.<\/p>\n<p>&nbsp;<\/p>\n<p><strong>Fakta og viden om Nordea<\/strong><\/p>\n<p>&nbsp;<\/p>\n<p>Nordea blev grundlagt efter flere skandinaviske banker gik sammen og skabte \u00e9n stor bank. Denne proces blev startet i 1997 og f\u00e6rdiggjort i 2000. Siden hen har Nordea udviklet sig til Nordens st\u00f8rste bank med mange millioner faste klienter.<\/p>\n<p>&nbsp;<\/p>\n<p>Hoveds\u00e6det ligger i Helsinki, Finland. Men Nordea har filialer og afdelinger i hele det nordlige Europa og st\u00e5r desuden registreret hos b\u00f8rser i b\u00e5de Danmark, Sverige og Finland.<\/p>\n<p>&nbsp;<\/p>\n<p>St\u00f8rstedelen af Nordeas kunder er privatpersoner, men banken har dog altid sat et s\u00e6rligt fokus p\u00e5 erhvervsm\u00e6ssige operationer. S\u00e5ledes er Nordea en af de mest popul\u00e6re banker blandt virksomheder i Danmark og tilbyder flere services end alle de \u00f8vrige banker.<\/p>\n<p>&nbsp;<\/p>\n<p>Nordea er ligeledes en af de f\u00f8rende banker i Skandinavien, n\u00e5r det kommer til investering.<\/p>\n<p>&nbsp;<\/p>\n<p><strong>Virksomhedsl\u00e5n hos Nordea<\/strong><\/p>\n<p>&nbsp;<\/p>\n<p>Du kan let ans\u00f8ge om virksomhedsl\u00e5n hos Nordea. Banken er en af de mest tilb\u00f8jelige finansielle institutioner i Danmark til at tilbyde disse l\u00e5n, og ofte kan du f\u00e5 dem til ganske gode vilk\u00e5r.<\/p>\n<p>&nbsp;<\/p>\n<p>L\u00e5nene kan tilpasses over tid, og renten er typisk til forhandling. Hvis du allerede er kunde hos Nordea, vil du i \u00f8vrigt modtage r\u00e5dgivning, hvilket i sig selv har en fin v\u00e6rdi.<\/p>\n<p>&nbsp;<\/p>\n<p>Hos Firmal\u00e5n sammenligner vi de bedste l\u00e5nemuligheder p\u00e5 finansmarkedet. Her er Nordea inkluderet, s\u00e5 hvis du leder efter et \u00f8konomisk tilskud til virksomheden, kan du sammenligne l\u00e5n hos os og dermed se, hvad Nordea har at tilbyde i forhold til de \u00f8vrige akt\u00f8rer p\u00e5 markedet.<\/p>\n<p>&nbsp;<\/p>\n<p><strong>Erhvervskonto hos Nordea<\/strong><\/p>\n<p>&nbsp;<\/p>\n<p>Udover muligheden for at tage erhvervsl\u00e5n og f\u00e5 virksomhedsr\u00e5dgivning, er det ogs\u00e5 muligt at f\u00e5 en funktionel og stabil erhvervskonto, hvor der er mange muligheder.<\/p>\n<p>&nbsp;<\/p>\n<p>Nordea har en fast lav pris for oprettelse og vedligeholdelse af en erhvervskonto. Banken lever op til myndighedernes krav og tilbyder masser af praktiske fordele til sine erhvervskunder.<\/p>\n<p>&nbsp;<\/p>\n<p><strong>Fordele ved banken<\/strong><\/p>\n<p>Her er nogle udvalgte fordele hos Nordea som mange erhvervskunder er glade for:<\/p>\n<p>&nbsp;<\/p>\n<ul>\n<li>Banken er landsd\u00e6kkende og har filialer i de fleste byer<\/li>\n<li>Gode muligheder for at tage virksomhedsl\u00e5n<\/li>\n<li>Gode vilk\u00e5r n\u00e5r du opretter erhvervskonto<\/li>\n<li>Fin service og mulighed for r\u00e5dgivning<\/li>\n<li>Typisk i den lave ende, n\u00e5r det kommer til gebyrer og priser p\u00e5 l\u00e5n<\/li>\n<\/ul>\n<p>&nbsp;<\/p>\n<p>Overordnet har Nordea meget at tilbyde, og det er uden tvivl en af de helt store akt\u00f8rer p\u00e5 det danske finansmarked.<\/p>\n<p>&nbsp;<\/p>\n<p>Mange virksomheder, sm\u00e5 s\u00e5vel som store, har allerede valgt at samarbejde med Nordea. Hvis du overvejer det samme, kan du l\u00e6se mere om Nordea p\u00e5 deres egen hjemmeside. Du kan ogs\u00e5 sammenligne firmal\u00e5n igennem vores portal og se hvordan Nordea rangerer i forhold til de \u00f8vrige banker i Danmark.<\/p>\n","protected":false},"excerpt":{"rendered":"<p>Nordea er den st\u00f8rste bank i Skandinavien og har stor indflydelse p\u00e5 hele det europ\u00e6iske marked. Banken henvender sig b\u00e5de til privatkunder og til erhvervskunder, og der er et s\u00e6rligt &#8230;<\/p>\n","protected":false},"author":1,"featured_media":0,"parent":0,"menu_order":0,"comment_status":"closed","ping_status":"closed","template":"","meta":{"footnotes":""},"class_list":["post-168","page","type-page","status-publish","hentry"],"_links":{"self":[{"href":"https:\/\/firmalan.com\/dk\/wp-json\/wp\/v2\/pages\/168","targetHints":{"allow":["GET"]}}],"collection":[{"href":"https:\/\/firmalan.com\/dk\/wp-json\/wp\/v2\/pages"}],"about":[{"href":"https:\/\/firmalan.com\/dk\/wp-json\/wp\/v2\/types\/page"}],"author":[{"embeddable":true,"href":"https:\/\/firmalan.com\/dk\/wp-json\/wp\/v2\/users\/1"}],"replies":[{"embeddable":true,"href":"https:\/\/firmalan.com\/dk\/wp-json\/wp\/v2\/comments?post=168"}],"version-history":[{"count":1,"href":"https:\/\/firmalan.com\/dk\/wp-json\/wp\/v2\/pages\/168\/revisions"}],"predecessor-version":[{"id":169,"href":"https:\/\/firmalan.com\/dk\/wp-json\/wp\/v2\/pages\/168\/revisions\/169"}],"wp:attachment":[{"href":"https:\/\/firmalan.com\/dk\/wp-json\/wp\/v2\/media?parent=168"}],"curies":[{"name":"wp","href":"https:\/\/api.w.org\/{rel}","templated":true}]}}