{"id":166,"date":"2019-03-11T15:06:00","date_gmt":"2019-03-11T14:06:00","guid":{"rendered":"https:\/\/firmalan.com\/dk\/?page_id=166"},"modified":"2019-03-11T16:32:22","modified_gmt":"2019-03-11T15:32:22","slug":"jyske-bank","status":"publish","type":"page","link":"https:\/\/firmalan.com\/dk\/jyske-bank\/","title":{"rendered":"Jyske Bank"},"content":{"rendered":"<p>Jyske Bank er den n\u00e6stst\u00f8rste bank i Danmark og har stor aktivitet p\u00e5 erhvervsmarkedet. Mange virksomhedsejere og selvst\u00e6ndige erhvervsdrivende har konti hos Jyske Bank, og banken tilbyder gode muligheder for erhvervsl\u00e5n og finansiering.<\/p>\n<p>&nbsp;<\/p>\n<p><strong>Grundl\u00e6ggende viden om Jyske Bank<\/strong><\/p>\n<p>&nbsp;<\/p>\n<p>Jyske Bank har l\u00e6nge specialiseret sig som boligejernes bank. Som navnet fint indikerer, har banken en jysk baggrund med hoveds\u00e6de i Silkeborg. I l\u00f8bet af de senere \u00e5r har Jyske Bank dog lagt et st\u00f8rre fokus i at tilbyde gode l\u00f8sninger til flere typer af virksomheder &#8211; b\u00e5de fysiske og digitale.<\/p>\n<p>&nbsp;<\/p>\n<p>S\u00e5ledes tilbyder Jyske Bank l\u00f8sninger til b\u00e5de lokale virksomheder, landsd\u00e6kkende danske forretninger, samt st\u00f8rre internationale projekter med dansk udgangspunkt.<\/p>\n<p>&nbsp;<\/p>\n<p>I alt har Jyske Bank 98 bankfilialer i Danmark. Banken har omtrent 3.700 ansatte, som servicerer op mod en million kunder. Jyske Bank har aktiviteter i udlandet, prim\u00e6rt i form af investeringer. Udover selve banken best\u00e5r Jyske-koncernen ogs\u00e5 af Jyske Finans og Jyske Realkredit.<\/p>\n<p>&nbsp;<\/p>\n<p><strong>Erhvervsl\u00e5n hos Jyske Bank<\/strong><\/p>\n<p>&nbsp;<\/p>\n<p>Jyske Bank tager gl\u00e6deligt imod nye erhvervskunder. De faste gebyrer for at v\u00e6re kunde og for at have en konto er h\u00f8jere end gennemsnittet. Men alligevel er der flere gode fordele ved at v\u00e6re erhvervskunde hos Jyske Bank.<\/p>\n<p>&nbsp;<\/p>\n<p>For eksempel er det forholdsvis nemt at optage et l\u00e5n. Banken tilbyder endda muligheden for ret store l\u00e5n til virksomheder, der allerede er etablerede.<\/p>\n<p>&nbsp;<\/p>\n<p>For nye virksomheder er det fra start muligt at f\u00e5 finansiering til k\u00f8b af inventar. Jyske Bank tilbyder generelt bedre vilk\u00e5r for fysiske virksomheder end for digitale virksomheder, men i de seneste par \u00e5r er det kommet et st\u00f8rre fokus p\u00e5 ogs\u00e5 at hj\u00e6lpe online erhvervsdrivende, hvilket er positivt.<\/p>\n<p>&nbsp;<\/p>\n<p>Du kan forvente en rente, der ligger cirka i midten, n\u00e5r vi sammenligner med resten af markedet. Dog er det muligt at tage st\u00f8rre l\u00e5n end hos de fleste andre banker, ligesom du kan f\u00e5 en stor del af dine indk\u00f8b finansieret af banken.<\/p>\n<p>&nbsp;<\/p>\n<p><strong>Speciale i finansiering af ejendomme<\/strong><\/p>\n<p>&nbsp;<\/p>\n<p>Jyske Bank fors\u00f8ger at etablere sig som boligejernes bank. Det beh\u00f8ver dog ikke kun at v\u00e6re for private &#8211; det kan ogs\u00e5 sagtens v\u00e6re for erhvervsm\u00e6ssige boligejere.<\/p>\n<p>&nbsp;<\/p>\n<p>Banken tilbyder nemlig at finansiere k\u00f8b af erhvervsejendomme, alment byggeri og andelsforretninger. Det er deres afdeling Jyske Realkredit, der st\u00e5r bag finansieringen af disse.<\/p>\n<p>&nbsp;<\/p>\n<p>\u00d8vrige specialomr\u00e5der hos Jyske Bank er virksomheder der relaterer sig til landbrug, transport, uddannelse, energi og sundhed. Her yder banken s\u00e6rlig support og er typisk mere tilb\u00f8jelig til at tilbyde et fordelagtigt l\u00e5n.<\/p>\n<p>&nbsp;<\/p>\n<p>Hvis du har brug for et erhvervsl\u00e5n eller for finansiering er det selvf\u00f8lgelig v\u00e6rd at overveje Jyske Bank. Du kan bruge vores prissammenligningsservice her p\u00e5 Firmal\u00e5n til at finde ud af, hvor du kan l\u00e5ne penge til din virksomhed billigst muligt. Vi tjekker p\u00e5 tv\u00e6rs af markedet og introducerer dig for de banker, der har de bedste vilk\u00e5r. M\u00e5ske er det Jyske Bank, eller m\u00e5ske er det en anden akt\u00f8r &#8211; men i alle tilf\u00e6lde kan du f\u00e5 et overblik over de bedste l\u00e5nemuligheder lige nu.<\/p>\n","protected":false},"excerpt":{"rendered":"<p>Jyske Bank er den n\u00e6stst\u00f8rste bank i Danmark og har stor aktivitet p\u00e5 erhvervsmarkedet. Mange virksomhedsejere og selvst\u00e6ndige erhvervsdrivende har konti hos Jyske Bank, og banken tilbyder gode muligheder for &#8230;<\/p>\n","protected":false},"author":1,"featured_media":0,"parent":0,"menu_order":0,"comment_status":"closed","ping_status":"closed","template":"","meta":{"footnotes":""},"class_list":["post-166","page","type-page","status-publish","hentry"],"_links":{"self":[{"href":"https:\/\/firmalan.com\/dk\/wp-json\/wp\/v2\/pages\/166","targetHints":{"allow":["GET"]}}],"collection":[{"href":"https:\/\/firmalan.com\/dk\/wp-json\/wp\/v2\/pages"}],"about":[{"href":"https:\/\/firmalan.com\/dk\/wp-json\/wp\/v2\/types\/page"}],"author":[{"embeddable":true,"href":"https:\/\/firmalan.com\/dk\/wp-json\/wp\/v2\/users\/1"}],"replies":[{"embeddable":true,"href":"https:\/\/firmalan.com\/dk\/wp-json\/wp\/v2\/comments?post=166"}],"version-history":[{"count":1,"href":"https:\/\/firmalan.com\/dk\/wp-json\/wp\/v2\/pages\/166\/revisions"}],"predecessor-version":[{"id":167,"href":"https:\/\/firmalan.com\/dk\/wp-json\/wp\/v2\/pages\/166\/revisions\/167"}],"wp:attachment":[{"href":"https:\/\/firmalan.com\/dk\/wp-json\/wp\/v2\/media?parent=166"}],"curies":[{"name":"wp","href":"https:\/\/api.w.org\/{rel}","templated":true}]}}