{"id":164,"date":"2019-03-11T15:05:00","date_gmt":"2019-03-11T14:05:00","guid":{"rendered":"https:\/\/firmalan.com\/dk\/?page_id=164"},"modified":"2019-03-11T16:32:22","modified_gmt":"2019-03-11T15:32:22","slug":"froes-sparekasse","status":"publish","type":"page","link":"https:\/\/firmalan.com\/dk\/froes-sparekasse\/","title":{"rendered":"Fr\u00f8s Sparekasse"},"content":{"rendered":"<p>Fr\u00f8s Sparekasse er ikke et af de mest kendte pengeinstitutter i Danmark, men det er dog en sparekasse med en enorm h\u00f8j kundetilfredshed, og hvor virksomheder har gode muligheder for at optage l\u00e5n. Banken tilbyder l\u00e5n af udm\u00e6rkede st\u00f8rrelser og giver hurtigt svar p\u00e5 ans\u00f8gningerne. Derudover f\u00f8lger der r\u00e5dgivning med, hvis du etablerer dig som erhvervskunde hos dem.<\/p>\n<p>&nbsp;<\/p>\n<p><strong>Viden om Fr\u00f8s Sparekasse<\/strong><\/p>\n<p>&nbsp;<\/p>\n<p>Fr\u00f8s Sparekasse er en dansk sparekasse, der holder til i R\u00f8dding. De fleste filialer ligger i S\u00f8nderjylland, og det er her, at bankens prim\u00e6re aktivitet foreg\u00e5r.<\/p>\n<p>&nbsp;<\/p>\n<p>Mange s\u00f8nderjyske virksomheder v\u00e6lger derfor at optage l\u00e5n igennem Fr\u00f8s Sparekasse. Instituttet er dog ogs\u00e5 \u00e5bent overfor virksomheder i andre landsdele, s\u00e5 l\u00e6nge du ikke selv har noget problem med at afdelingerne ligger i S\u00f8nderjylland.<\/p>\n<p>&nbsp;<\/p>\n<p>I alt har Fr\u00f8s Sparekasse flere tusinde privatkunder og samarbejder ogs\u00e5 med en betragtelig gruppe af virksomheder. Sparekassen har etableret sig som et af de bedste steder at opn\u00e5 finansiering for mindre virksomheder.<\/p>\n<p>&nbsp;<\/p>\n<p><strong>Erhvervsl\u00e5n hos sparekassen<\/strong><\/p>\n<p>&nbsp;<\/p>\n<p>Du kan ans\u00f8ge om et erhvervsl\u00e5n hos Fr\u00f8s, hvis du mangler kapital til et indk\u00f8b i virksomheden, men samtidig gerne vil bevare din likviditet.<\/p>\n<p>&nbsp;<\/p>\n<p>Sparekassen er is\u00e6r hj\u00e6lpsom, hvis du som firma skal ud at investere i bil, maskine eller specifikt udstyr. I s\u00e5 fald kan du ofte f\u00e5 en fordelagtig rente og med fine justeringsforhold.<\/p>\n<p>&nbsp;<\/p>\n<p>Dette institut er i \u00f8vrigt kendt for at give en hurtig tilbagemelding. Du beh\u00f8ver alts\u00e5 ikke at vente l\u00e6nge p\u00e5 at finde ud af, om din l\u00e5nans\u00f8gning bliver godkendt eller afvist.<\/p>\n<p>&nbsp;<\/p>\n<p>N\u00e5r du optager et l\u00e5n, vil Sparekassen Fr\u00f8s se n\u00e6rmere p\u00e5 virksomhedens \u00f8konomiske situation. Sammen kan I tilpasse finansieringsaftalen s\u00e5ledes det passer til virksomhedens indkomst og til aktivets levetid. Det er ganske smart &#8211; og hvis du ikke har brug for at k\u00f8be bil eller maskine, men derimod gerne vil lease, s\u00e5 har de en afdeling der hedder Fr\u00f8s Leasing ved siden af.<\/p>\n<p>&nbsp;<\/p>\n<p><strong>Andre fordele<\/strong><\/p>\n<p>&nbsp;<\/p>\n<p>Du kan b\u00e5de f\u00e5 tilbud p\u00e5 driftsfinansiering, anl\u00e6gsfinansiering, mellemfinansiering, realkredit, og flere andre typer af erhvervsl\u00e5n, som kan komme din forretning til gode.<\/p>\n<p>&nbsp;<\/p>\n<p>Men det, der virkeligt s\u00e6tter Fr\u00f8s Sparekasse i et positivt lys, er at de modtager glimrende anmeldelser fra kunderne &#8211; b\u00e5de de private, men ogs\u00e5 erhvervskunderne. P\u00e5 Trustpilot har sparekassen en gennemsnitlig vurdering p\u00e5 9,2 ud af 10. Dermed er det Danmarks femtebedst anmeldte pengeinstitut, hvilket er ganske fornemt.<\/p>\n<p>&nbsp;<\/p>\n<p><strong>Sammenlign priserne og find det bedste l\u00e5n<\/strong><\/p>\n<p>&nbsp;<\/p>\n<p>Der er udm\u00e6rkede chancer for at du kan tage et godt og stabilt erhvervsl\u00e5n hos Fr\u00f8s Sparekasse og dermed f\u00e5 finansiering til det, som din virksomhed st\u00e5r og mangler.<\/p>\n<p>&nbsp;<\/p>\n<p>For at finde ud af, hvorvidt Fr\u00f8s er billigst, eller om der er en bedre rente hos en anden bank, b\u00f8r du <a href=\"https:\/\/firmalan.com\/dk\/erhvervslaan#rentesatser\">sammenlign renter\u00a0for erhvervsl\u00e5n<\/a> her p\u00e5 Firmalan.com. P\u00e5 den m\u00e5de bliver det nemt at finde det bedste l\u00e5n, s\u00e5 du skal v\u00e6re velkommen til at benytte vores service. Hvis Fr\u00f8s viser sig at v\u00e6re billigst, ender du hos en bank, der er popul\u00e6r og vellidt blandt kunderne.<\/p>\n","protected":false},"excerpt":{"rendered":"<p>Fr\u00f8s Sparekasse er ikke et af de mest kendte pengeinstitutter i Danmark, men det er dog en sparekasse med en enorm h\u00f8j kundetilfredshed, og hvor virksomheder har gode muligheder for &#8230;<\/p>\n","protected":false},"author":1,"featured_media":0,"parent":0,"menu_order":0,"comment_status":"closed","ping_status":"closed","template":"","meta":{"footnotes":""},"class_list":["post-164","page","type-page","status-publish","hentry"],"_links":{"self":[{"href":"https:\/\/firmalan.com\/dk\/wp-json\/wp\/v2\/pages\/164","targetHints":{"allow":["GET"]}}],"collection":[{"href":"https:\/\/firmalan.com\/dk\/wp-json\/wp\/v2\/pages"}],"about":[{"href":"https:\/\/firmalan.com\/dk\/wp-json\/wp\/v2\/types\/page"}],"author":[{"embeddable":true,"href":"https:\/\/firmalan.com\/dk\/wp-json\/wp\/v2\/users\/1"}],"replies":[{"embeddable":true,"href":"https:\/\/firmalan.com\/dk\/wp-json\/wp\/v2\/comments?post=164"}],"version-history":[{"count":1,"href":"https:\/\/firmalan.com\/dk\/wp-json\/wp\/v2\/pages\/164\/revisions"}],"predecessor-version":[{"id":165,"href":"https:\/\/firmalan.com\/dk\/wp-json\/wp\/v2\/pages\/164\/revisions\/165"}],"wp:attachment":[{"href":"https:\/\/firmalan.com\/dk\/wp-json\/wp\/v2\/media?parent=164"}],"curies":[{"name":"wp","href":"https:\/\/api.w.org\/{rel}","templated":true}]}}