{"id":162,"date":"2019-03-11T14:50:00","date_gmt":"2019-03-11T13:50:00","guid":{"rendered":"https:\/\/firmalan.com\/dk\/?page_id=162"},"modified":"2019-03-11T16:32:22","modified_gmt":"2019-03-11T15:32:22","slug":"danske-bank","status":"publish","type":"page","link":"https:\/\/firmalan.com\/dk\/danske-bank\/","title":{"rendered":"Danske Bank"},"content":{"rendered":"<p>Danske Bank er den st\u00f8rste bank i Danmark og servicerer alle typer af kunder. Grundet bankens st\u00f8rrelse er den popul\u00e6r blandt adskillige virksomheder og kan derfor tilbyde flere fordele inden for erhvervsl\u00e5n og erhvervsmuligheder.<\/p>\n<p>&nbsp;<\/p>\n<p><strong>Generelt om Danske Bank<\/strong><\/p>\n<p>&nbsp;<\/p>\n<p>Historien str\u00e6kker sig langt tilbage, for Danske Bank blev grundlagt i 1871. Den blev f\u00f8rst kaldt for Landmandsbanken, men efter den begyndte at stige i popularitet, blev navnet senere \u00e6ndret til Danske Bank, pr\u00e6cis som vi kender den nu.<\/p>\n<p>&nbsp;<\/p>\n<p>Hoveds\u00e6det ligger ved Holmens Kanal i K\u00f8benhavn, men Danske Bank har afdelinger i hele landet. Det er den bank i Danmark, der har flest kunder. Derfor er det ogs\u00e5 den st\u00f8rste finansielle koncern i landet.<\/p>\n<p>&nbsp;<\/p>\n<p>Hos Danske Bank er der mange muligheder. Du kan oprette konto i et privat foretagende og have din personlige \u00f8konomi st\u00e5ende hos dem. Du kan dog ogs\u00e5 bruge Danske Bank i forbindelse med din virksomhed, hvad enten du er selvst\u00e6ndig eller driver en forretning med flere ansatte. Danske Bank tilbyder erhvervsl\u00e5n med gode fordele. Du kan ogs\u00e5 investere, og du har mulighed for at holde en sikker erhvervskonto hos dem, hvis du har brug for det.<\/p>\n<p>&nbsp;<\/p>\n<p>Danske Bank-koncernen best\u00e5r ogs\u00e5 af Realkredit Danmark, Danica Pension, Danske Capital og flere andre afdelinger, der hver is\u00e6r har deres eget speciale.<\/p>\n<p>&nbsp;<\/p>\n<p><strong>Erhvervsl\u00e5n hos Danske Bank<\/strong><\/p>\n<p>&nbsp;<\/p>\n<p>Set fra et erhvervsm\u00e6ssigt synspunkt er Danske Bank en utrolig aktiv bank. Der er mange danske virksomheder, der benytter sig af bankens services.<\/p>\n<p>&nbsp;<\/p>\n<p>Bankens st\u00f8rrelse og kapacitet g\u00f8r det muligt at optage forholdsvis store l\u00e5n. Priserne er ofte udm\u00e6rkede, og det betyder alts\u00e5, at det er muligt at tage fornuftige erhvervsl\u00e5n hos Danske Bank.<\/p>\n<p>&nbsp;<\/p>\n<p>Danske Bank tilbyder ydelser som l\u00e5n, finansiering og likviditetsstyring. De har l\u00e6nge hjulpet traditionelle virksomheder, og i l\u00f8bet af de seneste \u00e5r har de sat fokus p\u00e5 ogs\u00e5 at tilbyde unikke fordele for digitale virksomheder.<\/p>\n<p>&nbsp;<\/p>\n<p>Hvis du har brug for et erhvervsl\u00e5n eller en kapitalindspr\u00f8jtning, kan det v\u00e6re, at Danske Bank er den rette l\u00f8sning. Du kan sammenligne alle mulighederne her p\u00e5 Firmal\u00e5n og se hvad Danske Bank kan tilbyde, kontra de \u00f8vrige danske banker og l\u00e5nudbydere.<\/p>\n<p>&nbsp;<\/p>\n<p><strong>Konto og r\u00e5dgivning<\/strong><\/p>\n<p>&nbsp;<\/p>\n<p>Hvis du overvejer at tage et l\u00e5n eller f\u00e5 anden \u00f8konomisk hj\u00e6lp fra Danske Bank, kan det ogs\u00e5 v\u00e6re, at du overvejer at \u00e5bne fast konto hos dem.<\/p>\n<p>&nbsp;<\/p>\n<p>Godt nok har Danske Bank nogle af de dyreste gebyrer for opretholdelse af erhvervskonto, men der f\u00f8lger s\u00e5 ogs\u00e5 mange fordele med.<\/p>\n<p>&nbsp;<\/p>\n<p>Danske Bank tilbyder nemlig god r\u00e5dgivning og hj\u00e6lper dig med alt fra opstartsprocessen til ans\u00e6ttelse af medarbejdere. Du f\u00e5r en erhvervskonto med ubegr\u00e6nsede muligheder, uanset om du kun er aktiv herhjemme, eller om din forretning ogs\u00e5 d\u00e6kker udlandet. Danske Bank hj\u00e6lper ogs\u00e5 med opk\u00f8b og andre potentielle situationer &#8211; og du har som sagt mulighed for at s\u00f8ge om l\u00e5n og kapital til virksomheden.<\/p>\n","protected":false},"excerpt":{"rendered":"<p>Danske Bank er den st\u00f8rste bank i Danmark og servicerer alle typer af kunder. Grundet bankens st\u00f8rrelse er den popul\u00e6r blandt adskillige virksomheder og kan derfor tilbyde flere fordele inden &#8230;<\/p>\n","protected":false},"author":1,"featured_media":0,"parent":0,"menu_order":0,"comment_status":"closed","ping_status":"closed","template":"","meta":{"footnotes":""},"class_list":["post-162","page","type-page","status-publish","hentry"],"_links":{"self":[{"href":"https:\/\/firmalan.com\/dk\/wp-json\/wp\/v2\/pages\/162","targetHints":{"allow":["GET"]}}],"collection":[{"href":"https:\/\/firmalan.com\/dk\/wp-json\/wp\/v2\/pages"}],"about":[{"href":"https:\/\/firmalan.com\/dk\/wp-json\/wp\/v2\/types\/page"}],"author":[{"embeddable":true,"href":"https:\/\/firmalan.com\/dk\/wp-json\/wp\/v2\/users\/1"}],"replies":[{"embeddable":true,"href":"https:\/\/firmalan.com\/dk\/wp-json\/wp\/v2\/comments?post=162"}],"version-history":[{"count":1,"href":"https:\/\/firmalan.com\/dk\/wp-json\/wp\/v2\/pages\/162\/revisions"}],"predecessor-version":[{"id":163,"href":"https:\/\/firmalan.com\/dk\/wp-json\/wp\/v2\/pages\/162\/revisions\/163"}],"wp:attachment":[{"href":"https:\/\/firmalan.com\/dk\/wp-json\/wp\/v2\/media?parent=162"}],"curies":[{"name":"wp","href":"https:\/\/api.w.org\/{rel}","templated":true}]}}