{"id":160,"date":"2019-03-11T14:49:23","date_gmt":"2019-03-11T13:49:23","guid":{"rendered":"https:\/\/firmalan.com\/dk\/?page_id=160"},"modified":"2019-03-11T14:49:23","modified_gmt":"2019-03-11T13:49:23","slug":"booomerang-dk","status":"publish","type":"page","link":"https:\/\/firmalan.com\/dk\/booomerang-dk\/","title":{"rendered":"Booomerang.dk"},"content":{"rendered":"<p>Booomerang.dk er den st\u00f8rste platform for crowdfunding i Danmark. Igennem denne side har iv\u00e6rks\u00e6ttere mulighed for at samle kapital til en id\u00e9 eller et projekt. Desuden er det et glimrende sted at opbygge et netv\u00e6rk for b\u00e5de iv\u00e6rks\u00e6ttere og for investorer.<\/p>\n<p>&nbsp;<\/p>\n<p><strong>V\u00e6rd at vide om Booomerang<\/strong><\/p>\n<p>&nbsp;<\/p>\n<p>Booomerang kom frem i 2011 og var den f\u00f8rste m\u00e6rkbare crowdfundingside i Danmark. Siden hen har den haft god succes, og i dag er det stadig den f\u00f8rende platform. Booomerang har is\u00e6r fokus p\u00e5 kreative projekter &#8211; alts\u00e5 innovative iv\u00e6rks\u00e6ttere, der bringer ting p\u00e5 banen, som ikke er set f\u00f8r.<\/p>\n<p>&nbsp;<\/p>\n<p>Hvis du mangler kapital til et bestemt projekt, eller hvis du mangler \u00f8konomisk hj\u00e6lp til udviklingen af en id\u00e9, er det alts\u00e5 oplagt at lave et opslag p\u00e5 Booomerang. Flere projekter f\u00e5r indsamlet mange tusinde kroner, s\u00e5 det er en rigtig god mulighed. Enkelte projekter har endda hentet mere end en million hjem i crowdfunding.<\/p>\n<p>&nbsp;<\/p>\n<p>Det er ogs\u00e5 muligt at se n\u00e6rmere p\u00e5 projekterne hos Booomerang, hvis du er investor. M\u00e5ske har du planer om at investere et overskud fra eget firma i et nyt projekt, eller m\u00e5ske \u00f8nsker du at st\u00f8tte nogle nye iv\u00e6rks\u00e6ttere af ren interesse. Uanset hvad, s\u00e5 er det en platform med mange muligheder.<\/p>\n<p>&nbsp;<\/p>\n<p><strong>S\u00e5dan benytter du Booomerang<\/strong><\/p>\n<p>&nbsp;<\/p>\n<p>Booomerang har en platform, der er nem og overskuelig at benytte.<\/p>\n<p>&nbsp;<\/p>\n<p>Hvis du selv \u00f8nsker \u00f8konomisk st\u00f8tte, kan du oprette et nyt projekt hos Booomerang, fort\u00e6lle n\u00e6rmere om det, og fasts\u00e6tte et m\u00e5l. Jo bedre du fort\u00e6ller om din id\u00e9, jo st\u00f8rre chance er der for, at folk investerer i det. Hvis du rammer m\u00e5let og f\u00e5r samlet dit \u00f8nskede bel\u00f8b, f\u00e5r du det hele udbetalt. Booomerang tager et gebyr p\u00e5 7%, mens resten alts\u00e5 g\u00e5r til dit projekt.<\/p>\n<p>&nbsp;<\/p>\n<p>Som investor skal du oprette dig f\u00f8rst. Derefter kan du se n\u00e6rmere p\u00e5 de forskellige projekter, se n\u00e6rmere p\u00e5 hvad fordelene er, og eventuelt sende \u00f8konomisk st\u00f8tte til de id\u00e9er, der er mest lovende. Der er et gebyr p\u00e5 5%, n\u00e5r du investerer i et projekt. Hvis iv\u00e6rks\u00e6tteren ikke rammer sit \u00f8konomiske m\u00e5l, bliver bel\u00f8bet tilbagebetalt igen.<\/p>\n<p>&nbsp;<\/p>\n<p><strong>Fordele ved Crowdfunding<\/strong><\/p>\n<p>&nbsp;<\/p>\n<p>Der er mange fordele ved crowdfunding. Og da Booomerang er en platform for crowdfunding, tr\u00e6der disse fordele alts\u00e5 i kraft her.<\/p>\n<p>&nbsp;<\/p>\n<p>Crowdfunding er et glimrende valg, hvis du ikke kan l\u00e5ne penge i banken. Eller hvis du simpelthen ikke er interesserede i at betale renter. Ved crowdfunding er der nemlig ingen renter &#8211; i stedet f\u00e5r investorerne noget til geng\u00e6ld. Det kan for eksempel v\u00e6re en andel i projektet, eller adgang til produktet, n\u00e5r det er f\u00e6rdigt. Det kan aftales efter behov.<\/p>\n<p>&nbsp;<\/p>\n<p>Du st\u00e5r alts\u00e5 ikke til ansvar for en bank eller for en fagperson, n\u00e5r du arbejder med crowdfunding. Der er i stedet et forhold mellem iv\u00e6rks\u00e6tteren og investoren, hvilket mange foretr\u00e6kker. Det er netv\u00e6rksfinansiering i den fineste grad. Iv\u00e6rks\u00e6tteren henvender sig til personer, der har reel interesse i projektet, og investorerne f\u00e5r ogs\u00e5 gavn af det. Investorerne kan b\u00e5de v\u00e6re sm\u00e5 og store. Dermed er det alts\u00e5 muligt for alle at investere i et crowdfundingprojekt, uanset om bel\u00f8bet bare er nogle f\u00e5 kroner eller om det er mangecifrede bel\u00f8ber.<\/p>\n","protected":false},"excerpt":{"rendered":"<p>Booomerang.dk er den st\u00f8rste platform for crowdfunding i Danmark. Igennem denne side har iv\u00e6rks\u00e6ttere mulighed for at samle kapital til en id\u00e9 eller et projekt. Desuden er det et glimrende &#8230;<\/p>\n","protected":false},"author":1,"featured_media":0,"parent":0,"menu_order":0,"comment_status":"closed","ping_status":"closed","template":"","meta":{"footnotes":""},"class_list":["post-160","page","type-page","status-publish","hentry"],"_links":{"self":[{"href":"https:\/\/firmalan.com\/dk\/wp-json\/wp\/v2\/pages\/160","targetHints":{"allow":["GET"]}}],"collection":[{"href":"https:\/\/firmalan.com\/dk\/wp-json\/wp\/v2\/pages"}],"about":[{"href":"https:\/\/firmalan.com\/dk\/wp-json\/wp\/v2\/types\/page"}],"author":[{"embeddable":true,"href":"https:\/\/firmalan.com\/dk\/wp-json\/wp\/v2\/users\/1"}],"replies":[{"embeddable":true,"href":"https:\/\/firmalan.com\/dk\/wp-json\/wp\/v2\/comments?post=160"}],"version-history":[{"count":1,"href":"https:\/\/firmalan.com\/dk\/wp-json\/wp\/v2\/pages\/160\/revisions"}],"predecessor-version":[{"id":161,"href":"https:\/\/firmalan.com\/dk\/wp-json\/wp\/v2\/pages\/160\/revisions\/161"}],"wp:attachment":[{"href":"https:\/\/firmalan.com\/dk\/wp-json\/wp\/v2\/media?parent=160"}],"curies":[{"name":"wp","href":"https:\/\/api.w.org\/{rel}","templated":true}]}}