{"id":158,"date":"2019-03-11T14:46:00","date_gmt":"2019-03-11T13:46:00","guid":{"rendered":"https:\/\/firmalan.com\/dk\/?page_id=158"},"modified":"2019-03-11T16:32:22","modified_gmt":"2019-03-11T15:32:22","slug":"arbejdernes-landsbank","status":"publish","type":"page","link":"https:\/\/firmalan.com\/dk\/arbejdernes-landsbank\/","title":{"rendered":"Arbejdernes Landsbank"},"content":{"rendered":"<p>Arbejdernes Landsbank er kendt som en af de banker, der har de bedste forhold, n\u00e5r du skal l\u00e5ne penge. Det er en af danskernes foretrukne banker m\u00e5lt p\u00e5 kundetilfredshed og service. Arbejdernes Landsbank tilbyder b\u00e5de ydelser for private og for erhvervsfolk.<\/p>\n<p>&nbsp;<\/p>\n<p><strong>Erhvervsl\u00e5n hos Arbejdernes Landsbank<\/strong><\/p>\n<p>&nbsp;<\/p>\n<p>Banken henvender sig til arbejdere, og det g\u00e6lder selvf\u00f8lgelig ogs\u00e5 dem, der arbejder med egen virksomhed og dem der har folk ansat. Derfor er der glimrende forhold hos Arbejdernes Landsbank, som b\u00e5de tilbyder r\u00e5dgivning, l\u00e5n og finansiering til virksomheder.<\/p>\n<p>&nbsp;<\/p>\n<p>Hvis du fx \u00f8nsker at opretholde likviditet i firmaet, kan du v\u00e6lge at tage et erhvervsl\u00e5n, n\u00e5r du skal investere i nye produkter til virksomheden. P\u00e5 den m\u00e5de fungerer den daglige drift, og du kan langsomt betale l\u00e5net tilbage.<\/p>\n<p>&nbsp;<\/p>\n<p>Arbejdernes Landsbank er et af de bedste steder at l\u00e5ne for virksomheder. De hj\u00e6lper for eksempel med finansiering af erhvervsejendom, biler, maskiner og meget mere. Du kan l\u00e5ne med enten fast eller variabel rente, alt efter hvad der passer dig bedst. N\u00e5r markedspriserne sammenlignes, ligger Arbejdernes Landsbank typisk i den billige ende. Banken kan alts\u00e5 sikre dig det l\u00e5n, du har brug for, og endda til fine vilk\u00e5r.<\/p>\n<p>&nbsp;<\/p>\n<p>S\u00e5fremt du ikke har brug for at k\u00f8be maskiner, biler og produkter til virksomheden, men i stedet \u00f8nsker at lease dem, har Arbejdernes Landsbank en s\u00e6rlig afdeling til dette form\u00e5l. Leasing kan du nemlig ans\u00f8ge om hos AL Finans. Endnu en glimrende mulighed.<\/p>\n<p>&nbsp;<\/p>\n<p><strong>Fordele for selvst\u00e6ndige og for virksomheder<\/strong><\/p>\n<p>&nbsp;<\/p>\n<p>Udover muligheden for at f\u00e5 virksomhedens k\u00f8b finansierede af banken, er der ogs\u00e5 gode muligheder for at modtage r\u00e5dgivning. Arbejdernes Landsbank har nemlig mange ydelser til b\u00e5de sm\u00e5 og store virksomheder, og det g\u00e6lder ogs\u00e5 tips til at skabe v\u00e6kst.<\/p>\n<p>&nbsp;<\/p>\n<p>Arbejdernes Landsbank tilbyder sparring og dialog med alle virksomhedsejere. Det er som regel gratis, hvis du har optaget et erhvervsl\u00e5n hos dem. De hj\u00e6lper desuden med at tilrettel\u00e6gge et eventuelt l\u00e5n s\u00e5ledes at det passer med virksomhedens flow. Der er fokus p\u00e5 god service og derfor kan du forvente, at der er en aktiv dialog, n\u00e5r din virksomhed l\u00e5ner hos AL.<\/p>\n<p>&nbsp;<\/p>\n<p><strong>Baggrundsviden om Arbejdernes Landsbank<\/strong><\/p>\n<p>&nbsp;<\/p>\n<p>Arbejdernes Landsbank har mere end en kvart million kunder i Danmark og er derfor et af landets st\u00f8rste pengeinstitutter.<\/p>\n<p>&nbsp;<\/p>\n<p>Banken er 100 \u00e5r gammel idet den blev stiftet tilbage i 1919. Den ejes af en gruppe aktion\u00e6rer, hvoraf st\u00f8rstedelen er fra LO.<\/p>\n<p>&nbsp;<\/p>\n<p>Der er f\u00f8rst og fremmest fokus p\u00e5 l\u00f8nmodtagere og selvst\u00e6ndige, men Arbejdernes Landsbank har et bredt udvalg af ydelser. De er is\u00e6r fremtr\u00e6dende med store forbrugsl\u00e5n, for eksempel til k\u00f8ret\u00f8jer og maskiner. Du kan alts\u00e5 b\u00e5de l\u00e5ne hos AL som privatkunde og som virksomhed.<\/p>\n","protected":false},"excerpt":{"rendered":"<p>Arbejdernes Landsbank er kendt som en af de banker, der har de bedste forhold, n\u00e5r du skal l\u00e5ne penge. Det er en af danskernes foretrukne banker m\u00e5lt p\u00e5 kundetilfredshed og &#8230;<\/p>\n","protected":false},"author":1,"featured_media":0,"parent":0,"menu_order":0,"comment_status":"closed","ping_status":"closed","template":"","meta":{"footnotes":""},"class_list":["post-158","page","type-page","status-publish","hentry"],"_links":{"self":[{"href":"https:\/\/firmalan.com\/dk\/wp-json\/wp\/v2\/pages\/158","targetHints":{"allow":["GET"]}}],"collection":[{"href":"https:\/\/firmalan.com\/dk\/wp-json\/wp\/v2\/pages"}],"about":[{"href":"https:\/\/firmalan.com\/dk\/wp-json\/wp\/v2\/types\/page"}],"author":[{"embeddable":true,"href":"https:\/\/firmalan.com\/dk\/wp-json\/wp\/v2\/users\/1"}],"replies":[{"embeddable":true,"href":"https:\/\/firmalan.com\/dk\/wp-json\/wp\/v2\/comments?post=158"}],"version-history":[{"count":1,"href":"https:\/\/firmalan.com\/dk\/wp-json\/wp\/v2\/pages\/158\/revisions"}],"predecessor-version":[{"id":159,"href":"https:\/\/firmalan.com\/dk\/wp-json\/wp\/v2\/pages\/158\/revisions\/159"}],"wp:attachment":[{"href":"https:\/\/firmalan.com\/dk\/wp-json\/wp\/v2\/media?parent=158"}],"curies":[{"name":"wp","href":"https:\/\/api.w.org\/{rel}","templated":true}]}}