{"id":155,"date":"2019-03-10T12:08:18","date_gmt":"2019-03-10T11:08:18","guid":{"rendered":"https:\/\/firmalan.com\/dk\/?page_id=155"},"modified":"2019-03-10T12:08:18","modified_gmt":"2019-03-10T11:08:18","slug":"om-os","status":"publish","type":"page","link":"https:\/\/firmalan.com\/dk\/om-os\/","title":{"rendered":"Om os"},"content":{"rendered":"<p>F\u00f8r eller siden f\u00e5r de fleste virksomheder brug for ekstra kapital. Det kan enten v\u00e6re i form af et erhvervsl\u00e5n eller en investor, der skyder penge ind i projektet.<\/p>\n<p>&nbsp;<\/p>\n<p>Da der er mere end en million aktive virksomheder og selvst\u00e6ndige i Danmark, er der ogs\u00e5 et stort og stigende behov for forretningsl\u00e5n og andre typer af finansiering.<\/p>\n<p>&nbsp;<\/p>\n<p>Sm\u00e5 og mellemstore virksomheder har ofte problemer med at optage almindelige bankl\u00e5n. Det g\u00e6lder is\u00e6r for startups, og vores m\u00e5l er at hj\u00e6lpe danske virksomheder med at finde den kapital, de lige st\u00e5r og mangler. Hvis det ikke kan lade sig g\u00f8re igennem en almindelig bank, s\u00e5 vil vi ogs\u00e5 l\u00f8fte sl\u00f8ret for nogle andre strategier.<\/p>\n<p>&nbsp;<\/p>\n<p>Her er lidt generel viden om os og vores filosofi:<\/p>\n<p>&nbsp;<\/p>\n<ul>\n<li>Nordisk firmal\u00e5n tilbyder uafh\u00e6ngig information og forbrugervejledning i virksomhedsfinansiering.<\/li>\n<li>Vi sammenligner flere forretningsl\u00e5n end nogen anden prissammenligningsside p\u00e5 markedet.<\/li>\n<li>Vi er dedikerede til at hj\u00e6lpe sm\u00e5 og mellemstore nordiske virksomheder med at <a href=\"https:\/\/firmalan.com\/dk\/kapital-investorer\/\">finde kapital<\/a> og med at skabe v\u00e6kst.<\/li>\n<li>Vi g\u00f8r altid vores bedste for at holde os opdaterede om bankernes vilk\u00e5r og de aktuelle tilbud.<\/li>\n<li>Vores ambition er at blive Nordens f\u00f8rende side inden for pris- og l\u00e5nsammenligning for virksomheder.<\/li>\n<li>Virksomheden bag Nordisk Firmal\u00e5n har mere end 7 \u00e5rs erfaring med at skabe markedsf\u00f8rende hjemmesider.<\/li>\n<\/ul>\n<p>&nbsp;<\/p>\n<p><strong>Drift og finansiering<\/strong><\/p>\n<p>&nbsp;<\/p>\n<p>Vi fors\u00f8ger vores bedste med at holde os opdaterede omkring de nyeste informationer. Derfor opdateres hjemmesiden regelm\u00e6ssigt med nyheder og med nyt materiale. P\u00e5 samme m\u00e5de vil nye l\u00e5nmuligheder hele tiden blive tilf\u00f8jet i databasen.<\/p>\n<p>&nbsp;<\/p>\n<p>Dog kan vi ikke garantere at dataen altid vil v\u00e6re up-to-date, da der hele tiden sker nye ting p\u00e5 markedet, og da bankerne hyppigt \u00e6ndrer vilk\u00e5r for deres tilbud.<\/p>\n<p>&nbsp;<\/p>\n<p>Derfor anbefaler vi, at du altid l\u00e6ser forholdene grundigt igennem, inden du bekr\u00e6fter et l\u00e5n. P\u00e5 den m\u00e5de er der ingen misforst\u00e5elser, og p\u00e5 den m\u00e5de f\u00e5r du en aftale uden uforudsete overraskelser.<\/p>\n<p>&nbsp;<\/p>\n<p>Hjemmesiden Firmalan.com er en selvst\u00e6ndig operat\u00f8r, som ikke selv er en bank eller kreditor, men som derimod st\u00e5r for at skabe kontakt mellem to parter. Det betyder alts\u00e5 at enhver aftale, der laves igennem vores portal, bliver etableret mellem kunden og l\u00e5nudbyderen. Nordisk Firmal\u00e5n har ikke selv del i aftalen.<\/p>\n<p>&nbsp;<\/p>\n<p>&nbsp;<\/p>\n<p>Firmalan.coms tjeneste er uafh\u00e6ngig og fokuserer p\u00e5 l\u00e5n til virksomheder, der udbydes af tredjeparter i form af vores samarbejdspartnere. I nogle tilf\u00e6lde modtager Firmalan.com betaling fra nogle af kreditorerne for at formidle l\u00e5neans\u00f8gninger. Servicen ejes og administreres af det svenske selskab Spexer AB, som blev grundlagt i februar 2015.<\/p>\n","protected":false},"excerpt":{"rendered":"<p>F\u00f8r eller siden f\u00e5r de fleste virksomheder brug for ekstra kapital. Det kan enten v\u00e6re i form af et erhvervsl\u00e5n eller en investor, der skyder penge ind i projektet. &nbsp; &#8230;<\/p>\n","protected":false},"author":1,"featured_media":0,"parent":0,"menu_order":0,"comment_status":"closed","ping_status":"closed","template":"","meta":{"footnotes":""},"class_list":["post-155","page","type-page","status-publish","hentry"],"_links":{"self":[{"href":"https:\/\/firmalan.com\/dk\/wp-json\/wp\/v2\/pages\/155","targetHints":{"allow":["GET"]}}],"collection":[{"href":"https:\/\/firmalan.com\/dk\/wp-json\/wp\/v2\/pages"}],"about":[{"href":"https:\/\/firmalan.com\/dk\/wp-json\/wp\/v2\/types\/page"}],"author":[{"embeddable":true,"href":"https:\/\/firmalan.com\/dk\/wp-json\/wp\/v2\/users\/1"}],"replies":[{"embeddable":true,"href":"https:\/\/firmalan.com\/dk\/wp-json\/wp\/v2\/comments?post=155"}],"version-history":[{"count":1,"href":"https:\/\/firmalan.com\/dk\/wp-json\/wp\/v2\/pages\/155\/revisions"}],"predecessor-version":[{"id":156,"href":"https:\/\/firmalan.com\/dk\/wp-json\/wp\/v2\/pages\/155\/revisions\/156"}],"wp:attachment":[{"href":"https:\/\/firmalan.com\/dk\/wp-json\/wp\/v2\/media?parent=155"}],"curies":[{"name":"wp","href":"https:\/\/api.w.org\/{rel}","templated":true}]}}