{"id":151,"date":"2019-03-10T11:53:25","date_gmt":"2019-03-10T10:53:25","guid":{"rendered":"https:\/\/firmalan.com\/dk\/?page_id=151"},"modified":"2019-03-10T11:53:25","modified_gmt":"2019-03-10T10:53:25","slug":"kapital-investorer","status":"publish","type":"page","link":"https:\/\/firmalan.com\/dk\/kapital-investorer\/","title":{"rendered":"S\u00f8ge kapital &#8211; Finde investorer &#8211; Business Angels"},"content":{"rendered":"<p>Hvis du har en id\u00e9, et nyt projekt, eller bare mangler kapital til din virksomhed, s\u00e5 giver det mening at finde investorer. Det er en fantastisk m\u00e5de at f\u00e5 sparket gang i tingene p\u00e5, og der er faktisk en del danske investorer, der leder efter nye projekter at investere i.<\/p>\n<p>&nbsp;<\/p>\n<p><strong>S\u00e5dan s\u00f8ger du kapital til dit projekt<\/strong><\/p>\n<p>&nbsp;<\/p>\n<p>Det er forholdsvis simpelt at s\u00f8ge om kapital, om end det dog kr\u00e6ver en indsats, hvis du vil have succes med det.<\/p>\n<p>&nbsp;<\/p>\n<p>F\u00f8rst og fremmest er det vigtigt at have en klar id\u00e9 og en solid forretningsplan. N\u00e5r de er p\u00e5 plads, s\u00e5 er du klar til at s\u00f8ge om kapital. Det er n\u00e6sten altid nemmest at g\u00f8re det p\u00e5 internettet.<\/p>\n<p>&nbsp;<\/p>\n<p>Find en hjemmeside, hvor investorer typisk er forbi for at tjekke, og lav et opslag. Det er vigtigt, at du er god til at fort\u00e6lle om din vision, og at du er i stand til at lave en attraktiv og interessant pr\u00e6sentation. Jo bedre du er til at fort\u00e6lle om dit projekt, og jo mere interessant det fremst\u00e5r &#8211; jo nemmere er det at tiltr\u00e6kke gode investorer.<\/p>\n<figure id=\"attachment_152\" aria-describedby=\"caption-attachment-152\" style=\"width: 246px\" class=\"wp-caption alignright\"><img loading=\"lazy\" decoding=\"async\" class=\"wp-image-152 size-full\" src=\"https:\/\/firmalan.com\/dk\/wp-content\/uploads\/2019\/03\/bilde-find-kapital.jpg\" alt=\"kvindelig iv\u00e6rks\u00e6tter\" width=\"246\" height=\"240\" \/><figcaption id=\"caption-attachment-152\" class=\"wp-caption-text\">Er du iv\u00e6rks\u00e6tter og mangler penge? L\u00e6s vores bedste tips om, hvordan du finder kapital.<\/figcaption><\/figure>\n<p><strong>Gode m\u00e5der at finde investorer p\u00e5<\/strong><\/p>\n<p>&nbsp;<\/p>\n<p>N\u00e5r du finder investorer, er det f\u00f8rst vigtigt at analysere din id\u00e9. Har du brug for mange sm\u00e5 investorer (som fx hvis du er spiludvikler eller skal lave en film), eller har du brug for enkelte store investorer (fx hvis du er ved at udvikle et dyrt fysisk produkt).<\/p>\n<p>&nbsp;<\/p>\n<p>Du b\u00f8r ogs\u00e5 afg\u00f8re, hvad investorerne f\u00e5r ud af at investere i dit produkt, for at finde de helt rette folk at samarbejde med. Helt store investorer springer som regel kun med, hvis de f\u00e5r egenkapital i projektet.<\/p>\n<p>&nbsp;<\/p>\n<p>Du kan finde flere steder p\u00e5 internettet, b\u00e5de danske og internationale sider, hvor det er muligt at lave opslag, som potentielle investorer kan se.<\/p>\n<p>&nbsp;<\/p>\n<p>Alternativt kan du personligt kontakte folk, der er kendte for at investere i nye virksomheder. Tjek aktiviteten p\u00e5 de st\u00f8rste <a href=\"https:\/\/firmalan.com\/dk\/crowdfunding\/\">crowdfunding<\/a>&#8211; og iv\u00e6rks\u00e6ttersider.<\/p>\n<p>&nbsp;<\/p>\n<p>Overordnet er der flere muligheder end nogensinde f\u00f8r, hvis du mangler kapital. Der er endda tv-programmer, hvor man kan deltage og fort\u00e6lle om sin id\u00e9, for derefter at h\u00f8re om tidligere succesfulde forretningspersoner vil med ind i projektet.<\/p>\n<p>&nbsp;<\/p>\n<p><strong>Business Angels er interesserede i at finansiere nye virksomheder<\/strong><\/p>\n<p>&nbsp;<\/p>\n<p>M\u00e5ske har du h\u00f8rt udtrykket \u2018Business Angels\u2019 f\u00f8r. Det er velhavende personer, der hyppigt investerer i virksomheder i h\u00e5b om at f\u00e5 et st\u00f8rre udbytte ud af det senere. Der er tale om seri\u00f8se investorer her &#8211; og sj\u00e6ldent de helt sm\u00e5 af slagsen.<\/p>\n<p>&nbsp;<\/p>\n<p>Business Angels agerer nogle gange individuelt, men der findes ogs\u00e5 grupper og netv\u00e6rk, hvor flere Business Angels investerer sammen.<\/p>\n<p>&nbsp;<\/p>\n<p>Hvis du ikke har noget problem med at tilbyde egenkapital i projektet, s\u00e5 er det oplagt at henvende dig hos nogle Business Angels. Der er forholdsvis mange af dem, selv p\u00e5 det danske marked. Fordelen er, at du potentielt kan f\u00e5 en stor startkapital igennem dem. Mange Business Angels har desuden selv erfaring fra egne virksomheder eller fra finansmarkedet. Hvis du er heldig, kan det ogs\u00e5 v\u00e6re, at du udover kapitalen kan f\u00e5 professionel vejledning med i aftalen.<\/p>\n","protected":false},"excerpt":{"rendered":"<p>Hvis du har en id\u00e9, et nyt projekt, eller bare mangler kapital til din virksomhed, s\u00e5 giver det mening at finde investorer. Det er en fantastisk m\u00e5de at f\u00e5 sparket &#8230;<\/p>\n","protected":false},"author":1,"featured_media":0,"parent":0,"menu_order":0,"comment_status":"closed","ping_status":"closed","template":"","meta":{"footnotes":""},"class_list":["post-151","page","type-page","status-publish","hentry"],"_links":{"self":[{"href":"https:\/\/firmalan.com\/dk\/wp-json\/wp\/v2\/pages\/151","targetHints":{"allow":["GET"]}}],"collection":[{"href":"https:\/\/firmalan.com\/dk\/wp-json\/wp\/v2\/pages"}],"about":[{"href":"https:\/\/firmalan.com\/dk\/wp-json\/wp\/v2\/types\/page"}],"author":[{"embeddable":true,"href":"https:\/\/firmalan.com\/dk\/wp-json\/wp\/v2\/users\/1"}],"replies":[{"embeddable":true,"href":"https:\/\/firmalan.com\/dk\/wp-json\/wp\/v2\/comments?post=151"}],"version-history":[{"count":1,"href":"https:\/\/firmalan.com\/dk\/wp-json\/wp\/v2\/pages\/151\/revisions"}],"predecessor-version":[{"id":153,"href":"https:\/\/firmalan.com\/dk\/wp-json\/wp\/v2\/pages\/151\/revisions\/153"}],"wp:attachment":[{"href":"https:\/\/firmalan.com\/dk\/wp-json\/wp\/v2\/media?parent=151"}],"curies":[{"name":"wp","href":"https:\/\/api.w.org\/{rel}","templated":true}]}}