{"id":148,"date":"2019-03-10T11:38:14","date_gmt":"2019-03-10T10:38:14","guid":{"rendered":"https:\/\/firmalan.com\/dk\/?page_id=148"},"modified":"2020-11-28T21:03:08","modified_gmt":"2020-11-28T20:03:08","slug":"factoring","status":"publish","type":"page","link":"https:\/\/firmalan.com\/dk\/factoring\/","title":{"rendered":"Factoring \/ fakturak\u00f8b"},"content":{"rendered":"<p>Fakturak\u00f8b er en l\u00f8sning, som mange virksomheder benytter sig af. Det giver is\u00e6r mening for virksomheder med store, men f\u00e5 fakturaer &#8211; her kan likviditeten nemlig v\u00e6re lav. Du kan s\u00e6lge din faktura til et factoringsselskab og undg\u00e5 en masse besv\u00e6r. Det giver plads til v\u00e6kst i virksomheden, og det giver mere tid til det, som det egentlig skal handle om &#8211; selve arbejdet.<\/p>\n<p>&nbsp;<\/p>\n<p><strong>Hvad er factoring\/fakturak\u00f8b?<\/strong><\/p>\n<p>&nbsp;<\/p>\n<p>Kort fortalt: Du har en eller flere ubetalte fakturaer, hvor du gerne vil sikre dig, at du f\u00e5r betaling hurtigt, s\u00e5ledes du har likviditet i virksomheden. I stedet for at vente p\u00e5 at kunden betaler &#8211; hvilket nogle gange kan tage et stykke tid &#8211; er der mulighed for at s\u00e6lge fakturaen med det samme. Der er nemlig selskaber (de kaldes factoringsselskaber), som er villige til at tage sig af det hele.<\/p>\n<p>&nbsp;<\/p>\n<p>Ved fakturak\u00f8b tager k\u00f8beren sig af h\u00e5ndtering af fakturaen og tager den fulde \u00f8konomiske risiko.<\/p>\n<p>&nbsp;<\/p>\n<p>Fakturak\u00f8b er en god l\u00f8sning, hvis du vil sikre dig likviditet, og hvis du ikke vil bekymre dig om faktura, inkasso og lignende. Du f\u00e5r ikke altid den fulde v\u00e6rdi ud af dine fakturaer, men det er dog stadig en glimrende id\u00e9, da der er flere fordele ved factoring.<\/p>\n<p>&nbsp;<\/p>\n<p><strong>V\u00e6rd at vide om fakturak\u00f8b<\/strong><\/p>\n<p>&nbsp;<\/p>\n<p>Du f\u00e5r betaling hurtigt, n\u00e5r du s\u00e6lger en faktura. Det er hele fordelen ved det. Det er forholdsvis nemt at komme i gang med det, n\u00e5r du finder en markedsplads for fakturak\u00f8b, eller en side der forbinder factoringsselskaber med s\u00e6lgere.<\/p>\n<p>&nbsp;<\/p>\n<p>Kursen for fakturaen afh\u00e6nger af lidt forskellige ting. F\u00f8rst og fremmest l\u00e6gger den sig op af det bel\u00f8b, der st\u00e5r p\u00e5 fakturaen: Men kundens kreditv\u00e6rdighed, samt tidshorisonten til forfald, har ogs\u00e5 stor indflydelse for aftalen. Den pris, I bliver enige om, bliver overf\u00f8rt til dig ret hurtigt, n\u00e5r du v\u00e6lger at s\u00e6lge din faktura.<\/p>\n<p>&nbsp;<\/p>\n<p>Herefter har factoringsselskabet det fulde ansvar. Tabsrisikoen g\u00e5r over til dem, og de tager sig af al administrationen. De s\u00f8rger desuden for en korrekt og professionel tilgang overfor debitorerne, s\u00e5 det ikke f\u00e5r indflydelse p\u00e5 fremtidige handler med din kunde.<\/p>\n<p>&nbsp;<\/p>\n<p>Du v\u00e6lger selv, om du blot vil s\u00e6lge \u00e9n faktura, eller om du vil s\u00e6lge flere af dem regelm\u00e6ssigt. Det afh\u00e6nger helt og holdent af egne behov. Mange virksomheder tr\u00e6ffer beslutningen ud fra, om de har behov for likviditet eller ej.<\/p>\n<p>&nbsp;<\/p>\n<p><strong>S\u00e5dan s\u00e6lger du en faktura<\/strong><\/p>\n<p>&nbsp;<\/p>\n<p>S\u00e5 langt, s\u00e5 godt &#8211; det var lidt viden om fakturak\u00f8b. Men hvordan kommer du s\u00e5 i gang med at s\u00e6lge en faktura?<\/p>\n<p>&nbsp;<\/p>\n<p>Du finder simpelthen en markedsplads eller et factoringsselskab og sender din faktura af sted. Hvis det er muligt at finde en k\u00f8ber, vil du hurtigt f\u00e5 en betaling, og det er egentlig bare det.<\/p>\n<p>&nbsp;<\/p>\n<p>Fakturaen skal selvf\u00f8lgelig godkendes, men det sker som regel ogs\u00e5 p\u00e5 kort tid. Det er alts\u00e5 ganske simpelt at komme i gang med fakturak\u00f8b og salg af ubetalte fakturaer.<\/p>\n\n\n<div style='display:none'>Adservice Comparison Feed: Could not find feed with ID \"dk0001\"<\/div>\n<script>console.log('Adservice Comparison Feed: Could not find feed with ID \"dk0001\"');<\/script>\n","protected":false},"excerpt":{"rendered":"<p>Fakturak\u00f8b er en l\u00f8sning, som mange virksomheder benytter sig af. Det giver is\u00e6r mening for virksomheder med store, men f\u00e5 fakturaer &#8211; her kan likviditeten nemlig v\u00e6re lav. Du kan &#8230;<\/p>\n","protected":false},"author":1,"featured_media":0,"parent":0,"menu_order":0,"comment_status":"closed","ping_status":"closed","template":"","meta":{"footnotes":""},"class_list":["post-148","page","type-page","status-publish","hentry"],"_links":{"self":[{"href":"https:\/\/firmalan.com\/dk\/wp-json\/wp\/v2\/pages\/148","targetHints":{"allow":["GET"]}}],"collection":[{"href":"https:\/\/firmalan.com\/dk\/wp-json\/wp\/v2\/pages"}],"about":[{"href":"https:\/\/firmalan.com\/dk\/wp-json\/wp\/v2\/types\/page"}],"author":[{"embeddable":true,"href":"https:\/\/firmalan.com\/dk\/wp-json\/wp\/v2\/users\/1"}],"replies":[{"embeddable":true,"href":"https:\/\/firmalan.com\/dk\/wp-json\/wp\/v2\/comments?post=148"}],"version-history":[{"count":2,"href":"https:\/\/firmalan.com\/dk\/wp-json\/wp\/v2\/pages\/148\/revisions"}],"predecessor-version":[{"id":242,"href":"https:\/\/firmalan.com\/dk\/wp-json\/wp\/v2\/pages\/148\/revisions\/242"}],"wp:attachment":[{"href":"https:\/\/firmalan.com\/dk\/wp-json\/wp\/v2\/media?parent=148"}],"curies":[{"name":"wp","href":"https:\/\/api.w.org\/{rel}","templated":true}]}}